{"id":742898,"date":"2025-08-28T01:23:05","date_gmt":"2025-08-27T22:23:05","guid":{"rendered":"https:\/\/roveyayinevi.com.tr\/index.php\/urun\/oncu-doktor-hipokrat\/"},"modified":"2026-04-16T02:53:57","modified_gmt":"2026-04-15T23:53:57","slug":"oncu-doktor-hipokrat","status":"publish","type":"product","link":"https:\/\/roveyayinevi.com.tr\/index.php\/urun\/oncu-doktor-hipokrat\/","title":{"rendered":"\u00d6nc\u00fc Doktor Hipokrat"},"content":{"rendered":"<p>Hipokrat t\u0131bb\u0131n, bir ba\u015fka deyi\u015fle, bizi sa\u011fl\u0131kl\u0131 tutmaya \u00e7al\u0131\u015fan, hastal\u0131klarla sava\u015fan ve rahats\u0131zlan\u0131rsak bizi iyile\u015ftiren bilimin babas\u0131d\u0131r. Hipokrat ya\u015fad\u0131\u011f\u0131 Antik Yunan\u2019da herkes taraf\u0131ndan, \u201cbilgeli\u011fi seven\u201d anlam\u0131na gelen \u201cfilozof\u201d olarak kabul edilmi\u015ftir. Bir\u00e7ok hastal\u0131k \u00fczerine \u00e7al\u0131\u015fm\u0131\u015f, tedaviler ve ila\u00e7lar geli\u015ftirmi\u015f, fakat her \u015feyin \u00f6tesinde, t\u0131bb\u0131 bat\u0131l inan\u0131\u015flar ve b\u00fcy\u00fclerden uzakla\u015ft\u0131r\u0131p bilime ve d\u00fcnyan\u0131n b\u00fct\u00fcn doktorlar\u0131n\u0131n par\u00e7as\u0131 oldu\u011fu bir mesle\u011fe d\u00f6n\u00fc\u015ft\u00fcrm\u00fc\u015ft\u00fcr.   Bu kitapta Hipokrat, \u00e7ocuklu\u011funu, yolculuklar\u0131n\u0131 ve ger\u00e7ek ile efsane aras\u0131nda gidip gelen ya\u015fam\u0131n\u0131 bizzat kendi a\u011fz\u0131ndan anlat\u0131yor. Kitab\u0131n sonundaki &#8220;Minik S\u00f6zl\u00fck&#8221; ise metinde kar\u015f\u0131la\u015f\u0131lan kavramlar\u0131n derinlemesine anla\u015f\u0131lmas\u0131na yard\u0131mc\u0131 olacak. <\/p>\n","protected":false},"excerpt":{"rendered":"<p>Hipokrat t\u0131bb\u0131n, bir ba\u015fka deyi\u015fle, bizi sa\u011fl\u0131kl\u0131 tutmaya \u00e7al\u0131\u015fan, hastal\u0131klarla sava\u015fan ve rahats\u0131zlan\u0131rsak bizi iyile\u015ftiren bilimin babas\u0131d\u0131r. Hipokrat ya\u015fad\u0131\u011f\u0131 Antik Yunan\u2019da herkes taraf\u0131ndan, \u201cbilgeli\u011fi seven\u201d anlam\u0131na<span class=\"excerpt-hellip\"> [\u2026]<\/span><\/p>\n","protected":false},"featured_media":0,"template":"","meta":{"_monsterinsights_skip_tracking":false,"_monsterinsights_sitenote_active":false,"_monsterinsights_sitenote_note":"","_monsterinsights_sitenote_category":0},"product_brand":[],"product_cat":[12689,12274],"product_tag":[],"class_list":{"0":"post-742898","1":"product","2":"type-product","3":"status-publish","5":"product_cat-cizgi-roman-cocuk-ve-genclik-kitaplari","6":"product_cat-cocuk-ve-genclik-kitaplari","7":"pa_cilt-ciltsiz","8":"pa_tur-kitap","9":"pa_yayinevi-can-cocuk-yayinlari","10":"pa_yazar-luca-novelli","12":"first","13":"instock","14":"sale","15":"shipping-taxable","16":"purchasable","17":"product-type-simple"},"_links":{"self":[{"href":"https:\/\/roveyayinevi.com.tr\/index.php\/wp-json\/wp\/v2\/product\/742898","targetHints":{"allow":["GET"]}}],"collection":[{"href":"https:\/\/roveyayinevi.com.tr\/index.php\/wp-json\/wp\/v2\/product"}],"about":[{"href":"https:\/\/roveyayinevi.com.tr\/index.php\/wp-json\/wp\/v2\/types\/product"}],"wp:attachment":[{"href":"https:\/\/roveyayinevi.com.tr\/index.php\/wp-json\/wp\/v2\/media?parent=742898"}],"wp:term":[{"taxonomy":"product_brand","embeddable":true,"href":"https:\/\/roveyayinevi.com.tr\/index.php\/wp-json\/wp\/v2\/product_brand?post=742898"},{"taxonomy":"product_cat","embeddable":true,"href":"https:\/\/roveyayinevi.com.tr\/index.php\/wp-json\/wp\/v2\/product_cat?post=742898"},{"taxonomy":"product_tag","embeddable":true,"href":"https:\/\/roveyayinevi.com.tr\/index.php\/wp-json\/wp\/v2\/product_tag?post=742898"}],"curies":[{"name":"wp","href":"https:\/\/api.w.org\/{rel}","templated":true}]}}