{"id":742895,"date":"2025-08-28T01:23:00","date_gmt":"2025-08-27T22:23:00","guid":{"rendered":"https:\/\/roveyayinevi.com.tr\/index.php\/urun\/emilia-galotti\/"},"modified":"2026-04-16T02:53:56","modified_gmt":"2026-04-15T23:53:56","slug":"emilia-galotti","status":"publish","type":"product","link":"https:\/\/roveyayinevi.com.tr\/index.php\/urun\/emilia-galotti\/","title":{"rendered":"Emilia Galotti"},"content":{"rendered":"<p>Emilia Galotti, Prens Gonzaga\u2019n\u0131n saplant\u0131l\u0131 arzusunun nesnesi haline geldi\u011finde, Kont Appiani\u2019yle evlenmek \u00fczeredir. Prens bu evlili\u011fe engel olmak i\u00e7in her yola ba\u015fvurmay\u0131 g\u00f6ze al\u0131nca Appiani\u2019ye d\u00fc\u011f\u00fcn yolunda pusu kurulur.   Alman edebiyat ve sanat ele\u015ftirmeni G.E. Lessing\u2019in ilk kez 1772\u2019de sahnelenen Emilia Galotti\u2019si, farkl\u0131 a\u015fk ve evlilik anlay\u0131\u015flar\u0131n\u0131 kar\u015f\u0131 kar\u015f\u0131ya getirmenin \u00f6tesinde, politik bir burjuva dram\u0131 olarak \u00f6ne \u00e7\u0131kar. Lessing\u2019in erdem ve ahlak\u0131 egemenlerin inisiyatifinden kurtard\u0131\u011f\u0131 oyun, toplumdaki adaletsizli\u011fin ve y\u00fckselen orta s\u0131n\u0131f\u0131n mutsuzlu\u011funun nedenini y\u00f6netenlerin keyf\u00ee iktidar\u0131na ba\u011flar. <\/p>\n","protected":false},"excerpt":{"rendered":"<p>Emilia Galotti, Prens Gonzaga\u2019n\u0131n saplant\u0131l\u0131 arzusunun nesnesi haline geldi\u011finde, Kont Appiani\u2019yle evlenmek \u00fczeredir. Prens bu evlili\u011fe engel olmak i\u00e7in her yola ba\u015fvurmay\u0131 g\u00f6ze al\u0131nca Appiani\u2019ye d\u00fc\u011f\u00fcn<span class=\"excerpt-hellip\"> [\u2026]<\/span><\/p>\n","protected":false},"featured_media":0,"template":"","meta":{"_monsterinsights_skip_tracking":false,"_monsterinsights_sitenote_active":false,"_monsterinsights_sitenote_note":"","_monsterinsights_sitenote_category":0},"product_brand":[],"product_cat":[12291,14272],"product_tag":[],"class_list":{"0":"post-742895","1":"product","2":"type-product","3":"status-publish","5":"product_cat-edebiyat","6":"product_cat-tiyatro","7":"pa_cilt-ciltsiz","8":"pa_tur-kitap","9":"pa_yayinevi-can-yayinlari","10":"pa_yazar-gotthold-ephraim-lessing","12":"first","13":"instock","14":"sale","15":"shipping-taxable","16":"purchasable","17":"product-type-simple"},"_links":{"self":[{"href":"https:\/\/roveyayinevi.com.tr\/index.php\/wp-json\/wp\/v2\/product\/742895","targetHints":{"allow":["GET"]}}],"collection":[{"href":"https:\/\/roveyayinevi.com.tr\/index.php\/wp-json\/wp\/v2\/product"}],"about":[{"href":"https:\/\/roveyayinevi.com.tr\/index.php\/wp-json\/wp\/v2\/types\/product"}],"wp:attachment":[{"href":"https:\/\/roveyayinevi.com.tr\/index.php\/wp-json\/wp\/v2\/media?parent=742895"}],"wp:term":[{"taxonomy":"product_brand","embeddable":true,"href":"https:\/\/roveyayinevi.com.tr\/index.php\/wp-json\/wp\/v2\/product_brand?post=742895"},{"taxonomy":"product_cat","embeddable":true,"href":"https:\/\/roveyayinevi.com.tr\/index.php\/wp-json\/wp\/v2\/product_cat?post=742895"},{"taxonomy":"product_tag","embeddable":true,"href":"https:\/\/roveyayinevi.com.tr\/index.php\/wp-json\/wp\/v2\/product_tag?post=742895"}],"curies":[{"name":"wp","href":"https:\/\/api.w.org\/{rel}","templated":true}]}}