{"id":742893,"date":"2025-08-28T01:22:57","date_gmt":"2025-08-27T22:22:57","guid":{"rendered":"https:\/\/roveyayinevi.com.tr\/index.php\/urun\/kentte-son-yaz\/"},"modified":"2026-04-16T02:53:56","modified_gmt":"2026-04-15T23:53:56","slug":"kentte-son-yaz","status":"publish","type":"product","link":"https:\/\/roveyayinevi.com.tr\/index.php\/urun\/kentte-son-yaz\/","title":{"rendered":"Kentte Son Yaz"},"content":{"rendered":"<p>Gianfranco Calligarich\u2019in 1973\u2019te yay\u0131mlad\u0131\u011f\u0131 ve k\u0131sa s\u00fcrede k\u00fcltle\u015fen s\u00fcr\u00fckleyici roman\u0131, okurlar\u0131n\u0131 1960\u2019lar\u0131n sonlar\u0131na, Federico Fellini\u2019nin Tatl\u0131 Hayat\u2019\u0131n\u0131 an\u0131\u015ft\u0131ran, adeta bir karakter gibi \u00f6ne \u00e7\u0131kan bir Roma\u2019ya g\u00f6t\u00fcr\u00fcyor. Kentte Son Yaz, antikahraman Leo Gazzarra\u2019n\u0131n usta bir kara mizahla kurgulanm\u0131\u015f hik\u00e2yesini anlat\u0131yor. Leo, Milano\u2019dan Roma\u2019ya ta\u015f\u0131nm\u0131\u015ft\u0131r. Otuzlar\u0131n\u0131n ba\u015f\u0131nda, aylak, toplumun birey i\u00e7in \u00f6ng\u00f6rd\u00fc\u011f\u00fc d\u00fczenli ve kurumsal ya\u015fam bi\u00e7imlerini reddeden bir karakter, bir t\u00fcr \u201ctutunamayan\u201dd\u0131r. Arada s\u0131rada edebiyat dergilerine yaz\u0131lar yazarak ve Corriere dello Sport gazetesinde transkripsiyon yaparak \u00fc\u00e7-be\u015f kuru\u015f kazan\u0131r ancak t\u00fcm meteliksizli\u011fine ra\u011fmen kentin kaymak tabakas\u0131yla, yazar \u00e7izerlerle, sanat\u00e7\u0131larla ayn\u0131 ortamlarda bulunup tatl\u0131 hayat\u0131 da ya\u015far. Bir partide tan\u0131\u015f\u0131p \u00e2\u015f\u0131k oldu\u011fu Arianna\u2019yla birlikte, canl\u0131l\u0131\u011f\u0131n\u0131 g\u00fcn\u00fcn yirmi d\u00f6rt saati koruyan Roma\u2019n\u0131n sokaklar\u0131n\u0131, barlar\u0131n\u0131, g\u00f6zde bulu\u015fma mek\u00e2nlar\u0131n\u0131, plajlar\u0131n\u0131 gezer, bolca i\u00e7er, arada bir i\u00e7kiyi b\u0131rak\u0131r, sonra yeniden ba\u015flar. Ne var ki Leo t\u00fcm bu canl\u0131l\u0131\u011f\u0131n ortas\u0131nda i\u00e7indeki bo\u015flu\u011fu doldurmakta zorlan\u0131r. <\/p>\n","protected":false},"excerpt":{"rendered":"<p>Gianfranco Calligarich\u2019in 1973\u2019te yay\u0131mlad\u0131\u011f\u0131 ve k\u0131sa s\u00fcrede k\u00fcltle\u015fen s\u00fcr\u00fckleyici roman\u0131, okurlar\u0131n\u0131 1960\u2019lar\u0131n sonlar\u0131na, Federico Fellini\u2019nin Tatl\u0131 Hayat\u2019\u0131n\u0131 an\u0131\u015ft\u0131ran, adeta bir karakter gibi \u00f6ne \u00e7\u0131kan bir Roma\u2019ya<span class=\"excerpt-hellip\"> [\u2026]<\/span><\/p>\n","protected":false},"featured_media":0,"template":"","meta":{"_monsterinsights_skip_tracking":false,"_monsterinsights_sitenote_active":false,"_monsterinsights_sitenote_note":"","_monsterinsights_sitenote_category":0},"product_brand":[],"product_cat":[12291,12711],"product_tag":[],"class_list":{"0":"post-742893","1":"product","2":"type-product","3":"status-publish","5":"product_cat-edebiyat","6":"product_cat-roman-oyku","7":"pa_cilt-ciltsiz","8":"pa_tur-kitap","9":"pa_yayinevi-can-yayinlari","10":"pa_yazar-gianfranco-calligarich","12":"first","13":"instock","14":"sale","15":"shipping-taxable","16":"purchasable","17":"product-type-simple"},"_links":{"self":[{"href":"https:\/\/roveyayinevi.com.tr\/index.php\/wp-json\/wp\/v2\/product\/742893","targetHints":{"allow":["GET"]}}],"collection":[{"href":"https:\/\/roveyayinevi.com.tr\/index.php\/wp-json\/wp\/v2\/product"}],"about":[{"href":"https:\/\/roveyayinevi.com.tr\/index.php\/wp-json\/wp\/v2\/types\/product"}],"wp:attachment":[{"href":"https:\/\/roveyayinevi.com.tr\/index.php\/wp-json\/wp\/v2\/media?parent=742893"}],"wp:term":[{"taxonomy":"product_brand","embeddable":true,"href":"https:\/\/roveyayinevi.com.tr\/index.php\/wp-json\/wp\/v2\/product_brand?post=742893"},{"taxonomy":"product_cat","embeddable":true,"href":"https:\/\/roveyayinevi.com.tr\/index.php\/wp-json\/wp\/v2\/product_cat?post=742893"},{"taxonomy":"product_tag","embeddable":true,"href":"https:\/\/roveyayinevi.com.tr\/index.php\/wp-json\/wp\/v2\/product_tag?post=742893"}],"curies":[{"name":"wp","href":"https:\/\/api.w.org\/{rel}","templated":true}]}}