{"id":742891,"date":"2025-08-28T01:22:54","date_gmt":"2025-08-27T22:22:54","guid":{"rendered":"https:\/\/roveyayinevi.com.tr\/index.php\/urun\/uzaktan-sevmeler-ustasi\/"},"modified":"2026-04-16T02:53:56","modified_gmt":"2026-04-15T23:53:56","slug":"uzaktan-sevmeler-ustasi","status":"publish","type":"product","link":"https:\/\/roveyayinevi.com.tr\/index.php\/urun\/uzaktan-sevmeler-ustasi\/","title":{"rendered":"Uzaktan Sevmeler Ustas\u0131"},"content":{"rendered":"<p>Sohbetin sessizli\u011fe b\u00fcr\u00fcnd\u00fc\u011f\u00fc bir anda, kendiyle konu\u015fur gibi sordu gen\u00e7 adam: \u201cSen elmay\u0131 seviyorsun diye elman\u0131n da seni sevmesi \u015fart m\u0131?\u201d Sonra devam etti i\u00e7 \u00e7ekerek. \u201cEvet, \u015fart.\u201d Cevap ba\u015ftan belliymi\u015f gibi ayn\u0131 ritimde akm\u0131\u015ft\u0131, soruyla. Bitmek \u00fczere olan ili\u015fkisine dem vuruyordu belli ki. Belki de yeni bir ili\u015fkinin sinyallerini yak\u0131yordu kendince, kim bilir?   Dayanamad\u0131m, b\u00fct\u00fcn i\u015fg\u00fczarl\u0131\u011f\u0131mla atlad\u0131m lafa. \u201cHay\u0131r \u015fart de\u011fil!\u201d Kar\u015f\u0131l\u0131ks\u0131z sevmenin erdemine ula\u015fm\u0131\u015f birinin edas\u0131yla, \u00f6yle emin \u00f6yle bilmi\u015f bir tav\u0131rla s\u00f6ylemi\u015ftim ki sen misin bunu s\u00f6yleyen. Birden trampetler \u00e7ald\u0131, g\u00f6k perde araland\u0131. Parlak bir \u0131\u015f\u0131k g\u00f6zlerimi kama\u015ft\u0131rd\u0131. Eros, okunu \u00f6yle bir h\u0131\u015f\u0131mla saplad\u0131 ki kalbime, \u201c\u0130\u015fte sana f\u0131rsat, \u015fart m\u0131ym\u0131\u015f de\u011fil miymi\u015f g\u00f6ster bakal\u0131m.\u201d der gibi\u2026   Evet, bu bir a\u015fk hik\u00e2yesi, \u015fiirlerle bezenmi\u015f, kelimelerle s\u00fcslenmi\u015f. Her \u015fiir k\u0131sa bir \u00f6yk\u00fc asl\u0131nda, i\u00e7inde s\u0131rlar bar\u0131nd\u0131ran.   Ve sen sevgili okur, y\u00fcre\u011fimden kopup gelen duygular\u0131m\u0131n, kelimelerle dans\u0131n\u0131 izlerken, kendine \u015fu soruyu sorabilirsin: \u201cBen bu hik\u00e2yenin neresindeyim, hangi m\u0131sras\u0131nda gizleniyorum?\u201d   A\u015fkla\u2026 <\/p>\n","protected":false},"excerpt":{"rendered":"<p>Sohbetin sessizli\u011fe b\u00fcr\u00fcnd\u00fc\u011f\u00fc bir anda, kendiyle konu\u015fur gibi sordu gen\u00e7 adam: \u201cSen elmay\u0131 seviyorsun diye elman\u0131n da seni sevmesi \u015fart m\u0131?\u201d Sonra devam etti i\u00e7 \u00e7ekerek.<span class=\"excerpt-hellip\"> [\u2026]<\/span><\/p>\n","protected":false},"featured_media":0,"template":"","meta":{"_monsterinsights_skip_tracking":false,"_monsterinsights_sitenote_active":false,"_monsterinsights_sitenote_note":"","_monsterinsights_sitenote_category":0},"product_brand":[],"product_cat":[12291,12509],"product_tag":[],"class_list":{"0":"post-742891","1":"product","2":"type-product","3":"status-publish","5":"product_cat-edebiyat","6":"product_cat-siir","7":"pa_cilt-ciltsiz","8":"pa_tur-kitap","9":"pa_yayinevi-ayrikotu-yayinlari","10":"pa_yazar-esme-saritas","12":"first","13":"instock","14":"sale","15":"shipping-taxable","16":"purchasable","17":"product-type-simple"},"_links":{"self":[{"href":"https:\/\/roveyayinevi.com.tr\/index.php\/wp-json\/wp\/v2\/product\/742891","targetHints":{"allow":["GET"]}}],"collection":[{"href":"https:\/\/roveyayinevi.com.tr\/index.php\/wp-json\/wp\/v2\/product"}],"about":[{"href":"https:\/\/roveyayinevi.com.tr\/index.php\/wp-json\/wp\/v2\/types\/product"}],"wp:attachment":[{"href":"https:\/\/roveyayinevi.com.tr\/index.php\/wp-json\/wp\/v2\/media?parent=742891"}],"wp:term":[{"taxonomy":"product_brand","embeddable":true,"href":"https:\/\/roveyayinevi.com.tr\/index.php\/wp-json\/wp\/v2\/product_brand?post=742891"},{"taxonomy":"product_cat","embeddable":true,"href":"https:\/\/roveyayinevi.com.tr\/index.php\/wp-json\/wp\/v2\/product_cat?post=742891"},{"taxonomy":"product_tag","embeddable":true,"href":"https:\/\/roveyayinevi.com.tr\/index.php\/wp-json\/wp\/v2\/product_tag?post=742891"}],"curies":[{"name":"wp","href":"https:\/\/api.w.org\/{rel}","templated":true}]}}