{"id":742888,"date":"2025-08-28T01:22:51","date_gmt":"2025-08-27T22:22:51","guid":{"rendered":"https:\/\/roveyayinevi.com.tr\/index.php\/urun\/ve-allah-kalpleri-dondurur\/"},"modified":"2026-04-16T02:53:56","modified_gmt":"2026-04-15T23:53:56","slug":"ve-allah-kalpleri-dondurur","status":"publish","type":"product","link":"https:\/\/roveyayinevi.com.tr\/index.php\/urun\/ve-allah-kalpleri-dondurur\/","title":{"rendered":"ve Allah Kalpleri D\u00f6nd\u00fcr\u00fcr"},"content":{"rendered":"<p>\u201cMuhte\u015fem! Allah\u2019\u0131n varl\u0131\u011f\u0131n\u0131n beklenmedik tezah\u00fcrleriyle ilgili kadim ve modern tecr\u00fcbeleri mezceden bu eser, bize ihtida hik\u00e2yelerine dair benzersiz bir antoloji sunuyor ve \u0130slam inanc\u0131n\u0131n h\u00e2l\u00e2 s\u00fcregiden manevi g\u00fcc\u00fcn\u00fc bizlere hat\u0131rlat\u0131yor.\u201d  Abdulhakim Murad (Timothy Winter)  \u201c\u0130\u00e7inizi \u0131s\u0131tan bir kitap\u2026 Gen\u00e7 M\u00fcsl\u00fcmanlar ve m\u00fchtediler, g\u00fcn\u00fcm\u00fczde zaman zaman \u015f\u00fcpheye d\u00fc\u015febiliyorlar ve Sugich\u2019in bu kitab\u0131nda yaz\u0131lanlara ihtiya\u00e7 duyduklar\u0131 muhakkak. Bu eser, pek \u00e7ok ki\u015finin anlat\u0131s\u0131ndan olu\u015fuyor ve kendi manevi hik\u00e2yesi \u00e7ok hususi olan birinin kaleminden \u00e7\u0131kt\u0131\u011f\u0131 i\u00e7in de ayr\u0131ca k\u0131ymetli. Kitab\u0131 okurken insan\u0131n yaln\u0131z olmad\u0131\u011f\u0131n\u0131 fark etmesi, \u00e7ok b\u00fcy\u00fck bir rahatlama.\u201d Yusuf \u0130slam (Cat Stevens) \u201cHayattaki konumumuz ne olursa olsun, Allah\u2019\u0131n rahmetinin her birimizi her zaman kapsad\u0131\u011f\u0131n\u0131 bize hat\u0131rlatmak i\u00e7in yaz\u0131lm\u0131\u015f bir eser. Bu kitap, okurda Allah\u2019a ve onun merhametine y\u00f6nelme iste\u011fi uyand\u0131r\u0131yor. Bu kitab\u0131 \u00e7ok seviyorum.\u201d Sami Yusuf T\u00f6vbe, ya\u015fad\u0131\u011f\u0131m\u0131z her an\u0131 yenileyen, durmaks\u0131z\u0131n devam eden, \u015fefkatli bir ger\u00e7ekliktir. Nefsi terbiye, kalbi tezkiye etmek i\u00e7in \u00e7\u0131k\u0131lan yol, esas\u0131nda s\u00fcrekli t\u00f6vbe etmeyi i\u00e7erir. Bu eserde Michael Sugich, h\u00fcz\u00fcnl\u00fc ve e\u011flenceli, y\u00fcrek par\u00e7alay\u0131c\u0131 ve tuhaf, s\u00fcfli ve uhrevi, ama daima umut dolu hik\u00e2yeler anlat\u0131yor bize. D\u00fcnyan\u0131n d\u00f6rt bir yan\u0131ndan insanlar\u0131n hayat\u0131n\u0131n nas\u0131l tersy\u00fcz oldu\u011funu ve En Y\u00fcce\u2019ye giden yola nas\u0131l d\u00f6nd\u00fcklerini g\u00f6steriyor. <\/p>\n","protected":false},"excerpt":{"rendered":"<p>\u201cMuhte\u015fem! Allah\u2019\u0131n varl\u0131\u011f\u0131n\u0131n beklenmedik tezah\u00fcrleriyle ilgili kadim ve modern tecr\u00fcbeleri mezceden bu eser, bize ihtida hik\u00e2yelerine dair benzersiz bir antoloji sunuyor ve \u0130slam inanc\u0131n\u0131n h\u00e2l\u00e2 s\u00fcregiden<span class=\"excerpt-hellip\"> [\u2026]<\/span><\/p>\n","protected":false},"featured_media":0,"template":"","meta":{"_monsterinsights_skip_tracking":false,"_monsterinsights_sitenote_active":false,"_monsterinsights_sitenote_note":"","_monsterinsights_sitenote_category":0},"product_brand":[],"product_cat":[12718,12719],"product_tag":[],"class_list":{"0":"post-742888","1":"product","2":"type-product","3":"status-publish","5":"product_cat-din","6":"product_cat-islam","7":"pa_cilt-ciltsiz","8":"pa_tur-kitap","9":"pa_yayinevi-ketebe-yayinlari","10":"pa_yazar-michael-sugich","12":"first","13":"instock","14":"sale","15":"shipping-taxable","16":"purchasable","17":"product-type-simple"},"_links":{"self":[{"href":"https:\/\/roveyayinevi.com.tr\/index.php\/wp-json\/wp\/v2\/product\/742888","targetHints":{"allow":["GET"]}}],"collection":[{"href":"https:\/\/roveyayinevi.com.tr\/index.php\/wp-json\/wp\/v2\/product"}],"about":[{"href":"https:\/\/roveyayinevi.com.tr\/index.php\/wp-json\/wp\/v2\/types\/product"}],"wp:attachment":[{"href":"https:\/\/roveyayinevi.com.tr\/index.php\/wp-json\/wp\/v2\/media?parent=742888"}],"wp:term":[{"taxonomy":"product_brand","embeddable":true,"href":"https:\/\/roveyayinevi.com.tr\/index.php\/wp-json\/wp\/v2\/product_brand?post=742888"},{"taxonomy":"product_cat","embeddable":true,"href":"https:\/\/roveyayinevi.com.tr\/index.php\/wp-json\/wp\/v2\/product_cat?post=742888"},{"taxonomy":"product_tag","embeddable":true,"href":"https:\/\/roveyayinevi.com.tr\/index.php\/wp-json\/wp\/v2\/product_tag?post=742888"}],"curies":[{"name":"wp","href":"https:\/\/api.w.org\/{rel}","templated":true}]}}