{"id":742887,"date":"2025-08-28T01:22:50","date_gmt":"2025-08-27T22:22:50","guid":{"rendered":"https:\/\/roveyayinevi.com.tr\/index.php\/urun\/uc-isim-dort-mevsim\/"},"modified":"2026-04-16T02:53:56","modified_gmt":"2026-04-15T23:53:56","slug":"uc-isim-dort-mevsim","status":"publish","type":"product","link":"https:\/\/roveyayinevi.com.tr\/index.php\/urun\/uc-isim-dort-mevsim\/","title":{"rendered":"\u00dc\u00e7 \u0130sim D\u00f6rt Mevsim"},"content":{"rendered":"<p>Ahmet Hamdi Tanp\u0131nar, Mehmet Kaplan ve Orhan Okay\u2026 Tu\u0308rk Edebiyat\u0131n\u0131n u\u0308\u00e7 bu\u0308yu\u0308k ismi, birbirini takip eden u\u0308\u00e7 bu\u0308yu\u0308k hoca\u2026 Bu u\u0308\u00e7 hocan\u0131n gelene\u011finin takip\u00e7isi ve Orhan Okay\u2019\u0131n bizzat \u00f6\u011frencisi olan Necmettin Turinay \u00dc\u00e7 \u0130sim D\u00f6rt Mevsim adl\u0131 eserinde, Tu\u0308rk Edebiyat\u0131n\u0131n u\u0308\u00e7 b\u00fcy\u00fck de\u011ferinin eserlerini, \u00e7al\u0131\u015fmalar\u0131n\u0131, d\u00fc\u015f\u00fcncelerini ve birbirleri ile ili\u015fkisini inceliyor. Tanp\u0131nar, Kaplan ve Okay\u2019\u0131n T\u00fcrk Edebiyat\u0131na ve T\u00fcrk Edebiyat\u0131 ara\u015ft\u0131rmalar\u0131na katk\u0131lar\u0131n\u0131, d\u00fc\u015f\u00fcnce ve sanat anlay\u0131\u015flar\u0131n\u0131, fikirlerinin ve eserlerinin geli\u015fim s\u00fcre\u00e7lerini nesnel ve ele\u015ftirel bir \u00fcslup ile kaleme alan Necmettin Turinay, \u00e7al\u0131\u015fmas\u0131yla bu \u00fc\u00e7 isme dair yeni bir portre \u00e7iziyor. <\/p>\n","protected":false},"excerpt":{"rendered":"<p>Ahmet Hamdi Tanp\u0131nar, Mehmet Kaplan ve Orhan Okay\u2026 Tu\u0308rk Edebiyat\u0131n\u0131n u\u0308\u00e7 bu\u0308yu\u0308k ismi, birbirini takip eden u\u0308\u00e7 bu\u0308yu\u0308k hoca\u2026 Bu u\u0308\u00e7 hocan\u0131n gelene\u011finin takip\u00e7isi ve Orhan<span class=\"excerpt-hellip\"> [\u2026]<\/span><\/p>\n","protected":false},"featured_media":0,"template":"","meta":{"_monsterinsights_skip_tracking":false,"_monsterinsights_sitenote_active":false,"_monsterinsights_sitenote_note":"","_monsterinsights_sitenote_category":0},"product_brand":[],"product_cat":[13072,12291],"product_tag":[],"class_list":{"0":"post-742887","1":"product","2":"type-product","3":"status-publish","5":"product_cat-arastirma-inceleme-referans","6":"product_cat-edebiyat","7":"pa_cilt-ciltsiz","8":"pa_tur-kitap","9":"pa_yayinevi-ketebe-yayinlari","10":"pa_yazar-necmettin-turinay","12":"first","13":"instock","14":"sale","15":"shipping-taxable","16":"purchasable","17":"product-type-simple"},"_links":{"self":[{"href":"https:\/\/roveyayinevi.com.tr\/index.php\/wp-json\/wp\/v2\/product\/742887","targetHints":{"allow":["GET"]}}],"collection":[{"href":"https:\/\/roveyayinevi.com.tr\/index.php\/wp-json\/wp\/v2\/product"}],"about":[{"href":"https:\/\/roveyayinevi.com.tr\/index.php\/wp-json\/wp\/v2\/types\/product"}],"wp:attachment":[{"href":"https:\/\/roveyayinevi.com.tr\/index.php\/wp-json\/wp\/v2\/media?parent=742887"}],"wp:term":[{"taxonomy":"product_brand","embeddable":true,"href":"https:\/\/roveyayinevi.com.tr\/index.php\/wp-json\/wp\/v2\/product_brand?post=742887"},{"taxonomy":"product_cat","embeddable":true,"href":"https:\/\/roveyayinevi.com.tr\/index.php\/wp-json\/wp\/v2\/product_cat?post=742887"},{"taxonomy":"product_tag","embeddable":true,"href":"https:\/\/roveyayinevi.com.tr\/index.php\/wp-json\/wp\/v2\/product_tag?post=742887"}],"curies":[{"name":"wp","href":"https:\/\/api.w.org\/{rel}","templated":true}]}}