{"id":742886,"date":"2025-08-28T01:22:49","date_gmt":"2025-08-27T22:22:49","guid":{"rendered":"https:\/\/roveyayinevi.com.tr\/index.php\/urun\/tarih-icinde-tarafsizlik\/"},"modified":"2026-04-16T02:53:56","modified_gmt":"2026-04-15T23:53:56","slug":"tarih-icinde-tarafsizlik","status":"publish","type":"product","link":"https:\/\/roveyayinevi.com.tr\/index.php\/urun\/tarih-icinde-tarafsizlik\/","title":{"rendered":"Tarih \u0130\u00e7inde Tarafs\u0131zl\u0131k"},"content":{"rendered":"<p>Tarafs\u0131zl\u0131k nedir? Ger\u00e7ekten tarafs\u0131z olmak m\u00fcmk\u00fcn m\u00fcd\u00fcr? Tarafs\u0131zl\u0131k, d\u00fcnya tarihini nas\u0131l \u015fekillendirmi\u015ftir? Tarih \u0130\u00e7inde Tarafs\u0131zl\u0131k, t\u00fcm bu sorulara yan\u0131t ararken, k\u00fcresel tarihimizdeki be\u015f y\u00fcz y\u0131ll\u0131k tarafs\u0131zl\u0131\u011f\u0131n etkileyici ve ikna edici bir sentezini ortaya koyuyor. Leos M\u00fcller tarafs\u0131zl\u0131k ilkesi \u00fczerine d\u00fc\u015f\u00fcn\u00fcrken; \u0130svi\u00e7re, Bel\u00e7ika, \u0130sve\u00e7 gibi baz\u0131 tarafs\u0131z devletlerin, serbest ticaret paradigmas\u0131n\u0131n uygulanmas\u0131ndan, ulusal yasalar\u0131n ve h\u00fcmaniteryenizmin \u015fekillenmesine, pek \u00e7ok alanda etkin tarihsel roller \u00fcstlendiklerini savunuyor. Dahas\u0131 bu devletlerin kilit konumdaki finans ve ticaret merkezleri olarak da b\u00fcy\u00fck bir \u00f6nem ta\u015f\u0131d\u0131klar\u0131n\u0131 g\u00f6zler \u00f6n\u00fcne seriyor. B\u00fcy\u00fck imparatorluklar ve k\u00fcresel g\u00fc\u00e7lerin, uluslararas\u0131 ili\u015fkileri ve politikalar\u0131 merkezine alan yayg\u0131n tarih anlat\u0131lar\u0131na ilgi \u00e7ekici bir alternatif sunan Tarih \u0130\u00e7inde Tarafs\u0131zl\u0131k, ayn\u0131 zamanda tart\u0131\u015fmas\u0131n\u0131 daha g\u00fcncel bir alana ta\u015f\u0131yarak, bug\u00fcn tan\u0131k oldu\u011fumuz siyasi ve askeri gerilimlere ili\u015fkin kapsay\u0131c\u0131 bir bak\u0131\u015f a\u00e7\u0131s\u0131 edinmemize de imk\u00e2n tan\u0131yor. K\u00fcresel g\u00fc\u00e7 kutuplar\u0131n\u0131n yeniden tan\u0131mland\u0131\u011f\u0131 bug\u00fcnlerde Tarih \u0130\u00e7inde Tarafs\u0131zl\u0131k, d\u00fcnyan\u0131n bir kez daha \u015fekillenen tablosuna derinlikli bir bak\u0131\u015f atmak ve tarafs\u0131zl\u0131\u011f\u0131n ge\u00e7mi\u015fte oldu\u011fu gibi gelecekte de tarihe nas\u0131l y\u00f6n verece\u011fini g\u00f6rmek isteyenler i\u00e7in s\u0131rad\u0131\u015f\u0131 bir \u00e7al\u0131\u015fma. <\/p>\n","protected":false},"excerpt":{"rendered":"<p>Tarafs\u0131zl\u0131k nedir? Ger\u00e7ekten tarafs\u0131z olmak m\u00fcmk\u00fcn m\u00fcd\u00fcr? Tarafs\u0131zl\u0131k, d\u00fcnya tarihini nas\u0131l \u015fekillendirmi\u015ftir? Tarih \u0130\u00e7inde Tarafs\u0131zl\u0131k, t\u00fcm bu sorulara yan\u0131t ararken, k\u00fcresel tarihimizdeki be\u015f y\u00fcz y\u0131ll\u0131k tarafs\u0131zl\u0131\u011f\u0131n<span class=\"excerpt-hellip\"> [\u2026]<\/span><\/p>\n","protected":false},"featured_media":0,"template":"","meta":{"_monsterinsights_skip_tracking":false,"_monsterinsights_sitenote_active":false,"_monsterinsights_sitenote_note":"","_monsterinsights_sitenote_category":0},"product_brand":[],"product_cat":[12312,12304],"product_tag":[],"class_list":{"0":"post-742886","1":"product","2":"type-product","3":"status-publish","5":"product_cat-diger","6":"product_cat-tarih","7":"pa_cilt-ciltsiz","8":"pa_tur-kitap","9":"pa_yayinevi-ketebe-yayinlari","10":"pa_yazar-leos-muller","12":"first","13":"instock","14":"sale","15":"shipping-taxable","16":"purchasable","17":"product-type-simple"},"_links":{"self":[{"href":"https:\/\/roveyayinevi.com.tr\/index.php\/wp-json\/wp\/v2\/product\/742886","targetHints":{"allow":["GET"]}}],"collection":[{"href":"https:\/\/roveyayinevi.com.tr\/index.php\/wp-json\/wp\/v2\/product"}],"about":[{"href":"https:\/\/roveyayinevi.com.tr\/index.php\/wp-json\/wp\/v2\/types\/product"}],"wp:attachment":[{"href":"https:\/\/roveyayinevi.com.tr\/index.php\/wp-json\/wp\/v2\/media?parent=742886"}],"wp:term":[{"taxonomy":"product_brand","embeddable":true,"href":"https:\/\/roveyayinevi.com.tr\/index.php\/wp-json\/wp\/v2\/product_brand?post=742886"},{"taxonomy":"product_cat","embeddable":true,"href":"https:\/\/roveyayinevi.com.tr\/index.php\/wp-json\/wp\/v2\/product_cat?post=742886"},{"taxonomy":"product_tag","embeddable":true,"href":"https:\/\/roveyayinevi.com.tr\/index.php\/wp-json\/wp\/v2\/product_tag?post=742886"}],"curies":[{"name":"wp","href":"https:\/\/api.w.org\/{rel}","templated":true}]}}