{"id":742883,"date":"2025-08-28T01:22:45","date_gmt":"2025-08-27T22:22:45","guid":{"rendered":"https:\/\/roveyayinevi.com.tr\/index.php\/urun\/sezai-karakocun-kavram-haritasi\/"},"modified":"2026-04-16T02:53:56","modified_gmt":"2026-04-15T23:53:56","slug":"sezai-karakocun-kavram-haritasi","status":"publish","type":"product","link":"https:\/\/roveyayinevi.com.tr\/index.php\/urun\/sezai-karakocun-kavram-haritasi\/","title":{"rendered":"Sezai Karako\u00e7&#8217;un Kavram Haritas\u0131"},"content":{"rendered":"<p>\u201cDirili\u015f, \u2018Hakikat Medeniyeti\u2019 kavram\u0131ndan hareketle \u00e7a\u011f\u0131m\u0131z insan\u0131n\u0131n kendine \u00f6zg\u00fc bir medeniyet in\u015f\u00e2 edebilece\u011fi iddias\u0131 ta\u015f\u0131yan bir d\u00fc\u015f\u00fcnsel \u00fcretimdir. Bu tezin ad\u0131 Dirili\u015f\u2019tir.\u201d Dirili\u015fin Yap\u0131ta\u015flar\u0131 Do\u011fu ve Bat\u0131, felsefe, sosyal hayat, din, metafizik, edebiyat ve sanat gibi temel kavramlar\u0131n Sezai Karako\u00e7\u2019un d\u00fc\u015f\u00fcnce ufkunda nas\u0131l kar\u015f\u0131l\u0131k buldu\u011funu, onun medeniyet tasavvuru hususundaki g\u00f6r\u00fc\u015flerini, muhayyilesinin vard\u0131\u011f\u0131 u\u00e7 noktalar\u0131 g\u00f6rmek i\u00e7in bir kaynak eser olma niteli\u011fi ta\u015f\u0131yor. M\u00fcnire Kevser Ba\u015f\u2019\u0131n a\u011f\u0131rl\u0131kl\u0131 olarak Karako\u00e7\u2019un \u201cDirili\u015f\u201d d\u00fc\u015f\u00fcnce sistemi \u00fczerine yapt\u0131\u011f\u0131 bu \u00e7al\u0131\u015fma, Dirili\u015f d\u00fc\u015f\u00fcncesinin g\u00fcn\u00fcm\u00fczde gerekti\u011fi bi\u00e7imde anla\u015f\u0131lmas\u0131 ve bug\u00fcn\u00fcn insan\u0131n\u0131n medeniyet in\u015f\u00e2s\u0131 s\u00fcrecinde Karako\u00e7\u2019un i\u015faret etti\u011fi ad\u0131mlar\u0131n takibi i\u00e7in kapsaml\u0131 bir rehber eser. <\/p>\n","protected":false},"excerpt":{"rendered":"<p>\u201cDirili\u015f, \u2018Hakikat Medeniyeti\u2019 kavram\u0131ndan hareketle \u00e7a\u011f\u0131m\u0131z insan\u0131n\u0131n kendine \u00f6zg\u00fc bir medeniyet in\u015f\u00e2 edebilece\u011fi iddias\u0131 ta\u015f\u0131yan bir d\u00fc\u015f\u00fcnsel \u00fcretimdir. Bu tezin ad\u0131 Dirili\u015f\u2019tir.\u201d Dirili\u015fin Yap\u0131ta\u015flar\u0131 Do\u011fu ve<span class=\"excerpt-hellip\"> [\u2026]<\/span><\/p>\n","protected":false},"featured_media":0,"template":"","meta":{"_monsterinsights_skip_tracking":false,"_monsterinsights_sitenote_active":false,"_monsterinsights_sitenote_note":"","_monsterinsights_sitenote_category":0},"product_brand":[],"product_cat":[13072,12291],"product_tag":[],"class_list":{"0":"post-742883","1":"product","2":"type-product","3":"status-publish","5":"product_cat-arastirma-inceleme-referans","6":"product_cat-edebiyat","7":"pa_cilt-ciltsiz","8":"pa_tur-kitap","9":"pa_yayinevi-ketebe-yayinlari","10":"pa_yazar-munire-kevser-bas","12":"first","13":"instock","14":"sale","15":"shipping-taxable","16":"purchasable","17":"product-type-simple"},"_links":{"self":[{"href":"https:\/\/roveyayinevi.com.tr\/index.php\/wp-json\/wp\/v2\/product\/742883","targetHints":{"allow":["GET"]}}],"collection":[{"href":"https:\/\/roveyayinevi.com.tr\/index.php\/wp-json\/wp\/v2\/product"}],"about":[{"href":"https:\/\/roveyayinevi.com.tr\/index.php\/wp-json\/wp\/v2\/types\/product"}],"wp:attachment":[{"href":"https:\/\/roveyayinevi.com.tr\/index.php\/wp-json\/wp\/v2\/media?parent=742883"}],"wp:term":[{"taxonomy":"product_brand","embeddable":true,"href":"https:\/\/roveyayinevi.com.tr\/index.php\/wp-json\/wp\/v2\/product_brand?post=742883"},{"taxonomy":"product_cat","embeddable":true,"href":"https:\/\/roveyayinevi.com.tr\/index.php\/wp-json\/wp\/v2\/product_cat?post=742883"},{"taxonomy":"product_tag","embeddable":true,"href":"https:\/\/roveyayinevi.com.tr\/index.php\/wp-json\/wp\/v2\/product_tag?post=742883"}],"curies":[{"name":"wp","href":"https:\/\/api.w.org\/{rel}","templated":true}]}}