{"id":742882,"date":"2025-08-28T01:22:43","date_gmt":"2025-08-27T22:22:43","guid":{"rendered":"https:\/\/roveyayinevi.com.tr\/index.php\/urun\/secilmis-siirler\/"},"modified":"2026-04-16T02:53:56","modified_gmt":"2026-04-15T23:53:56","slug":"secilmis-siirler","status":"publish","type":"product","link":"https:\/\/roveyayinevi.com.tr\/index.php\/urun\/secilmis-siirler\/","title":{"rendered":"Se\u00e7ilmi\u015f \u015eiirler"},"content":{"rendered":"<p>\u201cD\u00fcnya edebiyat\u0131nda bir Rimbaud efsanesi vard\u0131r ki bir \u00f6rne\u011fi daha yok gibidir. Bu efsane \u00e7ocuk denecek bir ya\u015fta \u015fiiri b\u0131rakt\u0131\u011f\u0131 halde, d\u00fcnya \u015fiirini, \u00f6zellikle de \u00e7a\u011f\u0131m\u0131z \u015fiirini etkilemesinden geliyor. Ger\u00e7ekten, Rimbaud\u2019nun \u015fiir \u00e7izgisini, az \u00e7ok b\u00fct\u00fcn uluslar\u0131n \u015fiirinde g\u00f6rmek m\u00fcmk\u00fcnd\u00fcr. Etkisi b\u00fcy\u00fckt\u00fcr. En \u00f6nemli y\u00f6n\u00fc, betimsel (tasvirci) \u015fiire kar\u015f\u0131 koymas\u0131d\u0131r (\u2026) Rimbaud\u2019nun g\u00fcn\u00fcm\u00fcz \u015fiirine etkisinin b\u00fcy\u00fckl\u00fc\u011f\u00fc, eski \u015fiire kar\u015f\u0131 yeni bir \u015fiir y\u00f6ntemi, yeni bir anlay\u0131\u015f getirmesinden gelmektedir. Rimbaud\u2019ya XX. y\u00fczy\u0131l \u015fiirinin \u00f6nc\u00fcs\u00fc g\u00f6z\u00fcyle bak\u0131lmas\u0131n\u0131n nedeni de budur.\u201d \u0130lhan Berk <\/p>\n","protected":false},"excerpt":{"rendered":"<p>\u201cD\u00fcnya edebiyat\u0131nda bir Rimbaud efsanesi vard\u0131r ki bir \u00f6rne\u011fi daha yok gibidir. Bu efsane \u00e7ocuk denecek bir ya\u015fta \u015fiiri b\u0131rakt\u0131\u011f\u0131 halde, d\u00fcnya \u015fiirini, \u00f6zellikle de \u00e7a\u011f\u0131m\u0131z<span class=\"excerpt-hellip\"> [\u2026]<\/span><\/p>\n","protected":false},"featured_media":0,"template":"","meta":{"_monsterinsights_skip_tracking":false,"_monsterinsights_sitenote_active":false,"_monsterinsights_sitenote_note":"","_monsterinsights_sitenote_category":0},"product_brand":[],"product_cat":[12291,12509],"product_tag":[],"class_list":{"0":"post-742882","1":"product","2":"type-product","3":"status-publish","5":"product_cat-edebiyat","6":"product_cat-siir","7":"pa_cilt-ciltsiz","8":"pa_tur-kitap","9":"pa_yayinevi-ketebe-yayinlari","10":"pa_yazar-arthur-rimbaud","12":"first","13":"instock","14":"sale","15":"shipping-taxable","16":"purchasable","17":"product-type-simple"},"_links":{"self":[{"href":"https:\/\/roveyayinevi.com.tr\/index.php\/wp-json\/wp\/v2\/product\/742882","targetHints":{"allow":["GET"]}}],"collection":[{"href":"https:\/\/roveyayinevi.com.tr\/index.php\/wp-json\/wp\/v2\/product"}],"about":[{"href":"https:\/\/roveyayinevi.com.tr\/index.php\/wp-json\/wp\/v2\/types\/product"}],"wp:attachment":[{"href":"https:\/\/roveyayinevi.com.tr\/index.php\/wp-json\/wp\/v2\/media?parent=742882"}],"wp:term":[{"taxonomy":"product_brand","embeddable":true,"href":"https:\/\/roveyayinevi.com.tr\/index.php\/wp-json\/wp\/v2\/product_brand?post=742882"},{"taxonomy":"product_cat","embeddable":true,"href":"https:\/\/roveyayinevi.com.tr\/index.php\/wp-json\/wp\/v2\/product_cat?post=742882"},{"taxonomy":"product_tag","embeddable":true,"href":"https:\/\/roveyayinevi.com.tr\/index.php\/wp-json\/wp\/v2\/product_tag?post=742882"}],"curies":[{"name":"wp","href":"https:\/\/api.w.org\/{rel}","templated":true}]}}