{"id":742879,"date":"2025-08-28T01:22:39","date_gmt":"2025-08-27T22:22:39","guid":{"rendered":"https:\/\/roveyayinevi.com.tr\/index.php\/urun\/muze-bekcisi\/"},"modified":"2026-04-16T02:53:56","modified_gmt":"2026-04-15T23:53:56","slug":"muze-bekcisi","status":"publish","type":"product","link":"https:\/\/roveyayinevi.com.tr\/index.php\/urun\/muze-bekcisi\/","title":{"rendered":"M\u00fcze Bek\u00e7isi"},"content":{"rendered":"<p>\u00c7ocuk ya\u015fta anne ve babas\u0131n\u0131 bir zeplin kazas\u0131nda kaybeden uyumlu, tertipli, sessiz DeFoe; g\u00f6steri\u015fli ve g\u00fcvenilmez amcas\u0131 taraf\u0131ndan b\u00fcy\u00fct\u00fclm\u00fc\u015ft\u00fcr. DeFoe, kentin Yahudi mezarl\u0131\u011f\u0131nda \u00e7al\u0131\u015fan melankolik ve g\u00fczel Imogen\u2019le imk\u00e2ns\u0131z bir ili\u015fkiyi s\u00fcrd\u00fcrmektedir. Uzaklardan \u00e2deta k\u0131yameti haber veren g\u00f6k g\u00fcr\u00fclt\u00fcleri, yani Hitler\u2019in korkun\u00e7 eylemleri ve Nazi tehdidi gitgide daha duyulur hale gelirken, Hollandal\u0131 bir ressama ait \u201cAmsterdam\u2019da Bir Sokakta Yahudi Kad\u0131n\u201d tablosu m\u00fczeye gelir. M\u00fcze Bek\u00e7isi, insanl\u0131\u011f\u0131n kararan d\u00fcnyas\u0131n\u0131, gizemli bir tablonun b\u00fcy\u00fcs\u00fcne kap\u0131lan huzursuz bir kad\u0131n\u0131n sanr\u0131lar\u0131 \u00fczerinden anlat\u0131yor. Yay\u0131mland\u0131\u011f\u0131 g\u00fcnden itibaren ele\u015ftirmenler ve okuyucular taraf\u0131ndan co\u015fkuyla kar\u015f\u0131lanan bu roman; yabanc\u0131la\u015fma, sanat\u0131n kimli\u011fe etkisi, kendi kaderini tayin hakk\u0131, duygusal kaos, ger\u00e7eklik yan\u0131lg\u0131s\u0131, ulvile\u015fme arzusu gibi temalarla haf\u0131zalara kaz\u0131nacak t\u00fcrden bir edeb\u00ee darbe. Roza Hakmen\u2019in e\u015fsiz \u00e7evirisiyle T\u00fcrk\u00e7ede\u2026 <\/p>\n","protected":false},"excerpt":{"rendered":"<p>\u00c7ocuk ya\u015fta anne ve babas\u0131n\u0131 bir zeplin kazas\u0131nda kaybeden uyumlu, tertipli, sessiz DeFoe; g\u00f6steri\u015fli ve g\u00fcvenilmez amcas\u0131 taraf\u0131ndan b\u00fcy\u00fct\u00fclm\u00fc\u015ft\u00fcr. DeFoe, kentin Yahudi mezarl\u0131\u011f\u0131nda \u00e7al\u0131\u015fan melankolik ve<span class=\"excerpt-hellip\"> [\u2026]<\/span><\/p>\n","protected":false},"featured_media":0,"template":"","meta":{"_monsterinsights_skip_tracking":false,"_monsterinsights_sitenote_active":false,"_monsterinsights_sitenote_note":"","_monsterinsights_sitenote_category":0},"product_brand":[],"product_cat":[12291,12711],"product_tag":[],"class_list":{"0":"post-742879","1":"product","2":"type-product","3":"status-publish","5":"product_cat-edebiyat","6":"product_cat-roman-oyku","7":"pa_cilt-ciltsiz","8":"pa_tur-kitap","9":"pa_yayinevi-ketebe-yayinlari","10":"pa_yazar-howard-norman","12":"first","13":"instock","14":"sale","15":"shipping-taxable","16":"purchasable","17":"product-type-simple"},"_links":{"self":[{"href":"https:\/\/roveyayinevi.com.tr\/index.php\/wp-json\/wp\/v2\/product\/742879","targetHints":{"allow":["GET"]}}],"collection":[{"href":"https:\/\/roveyayinevi.com.tr\/index.php\/wp-json\/wp\/v2\/product"}],"about":[{"href":"https:\/\/roveyayinevi.com.tr\/index.php\/wp-json\/wp\/v2\/types\/product"}],"wp:attachment":[{"href":"https:\/\/roveyayinevi.com.tr\/index.php\/wp-json\/wp\/v2\/media?parent=742879"}],"wp:term":[{"taxonomy":"product_brand","embeddable":true,"href":"https:\/\/roveyayinevi.com.tr\/index.php\/wp-json\/wp\/v2\/product_brand?post=742879"},{"taxonomy":"product_cat","embeddable":true,"href":"https:\/\/roveyayinevi.com.tr\/index.php\/wp-json\/wp\/v2\/product_cat?post=742879"},{"taxonomy":"product_tag","embeddable":true,"href":"https:\/\/roveyayinevi.com.tr\/index.php\/wp-json\/wp\/v2\/product_tag?post=742879"}],"curies":[{"name":"wp","href":"https:\/\/api.w.org\/{rel}","templated":true}]}}