{"id":742878,"date":"2025-08-28T01:22:37","date_gmt":"2025-08-27T22:22:37","guid":{"rendered":"https:\/\/roveyayinevi.com.tr\/index.php\/urun\/konovalov\/"},"modified":"2026-04-16T02:53:56","modified_gmt":"2026-04-15T23:53:56","slug":"konovalov","status":"publish","type":"product","link":"https:\/\/roveyayinevi.com.tr\/index.php\/urun\/konovalov\/","title":{"rendered":"Konovalov"},"content":{"rendered":"<p>Maksim Gorki, s\u00fcrg\u00fcne g\u00f6nderilen bir politik eylemci ve Sovyet devrim edebiyat\u0131n\u0131n \u00f6nc\u00fclerindendir. Zorluklarla ge\u00e7en \u00e7ocukluk y\u0131llar\u0131n\u0131n ard\u0131ndan i\u015f\u00e7i s\u0131n\u0131f\u0131n\u0131n ya\u015fam\u0131na yak\u0131ndan tan\u0131kl\u0131k etmi\u015f, derin g\u00f6zlem yetene\u011fiyle sosyalist ger\u00e7ek\u00e7i eserler in\u015fa etmi\u015ftir. Konovalov ise onun hayat hik\u00e2yesinden dam\u0131t\u0131lm\u0131\u015f, otobiyografik izler ta\u015f\u0131r. Bir d\u00f6nemin Rusya\u2019s\u0131na, s\u0131n\u0131f ili\u015fkilerine \u0131\u015f\u0131k tutar. Dipteki insanlar\u0131n u\u011frad\u0131\u011f\u0131 haks\u0131zl\u0131k, \u00e7ekti\u011fi \u00f6zlem, ya\u015fad\u0131\u011f\u0131 ac\u0131 Gorki\u2019nin sat\u0131rlar\u0131nda ete kemi\u011fe b\u00fcr\u00fcn\u00fcr. Bu, d\u00fczenin ac\u0131mas\u0131zl\u0131\u011f\u0131na kar\u015f\u0131 uyanacak bir duyarl\u0131\u011f\u0131 tetikler. Rus stereotipini tam olarak Konovalov karakteri gibi yazd\u0131\u011f\u0131n\u0131 s\u00f6yleyen yazar, sessiz bir mahk\u00fbmun intihar\u0131n\u0131 betimler. Hayata, yasaya, a\u015fka, aylakl\u0131\u011fa dair felsefi diyaloglarla zenginle\u015fen bu k\u0131sa ama etkili kitap, bir\u00e7ok unutulmaz Rus klasi\u011fini T\u00fcrk\u00e7eye kazand\u0131ran Ergin Altay\u2019\u0131n \u00e7evirisiyle okuyucuyla bulu\u015fuyor&#8230; \u201c\u0130nsanlar kentler kurmu\u015flar, evler yapm\u0131\u015flar, toplanm\u0131\u015flar oralarda; yery\u00fcz\u00fcn\u00fc kirletip duruyor, kendileri de havas\u0131zl\u0131ktan patl\u0131yorlar. Birbirlerini s\u0131k\u0131\u015ft\u0131rmaktan ba\u015fka yapt\u0131klar\u0131 bir \u015fey yok&#8230; Buna da hayat diyorlar!&#8221;<\/p>\n","protected":false},"excerpt":{"rendered":"<p>Maksim Gorki, s\u00fcrg\u00fcne g\u00f6nderilen bir politik eylemci ve Sovyet devrim edebiyat\u0131n\u0131n \u00f6nc\u00fclerindendir. Zorluklarla ge\u00e7en \u00e7ocukluk y\u0131llar\u0131n\u0131n ard\u0131ndan i\u015f\u00e7i s\u0131n\u0131f\u0131n\u0131n ya\u015fam\u0131na yak\u0131ndan tan\u0131kl\u0131k etmi\u015f, derin g\u00f6zlem yetene\u011fiyle<span class=\"excerpt-hellip\"> [\u2026]<\/span><\/p>\n","protected":false},"featured_media":0,"template":"","meta":{"_monsterinsights_skip_tracking":false,"_monsterinsights_sitenote_active":false,"_monsterinsights_sitenote_note":"","_monsterinsights_sitenote_category":0},"product_brand":[],"product_cat":[12291,12711],"product_tag":[],"class_list":{"0":"post-742878","1":"product","2":"type-product","3":"status-publish","5":"product_cat-edebiyat","6":"product_cat-roman-oyku","7":"pa_cilt-ciltsiz","8":"pa_tur-kitap","9":"pa_yayinevi-ketebe-yayinlari","10":"pa_yazar-maksim-gorki","12":"first","13":"instock","14":"sale","15":"shipping-taxable","16":"purchasable","17":"product-type-simple"},"_links":{"self":[{"href":"https:\/\/roveyayinevi.com.tr\/index.php\/wp-json\/wp\/v2\/product\/742878","targetHints":{"allow":["GET"]}}],"collection":[{"href":"https:\/\/roveyayinevi.com.tr\/index.php\/wp-json\/wp\/v2\/product"}],"about":[{"href":"https:\/\/roveyayinevi.com.tr\/index.php\/wp-json\/wp\/v2\/types\/product"}],"wp:attachment":[{"href":"https:\/\/roveyayinevi.com.tr\/index.php\/wp-json\/wp\/v2\/media?parent=742878"}],"wp:term":[{"taxonomy":"product_brand","embeddable":true,"href":"https:\/\/roveyayinevi.com.tr\/index.php\/wp-json\/wp\/v2\/product_brand?post=742878"},{"taxonomy":"product_cat","embeddable":true,"href":"https:\/\/roveyayinevi.com.tr\/index.php\/wp-json\/wp\/v2\/product_cat?post=742878"},{"taxonomy":"product_tag","embeddable":true,"href":"https:\/\/roveyayinevi.com.tr\/index.php\/wp-json\/wp\/v2\/product_tag?post=742878"}],"curies":[{"name":"wp","href":"https:\/\/api.w.org\/{rel}","templated":true}]}}