{"id":742877,"date":"2025-08-28T01:22:35","date_gmt":"2025-08-27T22:22:35","guid":{"rendered":"https:\/\/roveyayinevi.com.tr\/index.php\/urun\/ismet-ozelin-mazotu\/"},"modified":"2026-04-16T02:53:56","modified_gmt":"2026-04-15T23:53:56","slug":"ismet-ozelin-mazotu","status":"publish","type":"product","link":"https:\/\/roveyayinevi.com.tr\/index.php\/urun\/ismet-ozelin-mazotu\/","title":{"rendered":"\u0130smet \u00d6zel&#8217;in Mazot&#8217;u"},"content":{"rendered":"<p>T\u00fcrk edebiyat\u0131 ve d\u00fc\u015f\u00fcnce d\u00fcnyas\u0131na b\u00fcy\u00fck katk\u0131lar\u0131 olan \u0130smet \u00d6zel\u2019in 1970 y\u0131l\u0131nda yay\u0131mlad\u0131\u011f\u0131 \u201cMazot\u201d \u015fiiri, \u015fairin i\u00e7inden ge\u00e7ti\u011fi siyasal olu\u015fumun nereye geldi\u011fini ve d\u00fcnya sisteminin T\u00fcrkiye\u2019ye neler dayatt\u0131\u011f\u0131n\u0131 dile getiren etkileyici ve b\u00fcy\u00fck bir sestir. Ertan \u00d6rgen; kapitalist d\u00fczeni ve s\u00f6m\u00fcrgecili\u011fi ele\u015ftiren \u201cMazot\u201dun edebiyat tarihindeki yerini, 1960 sonras\u0131n\u0131n bask\u0131n siyasalla\u015fma atmosferini, edebiyat alan\u0131ndaki yank\u0131lar\u0131n\u0131 ve \u015fiirin nas\u0131l okundu\u011funu, yaratt\u0131\u011f\u0131 tesiri ak\u0131c\u0131 ve \u00f6zenli tahliliyle pek \u00e7ok a\u00e7\u0131dan inceliyor. \u201csana ya\u015famak d\u00fc\u015fer \u00e7arklar\u0131n g\u00f6vdesinde bin demir kap\u0131yla hesapla\u015fmaktan omzun \u00e7\u00fcr\u00fcmelidir bin \u00e7e\u015fit g\u00fcne\u015fle ovulmal\u0131d\u0131r gaddar ellerin y\u00fcr\u00fc yang\u0131nlar\u0131n \u00fcst\u00fcne, kendi alevini de getir \u00e7arp\u0131nt\u0131s\u0131z dakikas\u0131 olur mu devrimcinin ki \u00f6l\u00fcm her yerde uyan\u0131kt\u0131r\u201d <\/p>\n","protected":false},"excerpt":{"rendered":"<p>T\u00fcrk edebiyat\u0131 ve d\u00fc\u015f\u00fcnce d\u00fcnyas\u0131na b\u00fcy\u00fck katk\u0131lar\u0131 olan \u0130smet \u00d6zel\u2019in 1970 y\u0131l\u0131nda yay\u0131mlad\u0131\u011f\u0131 \u201cMazot\u201d \u015fiiri, \u015fairin i\u00e7inden ge\u00e7ti\u011fi siyasal olu\u015fumun nereye geldi\u011fini ve d\u00fcnya sisteminin T\u00fcrkiye\u2019ye<span class=\"excerpt-hellip\"> [\u2026]<\/span><\/p>\n","protected":false},"featured_media":0,"template":"","meta":{"_monsterinsights_skip_tracking":false,"_monsterinsights_sitenote_active":false,"_monsterinsights_sitenote_note":"","_monsterinsights_sitenote_category":0},"product_brand":[],"product_cat":[12291,12509],"product_tag":[],"class_list":{"0":"post-742877","1":"product","2":"type-product","3":"status-publish","5":"product_cat-edebiyat","6":"product_cat-siir","7":"pa_cilt-ciltsiz","8":"pa_tur-kitap","9":"pa_yayinevi-ketebe-yayinlari","10":"pa_yazar-ertan-orgen","12":"first","13":"instock","14":"sale","15":"shipping-taxable","16":"purchasable","17":"product-type-simple"},"_links":{"self":[{"href":"https:\/\/roveyayinevi.com.tr\/index.php\/wp-json\/wp\/v2\/product\/742877","targetHints":{"allow":["GET"]}}],"collection":[{"href":"https:\/\/roveyayinevi.com.tr\/index.php\/wp-json\/wp\/v2\/product"}],"about":[{"href":"https:\/\/roveyayinevi.com.tr\/index.php\/wp-json\/wp\/v2\/types\/product"}],"wp:attachment":[{"href":"https:\/\/roveyayinevi.com.tr\/index.php\/wp-json\/wp\/v2\/media?parent=742877"}],"wp:term":[{"taxonomy":"product_brand","embeddable":true,"href":"https:\/\/roveyayinevi.com.tr\/index.php\/wp-json\/wp\/v2\/product_brand?post=742877"},{"taxonomy":"product_cat","embeddable":true,"href":"https:\/\/roveyayinevi.com.tr\/index.php\/wp-json\/wp\/v2\/product_cat?post=742877"},{"taxonomy":"product_tag","embeddable":true,"href":"https:\/\/roveyayinevi.com.tr\/index.php\/wp-json\/wp\/v2\/product_tag?post=742877"}],"curies":[{"name":"wp","href":"https:\/\/api.w.org\/{rel}","templated":true}]}}