{"id":742876,"date":"2025-08-28T01:22:33","date_gmt":"2025-08-27T22:22:33","guid":{"rendered":"https:\/\/roveyayinevi.com.tr\/index.php\/urun\/govdesi-hakkinda-konusan-kelebek\/"},"modified":"2026-04-16T02:53:56","modified_gmt":"2026-04-15T23:53:56","slug":"govdesi-hakkinda-konusan-kelebek","status":"publish","type":"product","link":"https:\/\/roveyayinevi.com.tr\/index.php\/urun\/govdesi-hakkinda-konusan-kelebek\/","title":{"rendered":"G\u00f6vdesi Hakk\u0131nda Konu\u015fan Kelebek"},"content":{"rendered":"<p>Omuz bir ba\u015f\u0131 ta\u015f\u0131mak ister Karaca Sanc\u0131lar i\u00e7inde ge\u00e7en zaman Sadece k\u0131z \u00e7ocu\u011funun al\u0131nyaz\u0131s\u0131 m\u0131? Zaman hi\u00e7 ge\u00e7meyecek gibi oldu\u011funda Biri sana ait oldu\u011fun yeri hat\u0131rlat\u0131r \u0130nsan\u0131n ait oldu\u011fu yer, nereye d\u00fc\u015fer? Kan p\u0131ht\u0131s\u0131 anne karn\u0131 D\u00fcnyay\u0131 hi\u00e7 tan\u0131mam\u0131\u015f olmak vard\u0131 bir de <\/p>\n","protected":false},"excerpt":{"rendered":"<p>Omuz bir ba\u015f\u0131 ta\u015f\u0131mak ister Karaca Sanc\u0131lar i\u00e7inde ge\u00e7en zaman Sadece k\u0131z \u00e7ocu\u011funun al\u0131nyaz\u0131s\u0131 m\u0131? Zaman hi\u00e7 ge\u00e7meyecek gibi oldu\u011funda Biri sana ait oldu\u011fun yeri hat\u0131rlat\u0131r<span class=\"excerpt-hellip\"> [\u2026]<\/span><\/p>\n","protected":false},"featured_media":0,"template":"","meta":{"_monsterinsights_skip_tracking":false,"_monsterinsights_sitenote_active":false,"_monsterinsights_sitenote_note":"","_monsterinsights_sitenote_category":0},"product_brand":[],"product_cat":[12291,12509],"product_tag":[],"class_list":{"0":"post-742876","1":"product","2":"type-product","3":"status-publish","5":"product_cat-edebiyat","6":"product_cat-siir","7":"pa_cilt-ciltsiz","8":"pa_tur-kitap","9":"pa_yayinevi-ketebe-yayinlari","10":"pa_yazar-zeynep-karaca","12":"first","13":"instock","14":"sale","15":"shipping-taxable","16":"purchasable","17":"product-type-simple"},"_links":{"self":[{"href":"https:\/\/roveyayinevi.com.tr\/index.php\/wp-json\/wp\/v2\/product\/742876","targetHints":{"allow":["GET"]}}],"collection":[{"href":"https:\/\/roveyayinevi.com.tr\/index.php\/wp-json\/wp\/v2\/product"}],"about":[{"href":"https:\/\/roveyayinevi.com.tr\/index.php\/wp-json\/wp\/v2\/types\/product"}],"wp:attachment":[{"href":"https:\/\/roveyayinevi.com.tr\/index.php\/wp-json\/wp\/v2\/media?parent=742876"}],"wp:term":[{"taxonomy":"product_brand","embeddable":true,"href":"https:\/\/roveyayinevi.com.tr\/index.php\/wp-json\/wp\/v2\/product_brand?post=742876"},{"taxonomy":"product_cat","embeddable":true,"href":"https:\/\/roveyayinevi.com.tr\/index.php\/wp-json\/wp\/v2\/product_cat?post=742876"},{"taxonomy":"product_tag","embeddable":true,"href":"https:\/\/roveyayinevi.com.tr\/index.php\/wp-json\/wp\/v2\/product_tag?post=742876"}],"curies":[{"name":"wp","href":"https:\/\/api.w.org\/{rel}","templated":true}]}}