{"id":742874,"date":"2025-08-28T01:22:30","date_gmt":"2025-08-27T22:22:30","guid":{"rendered":"https:\/\/roveyayinevi.com.tr\/index.php\/urun\/bellek-ve-el\/"},"modified":"2026-04-12T02:58:35","modified_gmt":"2026-04-11T23:58:35","slug":"bellek-ve-el","status":"publish","type":"product","link":"https:\/\/roveyayinevi.com.tr\/index.php\/urun\/bellek-ve-el\/","title":{"rendered":"Bellek ve El"},"content":{"rendered":"<p>AKDEN\u0130Z KIYILARI ARASINDA B\u0130R K\u00dcLT\u00dcR VE HAFIZA AKTARICISI OLARAK ANILAN, D\u00d6NEM\u0130NE DAMGA VURAN, \u00c7E\u015e\u0130TL\u0130 DERG\u0130LERLE TANINAN EDMOND JAB\u00c8S\u2019\u0130N ALTI YILLIK \u015e\u0130\u0130R HAFIZASI BELLEK VE EL\u2019DE B\u0130R ARAYA GEL\u0130YOR. MAX JACOB, PAUL \u00c9LUARD, ANDR\u00c9 GIDE, HENRI MICHAUX, PAUL CELAN, JACQUES DUPIN, YVES BONNEFOY, ZORAN MU\u0160I\u010c, GOUDJI VE OLIVIER DEBR\u00c9 G\u0130B\u0130 B\u0130RB\u0130R\u0130NDEN \u00d6NEML\u0130 \u0130S\u0130MLERLE YAPTI\u011eI ORTAK \u00c7ALI\u015eMALARLA EVRENSEL B\u0130R DE\u011eER HAL\u0130NE GELEN JAB\u00c8S\u2019\u0130N; MAURICE BLANCHOT VE JACQUES DERRIDA\u2019YI DER\u0130NDEN ETK\u0130LEYEN \u015e\u0130\u0130R PAR\u00c7ACIKLARINDAN OLU\u015eAN KITABI BELLEK VE EL, OKUYUCUSUNUN HAFIZASINDA YER ED\u0130YOR.<\/p>\n","protected":false},"excerpt":{"rendered":"<p>AKDEN\u0130Z KIYILARI ARASINDA B\u0130R K\u00dcLT\u00dcR VE HAFIZA AKTARICISI OLARAK ANILAN, D\u00d6NEM\u0130NE DAMGA VURAN, \u00c7E\u015e\u0130TL\u0130 DERG\u0130LERLE TANINAN EDMOND JAB\u00c8S\u2019\u0130N ALTI YILLIK \u015e\u0130\u0130R HAFIZASI BELLEK VE EL\u2019DE B\u0130R<span class=\"excerpt-hellip\"> [\u2026]<\/span><\/p>\n","protected":false},"featured_media":0,"template":"","meta":{"_monsterinsights_skip_tracking":false,"_monsterinsights_sitenote_active":false,"_monsterinsights_sitenote_note":"","_monsterinsights_sitenote_category":0},"product_brand":[],"product_cat":[12291,12509],"product_tag":[],"class_list":{"0":"post-742874","1":"product","2":"type-product","3":"status-publish","5":"product_cat-edebiyat","6":"product_cat-siir","7":"pa_cilt-ciltsiz","8":"pa_tur-kitap","9":"pa_yayinevi-ketebe-yayinlari","10":"pa_yazar-edmond-jabes","12":"first","13":"instock","14":"sale","15":"shipping-taxable","16":"purchasable","17":"product-type-simple"},"_links":{"self":[{"href":"https:\/\/roveyayinevi.com.tr\/index.php\/wp-json\/wp\/v2\/product\/742874","targetHints":{"allow":["GET"]}}],"collection":[{"href":"https:\/\/roveyayinevi.com.tr\/index.php\/wp-json\/wp\/v2\/product"}],"about":[{"href":"https:\/\/roveyayinevi.com.tr\/index.php\/wp-json\/wp\/v2\/types\/product"}],"wp:attachment":[{"href":"https:\/\/roveyayinevi.com.tr\/index.php\/wp-json\/wp\/v2\/media?parent=742874"}],"wp:term":[{"taxonomy":"product_brand","embeddable":true,"href":"https:\/\/roveyayinevi.com.tr\/index.php\/wp-json\/wp\/v2\/product_brand?post=742874"},{"taxonomy":"product_cat","embeddable":true,"href":"https:\/\/roveyayinevi.com.tr\/index.php\/wp-json\/wp\/v2\/product_cat?post=742874"},{"taxonomy":"product_tag","embeddable":true,"href":"https:\/\/roveyayinevi.com.tr\/index.php\/wp-json\/wp\/v2\/product_tag?post=742874"}],"curies":[{"name":"wp","href":"https:\/\/api.w.org\/{rel}","templated":true}]}}