{"id":742872,"date":"2025-08-28T01:22:27","date_gmt":"2025-08-27T22:22:27","guid":{"rendered":"https:\/\/roveyayinevi.com.tr\/index.php\/urun\/kucuk-kara-hikayeler-kitabi\/"},"modified":"2026-04-16T02:53:56","modified_gmt":"2026-04-15T23:53:56","slug":"kucuk-kara-hikayeler-kitabi","status":"publish","type":"product","link":"https:\/\/roveyayinevi.com.tr\/index.php\/urun\/kucuk-kara-hikayeler-kitabi\/","title":{"rendered":"K\u00fc\u00e7\u00fck Kara Hikayeler Kitab\u0131"},"content":{"rendered":"<p>\u201c[Yazar\u0131n] \u015fimdiye kadarki en iyi derlemesi\u2026 Kasvetli, sonra e\u011flenceli, epey karanl\u0131k ama hemen ard\u0131ndan hayale s\u0131\u011fmaz bir \u0131\u015f\u0131k kayna\u011f\u0131yla dolup ta\u015f\u0131yor.\u201dThe Guardian  K\u00fc\u00e7\u00fck Kara Hik\u00e2yeler Kitab\u0131\u2019n\u0131 olu\u015fturan be\u015f uzun hik\u00e2yede A. S. Byatt, peri masallar\u0131n\u0131 g\u00fcndelik hayatla kayna\u015ft\u0131r\u0131yor. Do\u011fa ile do\u011fa\u00fcst\u00fcn\u00fcn, ger\u00e7ek ile ger\u00e7ek\u00fcst\u00fcn\u00fcn aras\u0131ndaki perdeyi aralayan bu hik\u00e2yeler benzersiz bir d\u00fc\u015f g\u00fcc\u00fcn\u00fcn \u00fcr\u00fcn\u00fc: \u00c7ocukken ormanda g\u00f6rd\u00fcklerine inand\u0131klar\u0131 tuhaf bir yarat\u0131\u011f\u0131n uzun y\u0131llar sonra pe\u015fine d\u00fc\u015fen iki kad\u0131n, zamanla ta\u015fa d\u00f6n\u00fc\u015fen bir ba\u015fkas\u0131, Alzheimer hastas\u0131 e\u015fiyle ilgilenen bir adam\u0131n bir gece kar\u015f\u0131la\u015ft\u0131\u011f\u0131 gizemli \u201chayalet\u201d; a\u00e7\u0131\u011fa \u00e7\u0131kan gizli korkular\u0131m\u0131z, ilkel arzular\u0131m\u0131z\u2026 A. S. Byatt\u2019\u0131n her biri roman tad\u0131nda hik\u00e2yeleri haf\u0131zan\u0131zdan kolayca silinmeyecek. \u201cSultan\u0131 binbir gece boyunca taht\u0131nda diken \u00fcst\u00fcnde tutabilecek bir hik\u00e2ye anlat\u0131c\u0131s\u0131.\u201dNew York Times Book Review<\/p>\n","protected":false},"excerpt":{"rendered":"<p>\u201c[Yazar\u0131n] \u015fimdiye kadarki en iyi derlemesi\u2026 Kasvetli, sonra e\u011flenceli, epey karanl\u0131k ama hemen ard\u0131ndan hayale s\u0131\u011fmaz bir \u0131\u015f\u0131k kayna\u011f\u0131yla dolup ta\u015f\u0131yor.\u201dThe Guardian K\u00fc\u00e7\u00fck Kara Hik\u00e2yeler Kitab\u0131\u2019n\u0131<span class=\"excerpt-hellip\"> [\u2026]<\/span><\/p>\n","protected":false},"featured_media":0,"template":"","meta":{"_monsterinsights_skip_tracking":false,"_monsterinsights_sitenote_active":false,"_monsterinsights_sitenote_note":"","_monsterinsights_sitenote_category":0},"product_brand":[],"product_cat":[12291,12711],"product_tag":[],"class_list":{"0":"post-742872","1":"product","2":"type-product","3":"status-publish","5":"product_cat-edebiyat","6":"product_cat-roman-oyku","7":"pa_cilt-ciltsiz","8":"pa_tur-kitap","9":"pa_yayinevi-everest-yayinlari","10":"pa_yazar-a-s-byatt","12":"first","13":"instock","14":"sale","15":"shipping-taxable","16":"purchasable","17":"product-type-simple"},"_links":{"self":[{"href":"https:\/\/roveyayinevi.com.tr\/index.php\/wp-json\/wp\/v2\/product\/742872","targetHints":{"allow":["GET"]}}],"collection":[{"href":"https:\/\/roveyayinevi.com.tr\/index.php\/wp-json\/wp\/v2\/product"}],"about":[{"href":"https:\/\/roveyayinevi.com.tr\/index.php\/wp-json\/wp\/v2\/types\/product"}],"wp:attachment":[{"href":"https:\/\/roveyayinevi.com.tr\/index.php\/wp-json\/wp\/v2\/media?parent=742872"}],"wp:term":[{"taxonomy":"product_brand","embeddable":true,"href":"https:\/\/roveyayinevi.com.tr\/index.php\/wp-json\/wp\/v2\/product_brand?post=742872"},{"taxonomy":"product_cat","embeddable":true,"href":"https:\/\/roveyayinevi.com.tr\/index.php\/wp-json\/wp\/v2\/product_cat?post=742872"},{"taxonomy":"product_tag","embeddable":true,"href":"https:\/\/roveyayinevi.com.tr\/index.php\/wp-json\/wp\/v2\/product_tag?post=742872"}],"curies":[{"name":"wp","href":"https:\/\/api.w.org\/{rel}","templated":true}]}}