{"id":742870,"date":"2025-08-28T01:22:25","date_gmt":"2025-08-27T22:22:25","guid":{"rendered":"https:\/\/roveyayinevi.com.tr\/index.php\/urun\/cocuk-ve-kitap-2-evrensel-ilkeler\/"},"modified":"2026-04-16T02:53:56","modified_gmt":"2026-04-15T23:53:56","slug":"cocuk-ve-kitap-2-evrensel-ilkeler","status":"publish","type":"product","link":"https:\/\/roveyayinevi.com.tr\/index.php\/urun\/cocuk-ve-kitap-2-evrensel-ilkeler\/","title":{"rendered":"\u00c7ocuk ve Kitap 2 Evrensel \u0130lkeler"},"content":{"rendered":"<p>G\u00fcn\u00fcm\u00fcz toplumunun en \u00e7ok de\u011fer verilen \u00e7ocuk \u00f6zelli\u011finin \u201citaatk\u00e2rl\u0131k\u201d olmas\u0131, \u00e7ocuk d\u00fcnyas\u0131n\u0131n var olan \u201cger\u00e7ekli\u011fi\u201dni alt \u00fcst edebilece\u011fi gibi \u00e7ocuklu\u011fun da tam anlam\u0131yla ya\u015fanamamas\u0131na yol a\u00e7abilir. \u00d6zellikle \u00e7ocu\u011fa toplumun, k\u00fclt\u00fcr\u00fcn, e\u011fitimin ya da yeti\u015fkinin de bu y\u00f6nden bakmas\u0131, do\u011fal olarak ona sunulacak kitab\u0131n niteli\u011fini de etkileyecektir. \u00c7\u00fcnk\u00fc kitab\u0131 yap\u0131land\u0131ran da yeti\u015fkindir.   Bu bak\u0131mdan, kitaba \u00e7ocu\u011fu bi\u00e7imlendirilecek bir ara\u00e7 g\u00f6z\u00fcyle bak\u0131lmas\u0131, \u00e7ocu\u011fun duygu ve d\u00fc\u015f\u00fcncelerine kitapta yer verilmemesi, kitab\u0131n \u00e7ocu\u011fa s\u00fcrekli olarak \u00fcstten bakmas\u0131 ve a\u015fa\u011f\u0131lamas\u0131, \u00e7ocuklara ne yapmas\u0131 ya da ne yapmamas\u0131 gerekti\u011fini s\u00f6ylemesi, \u00f6\u011f\u00fct ve emirlerle bast\u0131rmas\u0131, zorlanmas\u0131, ilgi ve gereksinmelerini doyurmamas\u0131, ba\u015far\u0131s\u0131zl\u0131k ve yetersizlik duygular\u0131n\u0131 ya\u015fatmas\u0131, kitaplarda yer alan karakterlerin s\u00fcrekli olarak \u201ckahraman\u201d sunmas\u0131, anadilinin g\u00fczelliklerini duyumsatmamas\u0131, didaktizmi bir \u00f6\u011fretim bi\u00e7imi olarak ye\u011flemesi, yay\u0131nevlerinin kar amac\u0131 g\u00fctmesi y\u00fcz\u00fcnden kitaplar\u0131n estetik anlay\u0131\u015ftan uzak olmas\u0131 vb. tam da -m\u0131\u015f gibi \u00e7ocuk, -m\u0131\u015f gibi kitap anlay\u0131\u015f\u0131n\u0131 ortaya \u00e7\u0131karmaktad\u0131r. Oysa bizim -m\u0131\u015fl\u0131klardan ar\u0131nd\u0131r\u0131lm\u0131\u015f \u00e7ocuk ve kitaplara gereksinmemiz vard\u0131r.<\/p>\n","protected":false},"excerpt":{"rendered":"<p>G\u00fcn\u00fcm\u00fcz toplumunun en \u00e7ok de\u011fer verilen \u00e7ocuk \u00f6zelli\u011finin \u201citaatk\u00e2rl\u0131k\u201d olmas\u0131, \u00e7ocuk d\u00fcnyas\u0131n\u0131n var olan \u201cger\u00e7ekli\u011fi\u201dni alt \u00fcst edebilece\u011fi gibi \u00e7ocuklu\u011fun da tam anlam\u0131yla ya\u015fanamamas\u0131na yol a\u00e7abilir.<span class=\"excerpt-hellip\"> [\u2026]<\/span><\/p>\n","protected":false},"featured_media":0,"template":"","meta":{"_monsterinsights_skip_tracking":false,"_monsterinsights_sitenote_active":false,"_monsterinsights_sitenote_note":"","_monsterinsights_sitenote_category":0},"product_brand":[],"product_cat":[12573,12566],"product_tag":[],"class_list":{"0":"post-742870","1":"product","2":"type-product","3":"status-publish","5":"product_cat-akademik-kitaplar","6":"product_cat-egitim","7":"pa_cilt-ciltsiz","8":"pa_tur-kitap","9":"pa_yayinevi-egiten-kitap","10":"pa_yazar-kolektif","12":"first","13":"instock","14":"sale","15":"shipping-taxable","16":"purchasable","17":"product-type-simple"},"_links":{"self":[{"href":"https:\/\/roveyayinevi.com.tr\/index.php\/wp-json\/wp\/v2\/product\/742870","targetHints":{"allow":["GET"]}}],"collection":[{"href":"https:\/\/roveyayinevi.com.tr\/index.php\/wp-json\/wp\/v2\/product"}],"about":[{"href":"https:\/\/roveyayinevi.com.tr\/index.php\/wp-json\/wp\/v2\/types\/product"}],"wp:attachment":[{"href":"https:\/\/roveyayinevi.com.tr\/index.php\/wp-json\/wp\/v2\/media?parent=742870"}],"wp:term":[{"taxonomy":"product_brand","embeddable":true,"href":"https:\/\/roveyayinevi.com.tr\/index.php\/wp-json\/wp\/v2\/product_brand?post=742870"},{"taxonomy":"product_cat","embeddable":true,"href":"https:\/\/roveyayinevi.com.tr\/index.php\/wp-json\/wp\/v2\/product_cat?post=742870"},{"taxonomy":"product_tag","embeddable":true,"href":"https:\/\/roveyayinevi.com.tr\/index.php\/wp-json\/wp\/v2\/product_tag?post=742870"}],"curies":[{"name":"wp","href":"https:\/\/api.w.org\/{rel}","templated":true}]}}