{"id":742867,"date":"2025-08-28T01:22:22","date_gmt":"2025-08-27T22:22:22","guid":{"rendered":"https:\/\/roveyayinevi.com.tr\/index.php\/urun\/kooperatiflerde-kurumsal-yonetisim\/"},"modified":"2026-04-16T02:53:56","modified_gmt":"2026-04-15T23:53:56","slug":"kooperatiflerde-kurumsal-yonetisim","status":"publish","type":"product","link":"https:\/\/roveyayinevi.com.tr\/index.php\/urun\/kooperatiflerde-kurumsal-yonetisim\/","title":{"rendered":"Kooperatiflerde Kurumsal Y\u00f6neti\u015fim"},"content":{"rendered":"<p>Kooperatifler, k\u00f6ken itibariyle kar\u015f\u0131l\u0131kl\u0131 yard\u0131mla\u015fma ilkesine dayanmakta ve dolay\u0131s\u0131 ile toplumsal dayan\u0131\u015fmaya dair s\u00fcre\u00e7 ve gelenekler \u00fczerinden \u015fekillenmektedir. O nedenle \u00f6ncelik olarak toplumsal dayan\u0131\u015fma s\u00fcrecinin ne oldu\u011funu tarihsel geli\u015fimi i\u00e7erisinde netle\u015ftirmek gerekiyor.   Sonu\u00e7 itibariyle, toplumsal dayan\u0131\u015fma bir s\u00fcreci ifade etmekte ve \u00fclkede ya\u015fanan sosyal, ekonomik geli\u015fmelerden do\u011frudan etkilenmektedir. Ayn\u0131 zamanda, kooperatiflerde ya\u015fanan y\u00f6netim s\u00fcre\u00e7lerine do\u011fru ve tutarl\u0131 bir bi\u00e7imde bakmam\u0131z m\u00fcmk\u00fcn olmayacakt\u0131r. O halde, e\u011fer kurumsal y\u00f6neti\u015fim gibi tart\u0131\u015fmal\u0131 bir kavram\u0131 bu t\u00fcr \u00f6rg\u00fctlenmeler \u00fczerinde uygulayacaksak \u00f6ncelikle tan\u0131mlamalar\u0131 netle\u015ftirmemiz ve berrakla\u015ft\u0131rmam\u0131z gereklili\u011fi bu \u00e7al\u0131\u015fman\u0131n temel amac\u0131d\u0131r.<\/p>\n","protected":false},"excerpt":{"rendered":"<p>Kooperatifler, k\u00f6ken itibariyle kar\u015f\u0131l\u0131kl\u0131 yard\u0131mla\u015fma ilkesine dayanmakta ve dolay\u0131s\u0131 ile toplumsal dayan\u0131\u015fmaya dair s\u00fcre\u00e7 ve gelenekler \u00fczerinden \u015fekillenmektedir. O nedenle \u00f6ncelik olarak toplumsal dayan\u0131\u015fma s\u00fcrecinin ne<span class=\"excerpt-hellip\"> [\u2026]<\/span><\/p>\n","protected":false},"featured_media":0,"template":"","meta":{"_monsterinsights_skip_tracking":false,"_monsterinsights_sitenote_active":false,"_monsterinsights_sitenote_note":"","_monsterinsights_sitenote_category":0},"product_brand":[],"product_cat":[12573,12566],"product_tag":[],"class_list":{"0":"post-742867","1":"product","2":"type-product","3":"status-publish","5":"product_cat-akademik-kitaplar","6":"product_cat-egitim","7":"pa_cilt-ciltsiz","8":"pa_tur-kitap","9":"pa_yayinevi-egiten-kitap","10":"pa_yazar-mehmet-akif-kara-kurtulus-yilmaz-genc","12":"first","13":"instock","14":"sale","15":"shipping-taxable","16":"purchasable","17":"product-type-simple"},"_links":{"self":[{"href":"https:\/\/roveyayinevi.com.tr\/index.php\/wp-json\/wp\/v2\/product\/742867","targetHints":{"allow":["GET"]}}],"collection":[{"href":"https:\/\/roveyayinevi.com.tr\/index.php\/wp-json\/wp\/v2\/product"}],"about":[{"href":"https:\/\/roveyayinevi.com.tr\/index.php\/wp-json\/wp\/v2\/types\/product"}],"wp:attachment":[{"href":"https:\/\/roveyayinevi.com.tr\/index.php\/wp-json\/wp\/v2\/media?parent=742867"}],"wp:term":[{"taxonomy":"product_brand","embeddable":true,"href":"https:\/\/roveyayinevi.com.tr\/index.php\/wp-json\/wp\/v2\/product_brand?post=742867"},{"taxonomy":"product_cat","embeddable":true,"href":"https:\/\/roveyayinevi.com.tr\/index.php\/wp-json\/wp\/v2\/product_cat?post=742867"},{"taxonomy":"product_tag","embeddable":true,"href":"https:\/\/roveyayinevi.com.tr\/index.php\/wp-json\/wp\/v2\/product_tag?post=742867"}],"curies":[{"name":"wp","href":"https:\/\/api.w.org\/{rel}","templated":true}]}}