{"id":742866,"date":"2025-08-28T01:22:21","date_gmt":"2025-08-27T22:22:21","guid":{"rendered":"https:\/\/roveyayinevi.com.tr\/index.php\/urun\/ideal-ogretmen-egitimde-ideal-insan-ve-millilik-arayislari\/"},"modified":"2026-04-16T02:53:56","modified_gmt":"2026-04-15T23:53:56","slug":"ideal-ogretmen-egitimde-ideal-insan-ve-millilik-arayislari","status":"publish","type":"product","link":"https:\/\/roveyayinevi.com.tr\/index.php\/urun\/ideal-ogretmen-egitimde-ideal-insan-ve-millilik-arayislari\/","title":{"rendered":"\u0130deal \u00d6\u011fretmen E\u011fitimde \u0130deal \u0130nsan ve Millilik Aray\u0131\u015flar\u0131"},"content":{"rendered":"<p>\u0130deal \u00f6\u011fretmen ba\u015fl\u0131kl\u0131 bu eserin i\u00e7eri\u011fine bak\u0131ld\u0131\u011f\u0131nda T\u00fcrk milletinin manevi y\u00f6n\u00fcn\u00fc geli\u015ftirmi\u015f ancak g\u00fcn\u00fcm\u00fczden y\u00fczy\u0131llar \u00f6nce ya\u015fam\u0131\u015f ve herhangi bir pedagoji e\u011fitimi almam\u0131\u015f \u00f6\u011fretmenlerin isimleri g\u00f6r\u00fclecek, akla gelecek ilk ele\u015ftiri, \u201cdevrin \u00e7ok de\u011fi\u015fti\u011fi\u201d olacakt\u0131r. Hele de b\u00fct\u00fcn d\u00fcnyay\u0131 etkileyen bir salg\u0131n sonras\u0131 tecr\u00fcbe edilen ve \u201cal\u0131\u015f\u0131lan\u201d uzaktan e\u011fitim sonras\u0131 b\u0131rak\u0131n \u201cideal \u00f6\u011fretmen kimdir?\u201d sorusunun cevab\u0131n\u0131 aramak \u201cger\u00e7ek bir \u00f6\u011fretmene ihtiya\u00e7 var m\u0131d\u0131r?\u201d sorusu tart\u0131\u015f\u0131l\u0131r olmu\u015ftur.   Bir \u00f6\u011fretmenin y\u00fcz y\u00fcze e\u011fitimle kazand\u0131raca\u011f\u0131 bilgiler, paket programlarla\/ders videolar\u0131yla\/canl\u0131 derslerle hem daha ucuza hem \u00f6\u011frenci kendi evindeyken hem de bir say\u0131 s\u0131n\u0131r\u0131 olmaks\u0131z\u0131n istenen say\u0131da \u00f6\u011frenciye kolayca ula\u015ft\u0131r\u0131lmaktad\u0131r. Hatta yapay zek\u00e2ya sahip makinalar \u00f6\u011frencinin iste\u011fi\/ihtiyac\u0131 do\u011frultusunda e\u011fitim i\u00e7eri\u011fini d\u00fczenlemekte ve sunabilmektedir.<\/p>\n","protected":false},"excerpt":{"rendered":"<p>\u0130deal \u00f6\u011fretmen ba\u015fl\u0131kl\u0131 bu eserin i\u00e7eri\u011fine bak\u0131ld\u0131\u011f\u0131nda T\u00fcrk milletinin manevi y\u00f6n\u00fcn\u00fc geli\u015ftirmi\u015f ancak g\u00fcn\u00fcm\u00fczden y\u00fczy\u0131llar \u00f6nce ya\u015fam\u0131\u015f ve herhangi bir pedagoji e\u011fitimi almam\u0131\u015f \u00f6\u011fretmenlerin isimleri g\u00f6r\u00fclecek,<span class=\"excerpt-hellip\"> [\u2026]<\/span><\/p>\n","protected":false},"featured_media":0,"template":"","meta":{"_monsterinsights_skip_tracking":false,"_monsterinsights_sitenote_active":false,"_monsterinsights_sitenote_note":"","_monsterinsights_sitenote_category":0},"product_brand":[],"product_cat":[12573,12566],"product_tag":[],"class_list":{"0":"post-742866","1":"product","2":"type-product","3":"status-publish","5":"product_cat-akademik-kitaplar","6":"product_cat-egitim","7":"pa_cilt-ciltsiz","8":"pa_tur-kitap","9":"pa_yayinevi-egiten-kitap","10":"pa_yazar-kolektif","12":"first","13":"instock","14":"sale","15":"shipping-taxable","16":"purchasable","17":"product-type-simple"},"_links":{"self":[{"href":"https:\/\/roveyayinevi.com.tr\/index.php\/wp-json\/wp\/v2\/product\/742866","targetHints":{"allow":["GET"]}}],"collection":[{"href":"https:\/\/roveyayinevi.com.tr\/index.php\/wp-json\/wp\/v2\/product"}],"about":[{"href":"https:\/\/roveyayinevi.com.tr\/index.php\/wp-json\/wp\/v2\/types\/product"}],"wp:attachment":[{"href":"https:\/\/roveyayinevi.com.tr\/index.php\/wp-json\/wp\/v2\/media?parent=742866"}],"wp:term":[{"taxonomy":"product_brand","embeddable":true,"href":"https:\/\/roveyayinevi.com.tr\/index.php\/wp-json\/wp\/v2\/product_brand?post=742866"},{"taxonomy":"product_cat","embeddable":true,"href":"https:\/\/roveyayinevi.com.tr\/index.php\/wp-json\/wp\/v2\/product_cat?post=742866"},{"taxonomy":"product_tag","embeddable":true,"href":"https:\/\/roveyayinevi.com.tr\/index.php\/wp-json\/wp\/v2\/product_tag?post=742866"}],"curies":[{"name":"wp","href":"https:\/\/api.w.org\/{rel}","templated":true}]}}