{"id":742865,"date":"2025-08-28T01:22:20","date_gmt":"2025-08-27T22:22:20","guid":{"rendered":"https:\/\/roveyayinevi.com.tr\/index.php\/urun\/erken-cocukluk-doneminde-etkili-programlar-ve-uygulamalar\/"},"modified":"2026-04-16T02:53:56","modified_gmt":"2026-04-15T23:53:56","slug":"erken-cocukluk-doneminde-etkili-programlar-ve-uygulamalar","status":"publish","type":"product","link":"https:\/\/roveyayinevi.com.tr\/index.php\/urun\/erken-cocukluk-doneminde-etkili-programlar-ve-uygulamalar\/","title":{"rendered":"Erken \u00c7ocukluk D\u00f6neminde Etkili Programlar ve Uygulamalar"},"content":{"rendered":"<p>Her \u00e7ocu\u011fun bir potansiyeli var ve bu potansiyel ancak onun i\u00e7in uygun ko\u015fullar sa\u011fland\u0131\u011f\u0131nda ortaya \u00e7\u0131k\u0131yor.  E\u011fitim programlar\u0131 ne kadar m\u00fckemmel olursa olsun \u00f6\u011fretmenler bu e\u011fitimin \u00f6z\u00fcne hakim de\u011fillerse program ne yaz\u0131k ki ba\u015far\u0131ya ula\u015fam\u0131yor. Bu nedenle \u00e7ocuklar\u0131n potansiyellerini ortaya \u00e7\u0131karabilecek etkili programlara, bu konuda \u00f6\u011frenmeye ve de\u011fi\u015fime a\u00e7\u0131k olan \u00f6\u011fretmenlere ihtiyac\u0131m\u0131z var.  Son 20 y\u0131lda bilgi ve ileti\u015fim teknolojileri alan\u0131nda ya\u015fanan h\u0131zl\u0131 geli\u015fmeler bu de\u011fi\u015fime ayak uyduracak insan potansiyelinden beklentileri ve bu potansiyeli gelece\u011fe haz\u0131rlayacak e\u011fitim anlay\u0131\u015f\u0131n\u0131 da de\u011fi\u015ftirdi. Art\u0131k bilgiyi kullanan de\u011fil bilgiyi \u00fcreten, yarat\u0131c\u0131, ele\u015ftirel d\u00fc\u015f\u00fcnme becerilerine sahip, giri\u015fimci ve ileti\u015fim becerileri y\u00fcksek bireyler gelece\u011fe y\u00f6n veriyor. Bu de\u011fi\u015fim 21. y\u00fczy\u0131l becerilerini geli\u015ftirecek olan e\u011fitim programlar\u0131 ve uygulamalar\u0131n\u0131n da \u00e7e\u015fitlenmesine katk\u0131da bulundu.   \u201cErken \u00c7ocukluk E\u011fitiminde Etkili Programlar ve Uygulamalar\u201d kitab\u0131 erken \u00e7ocukluk e\u011fitimine \u0131\u015f\u0131k tutan, y\u0131llar boyu yap\u0131lan \u00e7al\u0131\u015fmalarla etkisi kan\u0131tlanm\u0131\u015f programlar ile yeni bir anlay\u0131\u015fla yola \u00e7\u0131kan program ve uygulamalar\u0131 bulu\u015fturuyor.<\/p>\n","protected":false},"excerpt":{"rendered":"<p>Her \u00e7ocu\u011fun bir potansiyeli var ve bu potansiyel ancak onun i\u00e7in uygun ko\u015fullar sa\u011fland\u0131\u011f\u0131nda ortaya \u00e7\u0131k\u0131yor. E\u011fitim programlar\u0131 ne kadar m\u00fckemmel olursa olsun \u00f6\u011fretmenler bu e\u011fitimin<span class=\"excerpt-hellip\"> [\u2026]<\/span><\/p>\n","protected":false},"featured_media":0,"template":"","meta":{"_monsterinsights_skip_tracking":false,"_monsterinsights_sitenote_active":false,"_monsterinsights_sitenote_note":"","_monsterinsights_sitenote_category":0},"product_brand":[],"product_cat":[12573,12566],"product_tag":[],"class_list":{"0":"post-742865","1":"product","2":"type-product","3":"status-publish","5":"product_cat-akademik-kitaplar","6":"product_cat-egitim","7":"pa_cilt-ciltsiz","8":"pa_tur-kitap","9":"pa_yayinevi-egiten-kitap","10":"pa_yazar-kolektif","12":"first","13":"instock","14":"sale","15":"shipping-taxable","16":"purchasable","17":"product-type-simple"},"_links":{"self":[{"href":"https:\/\/roveyayinevi.com.tr\/index.php\/wp-json\/wp\/v2\/product\/742865","targetHints":{"allow":["GET"]}}],"collection":[{"href":"https:\/\/roveyayinevi.com.tr\/index.php\/wp-json\/wp\/v2\/product"}],"about":[{"href":"https:\/\/roveyayinevi.com.tr\/index.php\/wp-json\/wp\/v2\/types\/product"}],"wp:attachment":[{"href":"https:\/\/roveyayinevi.com.tr\/index.php\/wp-json\/wp\/v2\/media?parent=742865"}],"wp:term":[{"taxonomy":"product_brand","embeddable":true,"href":"https:\/\/roveyayinevi.com.tr\/index.php\/wp-json\/wp\/v2\/product_brand?post=742865"},{"taxonomy":"product_cat","embeddable":true,"href":"https:\/\/roveyayinevi.com.tr\/index.php\/wp-json\/wp\/v2\/product_cat?post=742865"},{"taxonomy":"product_tag","embeddable":true,"href":"https:\/\/roveyayinevi.com.tr\/index.php\/wp-json\/wp\/v2\/product_tag?post=742865"}],"curies":[{"name":"wp","href":"https:\/\/api.w.org\/{rel}","templated":true}]}}