{"id":742864,"date":"2025-08-28T01:22:19","date_gmt":"2025-08-27T22:22:19","guid":{"rendered":"https:\/\/roveyayinevi.com.tr\/index.php\/urun\/cocuk-ve-beslenme\/"},"modified":"2026-04-16T02:53:56","modified_gmt":"2026-04-15T23:53:56","slug":"cocuk-ve-beslenme","status":"publish","type":"product","link":"https:\/\/roveyayinevi.com.tr\/index.php\/urun\/cocuk-ve-beslenme\/","title":{"rendered":"\u00c7ocuk ve Beslenme"},"content":{"rendered":"<p>Ge\u00e7mi\u015ften g\u00fcn\u00fcm\u00fcze her d\u00f6nemde herkes i\u00e7in b\u00fcy\u00fck \u00f6neme sahip olan beslenme \u00f6zellikle b\u00fcy\u00fcme ve geli\u015fme d\u00f6neminde olan \u00e7ocuklar i\u00e7in son derece \u00f6nemlidir.    \u00c7ocuklar\u0131m\u0131z\u0131 b\u00fcy\u00fct\u00fcrken \u00f6zellikle ek besin d\u00f6nemi, besin alerjileri, \u00f6zel durumlarla kar\u015f\u0131 kar\u015f\u0131ya kald\u0131\u011f\u0131m\u0131z zaman nas\u0131l bir yol haritas\u0131 izleyece\u011fimiz noktas\u0131nda ya\u015fad\u0131\u011f\u0131m\u0131z g\u00fc\u00e7l\u00fcklerden yola \u00e7\u0131karak bu t\u00fcr bir eserin varl\u0131\u011f\u0131na ihtiya\u00e7 duyduk.   Bu y\u00fczden \u00e7ocuk geli\u015fimi ve e\u011fitimi alan\u0131nda multidisipliner \u00e7al\u0131\u015fmalar ger\u00e7ekle\u015ftiren farkl\u0131 meslekta\u015flar\u0131m\u0131zla bir araya gelerek olu\u015fturdu\u011fumuz bu eseri; ba\u015fta \u00e7ocuklara, onlara bak\u0131m hizmeti veren ebeveynlere \u00e7ocuk beslenmesi konusunda yard\u0131mc\u0131 olmas\u0131n\u0131 temenni ederek, d\u00fcnya \u00fczerinde hi\u00e7bir \u00e7ocu\u011fun a\u00e7l\u0131kla kar\u015f\u0131 kar\u015f\u0131ya kalmamas\u0131n\u0131 diliyoruz.<\/p>\n","protected":false},"excerpt":{"rendered":"<p>Ge\u00e7mi\u015ften g\u00fcn\u00fcm\u00fcze her d\u00f6nemde herkes i\u00e7in b\u00fcy\u00fck \u00f6neme sahip olan beslenme \u00f6zellikle b\u00fcy\u00fcme ve geli\u015fme d\u00f6neminde olan \u00e7ocuklar i\u00e7in son derece \u00f6nemlidir. \u00c7ocuklar\u0131m\u0131z\u0131 b\u00fcy\u00fct\u00fcrken \u00f6zellikle ek<span class=\"excerpt-hellip\"> [\u2026]<\/span><\/p>\n","protected":false},"featured_media":0,"template":"","meta":{"_monsterinsights_skip_tracking":false,"_monsterinsights_sitenote_active":false,"_monsterinsights_sitenote_note":"","_monsterinsights_sitenote_category":0},"product_brand":[],"product_cat":[12573,12566],"product_tag":[],"class_list":{"0":"post-742864","1":"product","2":"type-product","3":"status-publish","5":"product_cat-akademik-kitaplar","6":"product_cat-egitim","7":"pa_cilt-ciltsiz","8":"pa_tur-kitap","9":"pa_yayinevi-egiten-kitap","10":"pa_yazar-kolektif","12":"first","13":"instock","14":"sale","15":"shipping-taxable","16":"purchasable","17":"product-type-simple"},"_links":{"self":[{"href":"https:\/\/roveyayinevi.com.tr\/index.php\/wp-json\/wp\/v2\/product\/742864","targetHints":{"allow":["GET"]}}],"collection":[{"href":"https:\/\/roveyayinevi.com.tr\/index.php\/wp-json\/wp\/v2\/product"}],"about":[{"href":"https:\/\/roveyayinevi.com.tr\/index.php\/wp-json\/wp\/v2\/types\/product"}],"wp:attachment":[{"href":"https:\/\/roveyayinevi.com.tr\/index.php\/wp-json\/wp\/v2\/media?parent=742864"}],"wp:term":[{"taxonomy":"product_brand","embeddable":true,"href":"https:\/\/roveyayinevi.com.tr\/index.php\/wp-json\/wp\/v2\/product_brand?post=742864"},{"taxonomy":"product_cat","embeddable":true,"href":"https:\/\/roveyayinevi.com.tr\/index.php\/wp-json\/wp\/v2\/product_cat?post=742864"},{"taxonomy":"product_tag","embeddable":true,"href":"https:\/\/roveyayinevi.com.tr\/index.php\/wp-json\/wp\/v2\/product_tag?post=742864"}],"curies":[{"name":"wp","href":"https:\/\/api.w.org\/{rel}","templated":true}]}}