{"id":742863,"date":"2025-08-28T01:22:18","date_gmt":"2025-08-27T22:22:18","guid":{"rendered":"https:\/\/roveyayinevi.com.tr\/index.php\/urun\/cocuk-ve-animasyon\/"},"modified":"2026-04-16T02:53:56","modified_gmt":"2026-04-15T23:53:56","slug":"cocuk-ve-animasyon","status":"publish","type":"product","link":"https:\/\/roveyayinevi.com.tr\/index.php\/urun\/cocuk-ve-animasyon\/","title":{"rendered":"\u00c7ocuk ve Animasyon"},"content":{"rendered":"<p>Elinizdeki bu kitap \u00e7ocukla ileti\u015fimin farkl\u0131 bir boyutu olan ve \u00e7ocuklar a\u00e7\u0131s\u0131ndan son derece ilgi \u00e7ekicili\u011fi bulunan Animasyon \u00e7al\u0131\u015fmalar\u0131n\u0131n kapsaml\u0131 bir \u015fekilde ele al\u0131nd\u0131\u011f\u0131 bir \u00e7al\u0131\u015fmad\u0131r.   Kitapta animasyon ve animasyonla ilgili kavramlar, animat\u00f6r\u00fcn \u00f6zellikleri ve animasyon haz\u0131rlamada dikkat edilecek noktalar, kuklalar, yo\u011furma maddeleri, maskeler, ka\u011f\u0131t katlama, ta\u015f boyama, \u00e7ocuk ve dijital animasyon, y\u00fcz boyama, animasyon ve kost\u00fcm tasar\u0131m\u0131 ba\u015fl\u0131klar\u0131 alt\u0131nda animasyon ile ilgili kapsaml\u0131 ve detayl\u0131 bilgilere yer verilmi\u015ftir.   \u00d6zellikle bu alanda \u00e7al\u0131\u015facak meslek mensuplar\u0131n\u0131n yeti\u015ftirilmesinde bir ba\u015fucu kitab\u0131 olarak haz\u0131rlanan bu kitap alanda bu kapsamda yap\u0131lan \u00f6nc\u00fc \u00e7al\u0131\u015fmalardan da biridir.<\/p>\n","protected":false},"excerpt":{"rendered":"<p>Elinizdeki bu kitap \u00e7ocukla ileti\u015fimin farkl\u0131 bir boyutu olan ve \u00e7ocuklar a\u00e7\u0131s\u0131ndan son derece ilgi \u00e7ekicili\u011fi bulunan Animasyon \u00e7al\u0131\u015fmalar\u0131n\u0131n kapsaml\u0131 bir \u015fekilde ele al\u0131nd\u0131\u011f\u0131 bir \u00e7al\u0131\u015fmad\u0131r.<span class=\"excerpt-hellip\"> [\u2026]<\/span><\/p>\n","protected":false},"featured_media":0,"template":"","meta":{"_monsterinsights_skip_tracking":false,"_monsterinsights_sitenote_active":false,"_monsterinsights_sitenote_note":"","_monsterinsights_sitenote_category":0},"product_brand":[],"product_cat":[12573,12566],"product_tag":[],"class_list":{"0":"post-742863","1":"product","2":"type-product","3":"status-publish","5":"product_cat-akademik-kitaplar","6":"product_cat-egitim","7":"pa_cilt-ciltsiz","8":"pa_tur-kitap","9":"pa_yayinevi-egiten-kitap","10":"pa_yazar-kolektif","12":"first","13":"instock","14":"sale","15":"shipping-taxable","16":"purchasable","17":"product-type-simple"},"_links":{"self":[{"href":"https:\/\/roveyayinevi.com.tr\/index.php\/wp-json\/wp\/v2\/product\/742863","targetHints":{"allow":["GET"]}}],"collection":[{"href":"https:\/\/roveyayinevi.com.tr\/index.php\/wp-json\/wp\/v2\/product"}],"about":[{"href":"https:\/\/roveyayinevi.com.tr\/index.php\/wp-json\/wp\/v2\/types\/product"}],"wp:attachment":[{"href":"https:\/\/roveyayinevi.com.tr\/index.php\/wp-json\/wp\/v2\/media?parent=742863"}],"wp:term":[{"taxonomy":"product_brand","embeddable":true,"href":"https:\/\/roveyayinevi.com.tr\/index.php\/wp-json\/wp\/v2\/product_brand?post=742863"},{"taxonomy":"product_cat","embeddable":true,"href":"https:\/\/roveyayinevi.com.tr\/index.php\/wp-json\/wp\/v2\/product_cat?post=742863"},{"taxonomy":"product_tag","embeddable":true,"href":"https:\/\/roveyayinevi.com.tr\/index.php\/wp-json\/wp\/v2\/product_tag?post=742863"}],"curies":[{"name":"wp","href":"https:\/\/api.w.org\/{rel}","templated":true}]}}