{"id":742862,"date":"2025-08-28T01:22:17","date_gmt":"2025-08-27T22:22:17","guid":{"rendered":"https:\/\/roveyayinevi.com.tr\/index.php\/urun\/erken-cocukluk-doneminde-matematik-egitimi-3\/"},"modified":"2026-04-16T02:53:56","modified_gmt":"2026-04-15T23:53:56","slug":"erken-cocukluk-doneminde-matematik-egitimi-3","status":"publish","type":"product","link":"https:\/\/roveyayinevi.com.tr\/index.php\/urun\/erken-cocukluk-doneminde-matematik-egitimi-3\/","title":{"rendered":"Erken \u00c7ocukluk D\u00f6neminde Matematik E\u011fitimi"},"content":{"rendered":"<p>\u00c7ocuklar\u0131n matematik becerilerinin geli\u015fimini erken d\u00f6nemde desteklemek ve matematik ba\u015far\u0131s\u0131nda e\u015fitli\u011fi ve m\u00fckemmelli\u011fi art\u0131rmak i\u00e7in matematik ve matematik e\u011fitimi konusunda iyi yeti\u015fmi\u015f \u00f6\u011fretmenlere ihtiya\u00e7 duyulmaktad\u0131r. E\u011fitimciler, ara\u015ft\u0131rmac\u0131lar ve politika uygulay\u0131c\u0131lar okul \u00f6ncesi \u00f6\u011fretmenlerinin ve \u00f6\u011fretmen adaylar\u0131n\u0131n mesleki geli\u015fiminin desteklenmesi i\u00e7in yeni bilgiler ve kaynaklar ortaya koymaktad\u0131r. Bu kitap hem okul \u00f6ncesi \u00f6\u011fretmenlerinin hem de \u00f6\u011fretmen adaylar\u0131n\u0131n matematik konusunda pedagojik alan bilgilerini geli\u015ftirmeye y\u00f6nelik olarak haz\u0131rlanm\u0131\u015ft\u0131r.   Kitab\u0131 planlarken \u00f6ncelikle \u00e7ocu\u011fun matematik becerilerinin geli\u015fimini \u00e7ok y\u00f6nl\u00fc olarak ele almay\u0131 hedefledik. B\u00f6ylece erken \u00e7ocukluk alan\u0131nda \u00e7al\u0131\u015fan e\u011fitimcilerde \u00e7ocu\u011fun matematiksel geli\u015fiminin bireysel ve \u00e7evresel fakt\u00f6rler g\u00f6z \u00f6n\u00fcnde bulundurularak de\u011ferlendirilmesi gerekti\u011fi fark\u0131ndal\u0131\u011f\u0131n\u0131 olu\u015fturmay\u0131 ama\u00e7lanm\u0131\u015ft\u0131r. Bu nedenle kitab\u0131n ilk b\u00f6l\u00fcmlerinde erken \u00e7ocuklukta matematik e\u011fitiminin yeri ve \u00f6neminin yan\u0131 s\u0131ra \u00e7ocuk, ev ortam\u0131, \u00f6\u011frenme ortam\u0131, \u00f6\u011frenme materyalleri, matematiksel s\u00f6ylem ve de\u011ferlendirme gibi fakt\u00f6rlerin \u00e7ocu\u011fun matematik becerilerinin geli\u015fimi ile ili\u015fkisini ilgili b\u00f6l\u00fcmlerde g\u00fcncel bilimsel kan\u0131tlar \u0131\u015f\u0131\u011f\u0131nda ayr\u0131nt\u0131l\u0131 olarak ele al\u0131nm\u0131\u015ft\u0131r.<\/p>\n","protected":false},"excerpt":{"rendered":"<p>\u00c7ocuklar\u0131n matematik becerilerinin geli\u015fimini erken d\u00f6nemde desteklemek ve matematik ba\u015far\u0131s\u0131nda e\u015fitli\u011fi ve m\u00fckemmelli\u011fi art\u0131rmak i\u00e7in matematik ve matematik e\u011fitimi konusunda iyi yeti\u015fmi\u015f \u00f6\u011fretmenlere ihtiya\u00e7 duyulmaktad\u0131r. E\u011fitimciler,<span class=\"excerpt-hellip\"> [\u2026]<\/span><\/p>\n","protected":false},"featured_media":0,"template":"","meta":{"_monsterinsights_skip_tracking":false,"_monsterinsights_sitenote_active":false,"_monsterinsights_sitenote_note":"","_monsterinsights_sitenote_category":0},"product_brand":[],"product_cat":[12573,12566],"product_tag":[],"class_list":{"0":"post-742862","1":"product","2":"type-product","3":"status-publish","5":"product_cat-akademik-kitaplar","6":"product_cat-egitim","7":"pa_cilt-ciltsiz","8":"pa_tur-kitap","9":"pa_yayinevi-egiten-kitap","10":"pa_yazar-kolektif","12":"first","13":"instock","14":"sale","15":"shipping-taxable","16":"purchasable","17":"product-type-simple"},"_links":{"self":[{"href":"https:\/\/roveyayinevi.com.tr\/index.php\/wp-json\/wp\/v2\/product\/742862","targetHints":{"allow":["GET"]}}],"collection":[{"href":"https:\/\/roveyayinevi.com.tr\/index.php\/wp-json\/wp\/v2\/product"}],"about":[{"href":"https:\/\/roveyayinevi.com.tr\/index.php\/wp-json\/wp\/v2\/types\/product"}],"wp:attachment":[{"href":"https:\/\/roveyayinevi.com.tr\/index.php\/wp-json\/wp\/v2\/media?parent=742862"}],"wp:term":[{"taxonomy":"product_brand","embeddable":true,"href":"https:\/\/roveyayinevi.com.tr\/index.php\/wp-json\/wp\/v2\/product_brand?post=742862"},{"taxonomy":"product_cat","embeddable":true,"href":"https:\/\/roveyayinevi.com.tr\/index.php\/wp-json\/wp\/v2\/product_cat?post=742862"},{"taxonomy":"product_tag","embeddable":true,"href":"https:\/\/roveyayinevi.com.tr\/index.php\/wp-json\/wp\/v2\/product_tag?post=742862"}],"curies":[{"name":"wp","href":"https:\/\/api.w.org\/{rel}","templated":true}]}}