{"id":742860,"date":"2025-08-28T01:22:15","date_gmt":"2025-08-27T22:22:15","guid":{"rendered":"https:\/\/roveyayinevi.com.tr\/index.php\/urun\/cin-cumhurbaskani-xi-jinpingin-konusmalari\/"},"modified":"2026-04-16T02:53:55","modified_gmt":"2026-04-15T23:53:55","slug":"cin-cumhurbaskani-xi-jinpingin-konusmalari","status":"publish","type":"product","link":"https:\/\/roveyayinevi.com.tr\/index.php\/urun\/cin-cumhurbaskani-xi-jinpingin-konusmalari\/","title":{"rendered":"\u00c7in Cumhurba\u015fkan\u0131 Xi Jinping\u2019in Konu\u015fmalar\u0131"},"content":{"rendered":"<p>\u00c7in Kom\u00fcnist Partisinin 18. Ulusal Kongresinden bu yana, anahtar isim Xi Jinping&#8217;in bulundu\u011fu \u00c7KP Merkez Komitesinin liderli\u011fi alt\u0131nda, \u00c7in\u2019e \u00f6zg\u00fc b\u00fcy\u00fck \u00fclke diplomasisi s\u00fcrekli olarak yeni geli\u015fmeler elde edip yeni ufuklar a\u00e7\u0131yor. Bir b\u00fct\u00fcn olarak teorik sistemi; zengin uygulama i\u00e7erikleri ve ay\u0131rt edici \u00f6zellikleri olu\u015fturuyor. D\u0131\u015f politikada Xi Jinping, eski ve \u00e7a\u011fda\u015f \u00c7in \u015fiirlerinden, yabanc\u0131 \u015fiirlerden, atas\u00f6z\u00fc ve \u00f6zdeyi\u015flerden al\u0131nt\u0131 yaparak canland\u0131r\u0131c\u0131 dille \u00c7in diplomasisindeki yeni kavramlar\u0131, yeni fikirleri ve yeni stratejilerini a\u00e7\u0131klamak konusunda etkileyici ve derin bir izlenim b\u0131rak\u0131yor. Dilin g\u00fcc\u00fcne dayanan bu kitap, Xi Jinping&#8217;in \u00c7in diplomasisi \u00fczerine derin ve \u00f6zg\u00fcn a\u00e7\u0131klamalar\u0131 hakk\u0131nda se\u00e7kin bir \u00e7al\u0131\u015fmad\u0131r. Okurlar\u0131n Xi Jinping\u2019in diplomasisi d\u00fc\u015f\u00fcncesinin derin \u00e7a\u011fr\u0131\u015f\u0131mlar\u0131n\u0131 daha iyi anlamas\u0131n\u0131 sa\u011flayan iyi bir kaynak olabilen bu kitapla, Xi\u2019nin dil anlat\u0131m\u0131n\u0131n \u00fcst vizyonlu olmas\u0131n\u0131n yan\u0131 s\u0131ra g\u00fcnl\u00fck hayat\u0131ndaki yak\u0131nl\u0131\u011f\u0131 ve cana yak\u0131nl\u0131k odakl\u0131 dilinin etkileyicili\u011fine de yak\u0131ndan tan\u0131kl\u0131k edilebilecektir. <\/p>\n","protected":false},"excerpt":{"rendered":"<p>\u00c7in Kom\u00fcnist Partisinin 18. Ulusal Kongresinden bu yana, anahtar isim Xi Jinping&#8217;in bulundu\u011fu \u00c7KP Merkez Komitesinin liderli\u011fi alt\u0131nda, \u00c7in\u2019e \u00f6zg\u00fc b\u00fcy\u00fck \u00fclke diplomasisi s\u00fcrekli olarak yeni<span class=\"excerpt-hellip\"> [\u2026]<\/span><\/p>\n","protected":false},"featured_media":0,"template":"","meta":{"_monsterinsights_skip_tracking":false,"_monsterinsights_sitenote_active":false,"_monsterinsights_sitenote_note":"","_monsterinsights_sitenote_category":0},"product_brand":[],"product_cat":[12573,12566],"product_tag":[],"class_list":{"0":"post-742860","1":"product","2":"type-product","3":"status-publish","5":"product_cat-akademik-kitaplar","6":"product_cat-egitim","7":"pa_cilt-ciltsiz","8":"pa_tur-kitap","9":"pa_yayinevi-yeni-insan-yayinlari","10":"pa_yazar-kolektif","12":"first","13":"instock","14":"sale","15":"shipping-taxable","16":"purchasable","17":"product-type-simple"},"_links":{"self":[{"href":"https:\/\/roveyayinevi.com.tr\/index.php\/wp-json\/wp\/v2\/product\/742860","targetHints":{"allow":["GET"]}}],"collection":[{"href":"https:\/\/roveyayinevi.com.tr\/index.php\/wp-json\/wp\/v2\/product"}],"about":[{"href":"https:\/\/roveyayinevi.com.tr\/index.php\/wp-json\/wp\/v2\/types\/product"}],"wp:attachment":[{"href":"https:\/\/roveyayinevi.com.tr\/index.php\/wp-json\/wp\/v2\/media?parent=742860"}],"wp:term":[{"taxonomy":"product_brand","embeddable":true,"href":"https:\/\/roveyayinevi.com.tr\/index.php\/wp-json\/wp\/v2\/product_brand?post=742860"},{"taxonomy":"product_cat","embeddable":true,"href":"https:\/\/roveyayinevi.com.tr\/index.php\/wp-json\/wp\/v2\/product_cat?post=742860"},{"taxonomy":"product_tag","embeddable":true,"href":"https:\/\/roveyayinevi.com.tr\/index.php\/wp-json\/wp\/v2\/product_tag?post=742860"}],"curies":[{"name":"wp","href":"https:\/\/api.w.org\/{rel}","templated":true}]}}