{"id":742857,"date":"2025-08-28T01:22:10","date_gmt":"2025-08-27T22:22:10","guid":{"rendered":"https:\/\/roveyayinevi.com.tr\/index.php\/urun\/ali-ile-manoli\/"},"modified":"2026-04-16T02:53:55","modified_gmt":"2026-04-15T23:53:55","slug":"ali-ile-manoli","status":"publish","type":"product","link":"https:\/\/roveyayinevi.com.tr\/index.php\/urun\/ali-ile-manoli\/","title":{"rendered":"Ali \u0130le Manoli"},"content":{"rendered":"<p>Sevgili \u00e7ocuklar,Sava\u015f \u00e7\u0131lg\u0131nl\u0131kt\u0131r; insanlara yaln\u0131zca \u00f6l\u00fcm, g\u00f6zya\u015f\u0131, y\u0131k\u0131nt\u0131 getirmi\u015ftir. Yine de b\u00fct\u00fcn uluslar\u0131n ge\u00e7mi\u015flerinde sava\u015flar vard\u0131r. Bizim Ba\u011f\u0131ms\u0131zl\u0131k Sava\u015f\u0131\u2019m\u0131z, topraklara yeni topraklar katmak i\u00e7in de\u011fil; d\u00f6rtbir yandan \u00e7ullananlara kar\u015f\u0131 yurdumuzu savunmak i\u00e7in verilmi\u015f bir \u00f6l\u00fcm-kal\u0131m sava\u015f\u0131d\u0131r. Ali ile Manoli\u2019nin insan y\u00fcre\u011fini \u0131s\u0131tan dostlu\u011fu, ba\u015flayan bir sava\u015f\u0131n ac\u0131lar\u0131, y\u0131k\u0131nt\u0131lar\u0131 aras\u0131nda b\u00fcy\u00fcyen bir \u00e7i\u00e7ek gibidir. \u00dclk\u00fcn Tansel <\/p>\n","protected":false},"excerpt":{"rendered":"<p>Sevgili \u00e7ocuklar,Sava\u015f \u00e7\u0131lg\u0131nl\u0131kt\u0131r; insanlara yaln\u0131zca \u00f6l\u00fcm, g\u00f6zya\u015f\u0131, y\u0131k\u0131nt\u0131 getirmi\u015ftir. Yine de b\u00fct\u00fcn uluslar\u0131n ge\u00e7mi\u015flerinde sava\u015flar vard\u0131r. Bizim Ba\u011f\u0131ms\u0131zl\u0131k Sava\u015f\u0131\u2019m\u0131z, topraklara yeni topraklar katmak i\u00e7in de\u011fil; d\u00f6rtbir<span class=\"excerpt-hellip\"> [\u2026]<\/span><\/p>\n","protected":false},"featured_media":0,"template":"","meta":{"_monsterinsights_skip_tracking":false,"_monsterinsights_sitenote_active":false,"_monsterinsights_sitenote_note":"","_monsterinsights_sitenote_category":0},"product_brand":[],"product_cat":[12689,12274],"product_tag":[],"class_list":{"0":"post-742857","1":"product","2":"type-product","3":"status-publish","5":"product_cat-cizgi-roman-cocuk-ve-genclik-kitaplari","6":"product_cat-cocuk-ve-genclik-kitaplari","7":"pa_cilt-ciltsiz","8":"pa_tur-kitap","9":"pa_yayinevi-cumhuriyet-kitaplari","10":"pa_yazar-ulkun-tansel","12":"first","13":"instock","14":"sale","15":"shipping-taxable","16":"purchasable","17":"product-type-simple"},"_links":{"self":[{"href":"https:\/\/roveyayinevi.com.tr\/index.php\/wp-json\/wp\/v2\/product\/742857","targetHints":{"allow":["GET"]}}],"collection":[{"href":"https:\/\/roveyayinevi.com.tr\/index.php\/wp-json\/wp\/v2\/product"}],"about":[{"href":"https:\/\/roveyayinevi.com.tr\/index.php\/wp-json\/wp\/v2\/types\/product"}],"wp:attachment":[{"href":"https:\/\/roveyayinevi.com.tr\/index.php\/wp-json\/wp\/v2\/media?parent=742857"}],"wp:term":[{"taxonomy":"product_brand","embeddable":true,"href":"https:\/\/roveyayinevi.com.tr\/index.php\/wp-json\/wp\/v2\/product_brand?post=742857"},{"taxonomy":"product_cat","embeddable":true,"href":"https:\/\/roveyayinevi.com.tr\/index.php\/wp-json\/wp\/v2\/product_cat?post=742857"},{"taxonomy":"product_tag","embeddable":true,"href":"https:\/\/roveyayinevi.com.tr\/index.php\/wp-json\/wp\/v2\/product_tag?post=742857"}],"curies":[{"name":"wp","href":"https:\/\/api.w.org\/{rel}","templated":true}]}}