{"id":742855,"date":"2025-08-28T01:22:08","date_gmt":"2025-08-27T22:22:08","guid":{"rendered":"https:\/\/roveyayinevi.com.tr\/index.php\/urun\/en-kotu-hapishane-kendi-kendimize-kurdugumuzdur\/"},"modified":"2026-04-16T02:53:55","modified_gmt":"2026-04-15T23:53:55","slug":"en-kotu-hapishane-kendi-kendimize-kurdugumuzdur","status":"publish","type":"product","link":"https:\/\/roveyayinevi.com.tr\/index.php\/urun\/en-kotu-hapishane-kendi-kendimize-kurdugumuzdur\/","title":{"rendered":"En K\u00f6t\u00fc Hapishane Kendi Kendimize Kurdu\u011fumuzdur"},"content":{"rendered":"<p>EN K\u00d6T\u00dc HAP\u0130SHANE KEND\u0130 KEND\u0130M\u0130ZE KURDU\u011eUMUZDUR Fark\u0131na varamayabiliriz ama bazen kendi kendimize kurdu\u011fumuz \u00f6yle hapishaneler olur, o kadar s\u0131k\u0131 parmakl\u0131klar arkas\u0131nda ya\u015famaya \u00e7al\u0131\u015f\u0131r\u0131z ki; Ma\u011fduriyet Hapishanesi, Ka\u00e7\u0131nma Hapishanesi, Kendini \u0130hmal Etme Hapishanesi, S\u0131rlar Hapishanesi, Su\u00e7luluk ve Utan\u00e7 Hapishanesi, Keder Hapishanesi, Kat\u0131l\u0131k Hapishanesi, \u0130\u00e7erleme Hapishanesi, Korku Hapishanesi, Yarg\u0131lama Hapishanesi, Umutsuzluk Hapishanesi, Affetmeme Hapishanesi\u2026 Nazilerin toplama kamp\u0131ndan sa\u011f \u00e7\u0131km\u0131\u015f ve klinik psikolog olan yazar Edith Eger, \u201cHapisliklerin en k\u00f6t\u00fcs\u00fc Nazilerin beni i\u00e7ine t\u0131kt\u0131\u011f\u0131 de\u011fildi, en k\u00f6t\u00fc hapishane benim kendime kurdu\u011fumdu\u201d diyor. Uzun ve \u00e7alkant\u0131l\u0131 bir hayat\u0131n i\u00e7inden s\u00fcz\u00fclen \u00e7arp\u0131c\u0131 hik\u00e2yeler e\u015fli\u011finde hapishanenin zihnimizde oldu\u011funu anlat\u0131rken \u00f6zg\u00fcrl\u00fc\u011fe ve dolay\u0131s\u0131yla potansiyelimizi kucaklamaya a\u00e7\u0131lan kap\u0131n\u0131n anahtar\u0131n\u0131n da cebimizde oldu\u011funu g\u00f6steriyor. En k\u00f6t\u00fc deneyimlerimiz, en b\u00fcy\u00fck ac\u0131lar\u0131m\u0131z \u00f6ng\u00f6r\u00fclmemi\u015f ke\u015fifleri harekete ge\u00e7irip yeni bak\u0131\u015f a\u00e7\u0131lar\u0131na ula\u015fmam\u0131z\u0131 sa\u011flayarak en iyi \u00f6\u011fretmenlerimiz haline gelebilir. \u00d6nemli olan ba\u015f\u0131m\u0131za ne geldi\u011fi de\u011fil, onunla ne yapmay\u0131 se\u00e7ti\u011fimizdir. \u015eifa bulmam\u0131z, doyuma ula\u015fmam\u0131z ve \u00f6zg\u00fcrl\u00fc\u011f\u00fcm\u00fcz bu se\u00e7imimize verece\u011fimiz anlama ve dev\u015firece\u011fimiz amaca ba\u011fl\u0131d\u0131r. Hayat bir arma\u011fan, onu kendi yaratt\u0131\u011f\u0131m\u0131z hapishanelerde ziyan etmek yerine, de\u011ferini bilerek ve hissederek \u00f6zg\u00fcrce ya\u015fayal\u0131m.<\/p>\n","protected":false},"excerpt":{"rendered":"<p>EN K\u00d6T\u00dc HAP\u0130SHANE KEND\u0130 KEND\u0130M\u0130ZE KURDU\u011eUMUZDUR Fark\u0131na varamayabiliriz ama bazen kendi kendimize kurdu\u011fumuz \u00f6yle hapishaneler olur, o kadar s\u0131k\u0131 parmakl\u0131klar arkas\u0131nda ya\u015famaya \u00e7al\u0131\u015f\u0131r\u0131z ki; Ma\u011fduriyet Hapishanesi,<span class=\"excerpt-hellip\"> [\u2026]<\/span><\/p>\n","protected":false},"featured_media":0,"template":"","meta":{"_monsterinsights_skip_tracking":false,"_monsterinsights_sitenote_active":false,"_monsterinsights_sitenote_note":"","_monsterinsights_sitenote_category":0},"product_brand":[],"product_cat":[12755,12357],"product_tag":[],"class_list":{"0":"post-742855","1":"product","2":"type-product","3":"status-publish","5":"product_cat-gelisim-psikolojisi","6":"product_cat-psikoloji","7":"pa_cilt-ciltsiz","8":"pa_tur-kitap","9":"pa_yayinevi-kuraldisi-yayinevi","10":"pa_yazar-edith-eger","12":"first","13":"instock","14":"sale","15":"shipping-taxable","16":"purchasable","17":"product-type-simple"},"_links":{"self":[{"href":"https:\/\/roveyayinevi.com.tr\/index.php\/wp-json\/wp\/v2\/product\/742855","targetHints":{"allow":["GET"]}}],"collection":[{"href":"https:\/\/roveyayinevi.com.tr\/index.php\/wp-json\/wp\/v2\/product"}],"about":[{"href":"https:\/\/roveyayinevi.com.tr\/index.php\/wp-json\/wp\/v2\/types\/product"}],"wp:attachment":[{"href":"https:\/\/roveyayinevi.com.tr\/index.php\/wp-json\/wp\/v2\/media?parent=742855"}],"wp:term":[{"taxonomy":"product_brand","embeddable":true,"href":"https:\/\/roveyayinevi.com.tr\/index.php\/wp-json\/wp\/v2\/product_brand?post=742855"},{"taxonomy":"product_cat","embeddable":true,"href":"https:\/\/roveyayinevi.com.tr\/index.php\/wp-json\/wp\/v2\/product_cat?post=742855"},{"taxonomy":"product_tag","embeddable":true,"href":"https:\/\/roveyayinevi.com.tr\/index.php\/wp-json\/wp\/v2\/product_tag?post=742855"}],"curies":[{"name":"wp","href":"https:\/\/api.w.org\/{rel}","templated":true}]}}