{"id":742854,"date":"2025-08-28T01:22:06","date_gmt":"2025-08-27T22:22:06","guid":{"rendered":"https:\/\/roveyayinevi.com.tr\/index.php\/urun\/yana-yakila-tukenecek-miyiz\/"},"modified":"2026-04-16T02:53:55","modified_gmt":"2026-04-15T23:53:55","slug":"yana-yakila-tukenecek-miyiz","status":"publish","type":"product","link":"https:\/\/roveyayinevi.com.tr\/index.php\/urun\/yana-yakila-tukenecek-miyiz\/","title":{"rendered":"Yana Yak\u0131la T\u00fckenecek miyiz?"},"content":{"rendered":"<p>\u201cCi\u011ferlerimiz yan\u0131yormu\u015f\u201d; yanmamal\u0131ym\u0131\u015f!   Bu s\u00f6z onlarca y\u0131ld\u0131r kime s\u00f6yleniyor; bana m\u0131, size mi; kime?   Peki s\u00f6yleniyor da ne oluyor? \u201cD\u00fcn\u201d on be\u015f g\u00fcn i\u00e7inde en az y\u00fcz elli bin hektar orman ve maki ekosistemi yanm\u0131\u015fken \u201cbug\u00fcn\u201d yaln\u0131zca Marmaris\u2019te \u00fc\u00e7 g\u00fcn i\u00e7inde en az be\u015f bin hektar orman ekosistemi cay\u0131r cay\u0131r yanabiliyor.   Ormanlarda ne ba\u011f\u0131, bah\u00e7esi, k\u00f6\u015fk\u00fc ne de villas\u0131 olan kimi yurtta\u015flar\u0131m\u0131z g\u00f6zya\u015flar\u0131n\u0131 tutam\u0131yor. Kimi, gencecik ya\u015f\u0131nda s\u00f6nd\u00fcrme i\u015f\u00e7ilerine su ta\u015f\u0131rken can\u0131n\u0131 yitiriyor; bir y\u0131l bile ge\u00e7meden unutulup gidiyor.   Kimileri y\u00fczeysel bilgileriyle yaln\u0131zca u\u00e7ak, helikopter vb ara\u00e7lar\u0131n yetersizli\u011finden yak\u0131n\u0131rken ger\u00e7ekte kimlerin de\u011firmenine su ta\u015f\u0131d\u0131\u011f\u0131n\u0131 ay\u0131rt edemiyor.   Kimileriyse \u00fclkemizde orman yang\u0131nlar\u0131 ile yol a\u00e7t\u0131\u011f\u0131 y\u0131k\u0131mlar\u0131n neden en aza indirilemedi\u011fini, dahas\u0131 giderek neden ve nas\u0131l b\u00fcy\u00fcd\u00fc\u011f\u00fcn\u00fc t\u00fcm boyutlar\u0131yla sorgulamak yerine siyasal iktidar\u0131n \u201ck\u00fcresel \u0131s\u0131nma\u201d, \u201c\u015fiddetli r\u00fczg\u00e2r\u201d, \u201c\u00e7ok d\u00fc\u015f\u00fck nem oran\u0131\u201d vb a\u00e7\u0131klamalar\u0131yla yetiniyor.   Ama do\u011fal ortamlar\u0131, varl\u0131klar\u0131 ger\u00e7ekten de i\u00e7tenlikle seven, onlar\u0131 sayan yurtta\u015flar\u0131m\u0131z da var; \u00fcstelik hem giderek bilgilenip bilin\u00e7leniyor hem say\u0131lar\u0131 art\u0131yor hem de daha etkin \u00e7abalara giriyor. \u0130yi ki varlar.<\/p>\n","protected":false},"excerpt":{"rendered":"<p>\u201cCi\u011ferlerimiz yan\u0131yormu\u015f\u201d; yanmamal\u0131ym\u0131\u015f! Bu s\u00f6z onlarca y\u0131ld\u0131r kime s\u00f6yleniyor; bana m\u0131, size mi; kime? Peki s\u00f6yleniyor da ne oluyor? \u201cD\u00fcn\u201d on be\u015f g\u00fcn i\u00e7inde en az<span class=\"excerpt-hellip\"> [\u2026]<\/span><\/p>\n","protected":false},"featured_media":0,"template":"","meta":{"_monsterinsights_skip_tracking":false,"_monsterinsights_sitenote_active":false,"_monsterinsights_sitenote_note":"","_monsterinsights_sitenote_category":0},"product_brand":[],"product_cat":[13072,12291],"product_tag":[],"class_list":{"0":"post-742854","1":"product","2":"type-product","3":"status-publish","5":"product_cat-arastirma-inceleme-referans","6":"product_cat-edebiyat","7":"pa_cilt-ciltsiz","8":"pa_tur-kitap","9":"pa_yayinevi-yeni-insan-yayinlari","10":"pa_yazar-yucel-caglar","12":"first","13":"instock","14":"sale","15":"shipping-taxable","16":"purchasable","17":"product-type-simple"},"_links":{"self":[{"href":"https:\/\/roveyayinevi.com.tr\/index.php\/wp-json\/wp\/v2\/product\/742854","targetHints":{"allow":["GET"]}}],"collection":[{"href":"https:\/\/roveyayinevi.com.tr\/index.php\/wp-json\/wp\/v2\/product"}],"about":[{"href":"https:\/\/roveyayinevi.com.tr\/index.php\/wp-json\/wp\/v2\/types\/product"}],"wp:attachment":[{"href":"https:\/\/roveyayinevi.com.tr\/index.php\/wp-json\/wp\/v2\/media?parent=742854"}],"wp:term":[{"taxonomy":"product_brand","embeddable":true,"href":"https:\/\/roveyayinevi.com.tr\/index.php\/wp-json\/wp\/v2\/product_brand?post=742854"},{"taxonomy":"product_cat","embeddable":true,"href":"https:\/\/roveyayinevi.com.tr\/index.php\/wp-json\/wp\/v2\/product_cat?post=742854"},{"taxonomy":"product_tag","embeddable":true,"href":"https:\/\/roveyayinevi.com.tr\/index.php\/wp-json\/wp\/v2\/product_tag?post=742854"}],"curies":[{"name":"wp","href":"https:\/\/api.w.org\/{rel}","templated":true}]}}