{"id":742853,"date":"2025-08-28T01:22:04","date_gmt":"2025-08-27T22:22:04","guid":{"rendered":"https:\/\/roveyayinevi.com.tr\/index.php\/urun\/cekirdek-ve-gazoz\/"},"modified":"2026-04-16T02:53:55","modified_gmt":"2026-04-15T23:53:55","slug":"cekirdek-ve-gazoz","status":"publish","type":"product","link":"https:\/\/roveyayinevi.com.tr\/index.php\/urun\/cekirdek-ve-gazoz\/","title":{"rendered":"\u00c7ekirdek ve Gazoz"},"content":{"rendered":"<p>Ye\u015fil\u00e7am, izleyene, yazana siyah beyaz bir huzurdur. Filmler renkli olsa da siyah beyazd\u0131r o d\u00fcnya. Grisi yoktur pek. \u0130yiler k\u00f6t\u00fcler, zenginler fakirler, sevenler sevmeyenler, g\u00fc\u00e7l\u00fcler zay\u0131flar\u2026 Siyah ve beyaz kadar z\u0131t kar\u015f\u0131tl\u0131klar\u2026 Ama huzurdur i\u015fte Ye\u015fil\u00e7am\u2019\u0131n bendeki tezah\u00fcr\u00fc en \u00e7ok. Siyah beyaz huzura bir sayg\u0131 duru\u015fudur yaz\u0131lan t\u00fcm sat\u0131rlar. Sayg\u0131 duru\u015fu i\u00e7in hepinizi sayfalara davet ediyorum. Ama bilinen bir sayg\u0131 duru\u015fundan farkl\u0131 olarak ayakta de\u011filiz, yazl\u0131k sinemalarday\u0131z. Tahta sandalyelerde oturuyoruz. Elimizde \u00e7ekirdek ve gazoz\u2026 \u00d6yle farz edin i\u015fte kuzum\u2026 Herkes yerini als\u0131n, perde a\u00e7\u0131l\u0131yor\u2026 *** Ay\u015fe Havva Geyik, Ye\u015fil\u00e7am filmlerinin g\u00f6z kama\u015ft\u0131ran \u0131\u015f\u0131\u011f\u0131yla b\u00fcy\u00fcm\u00fc\u015f bir sinemasever. Ancak\u2026 Ye\u015fil\u00e7am\u2019\u0131 izlemekten \u00f6teye ge\u00e7mi\u015f ve yolda\u015f\u0131 olmu\u015f bu filmlerdeki karakterlerin. Kimi zaman tahta bir bavul haz\u0131rlay\u0131p mahallelerine yerle\u015fmi\u015f. Ye\u015fil\u00e7am filmlerini, sayg\u0131y\u0131 daima \u00f6n planda tutarak, objektif bir bak\u0131\u015f a\u00e7\u0131s\u0131yla ama amat\u00f6r izleyici ruhundan kopmadan, d\u00f6nemin toplumsal ger\u00e7ekleri ve etkileriyle ele alm\u0131\u015f. Sadece Ye\u015fil\u00e7am\u2019\u0131 de\u011fil, yak\u0131n d\u00f6nem tarihi anlamland\u0131rmak bak\u0131m\u0131ndan da k\u0131ymetli bir kitap! <\/p>\n","protected":false},"excerpt":{"rendered":"<p>Ye\u015fil\u00e7am, izleyene, yazana siyah beyaz bir huzurdur. Filmler renkli olsa da siyah beyazd\u0131r o d\u00fcnya. Grisi yoktur pek. \u0130yiler k\u00f6t\u00fcler, zenginler fakirler, sevenler sevmeyenler, g\u00fc\u00e7l\u00fcler zay\u0131flar\u2026<span class=\"excerpt-hellip\"> [\u2026]<\/span><\/p>\n","protected":false},"featured_media":0,"template":"","meta":{"_monsterinsights_skip_tracking":false,"_monsterinsights_sitenote_active":false,"_monsterinsights_sitenote_note":"","_monsterinsights_sitenote_category":0},"product_brand":[],"product_cat":[12777,12291],"product_tag":[],"class_list":{"0":"post-742853","1":"product","2":"type-product","3":"status-publish","5":"product_cat-deneme","6":"product_cat-edebiyat","7":"pa_cilt-ciltsiz","8":"pa_tur-kitap","9":"pa_yayinevi-luna-yayinlari","10":"pa_yazar-ayse-havva-geyik","12":"first","13":"instock","14":"sale","15":"shipping-taxable","16":"purchasable","17":"product-type-simple"},"_links":{"self":[{"href":"https:\/\/roveyayinevi.com.tr\/index.php\/wp-json\/wp\/v2\/product\/742853","targetHints":{"allow":["GET"]}}],"collection":[{"href":"https:\/\/roveyayinevi.com.tr\/index.php\/wp-json\/wp\/v2\/product"}],"about":[{"href":"https:\/\/roveyayinevi.com.tr\/index.php\/wp-json\/wp\/v2\/types\/product"}],"wp:attachment":[{"href":"https:\/\/roveyayinevi.com.tr\/index.php\/wp-json\/wp\/v2\/media?parent=742853"}],"wp:term":[{"taxonomy":"product_brand","embeddable":true,"href":"https:\/\/roveyayinevi.com.tr\/index.php\/wp-json\/wp\/v2\/product_brand?post=742853"},{"taxonomy":"product_cat","embeddable":true,"href":"https:\/\/roveyayinevi.com.tr\/index.php\/wp-json\/wp\/v2\/product_cat?post=742853"},{"taxonomy":"product_tag","embeddable":true,"href":"https:\/\/roveyayinevi.com.tr\/index.php\/wp-json\/wp\/v2\/product_tag?post=742853"}],"curies":[{"name":"wp","href":"https:\/\/api.w.org\/{rel}","templated":true}]}}