{"id":742852,"date":"2025-08-28T01:22:03","date_gmt":"2025-08-27T22:22:03","guid":{"rendered":"https:\/\/roveyayinevi.com.tr\/index.php\/urun\/cilgin-okul-1\/"},"modified":"2026-04-16T02:53:55","modified_gmt":"2026-04-15T23:53:55","slug":"cilgin-okul-1","status":"publish","type":"product","link":"https:\/\/roveyayinevi.com.tr\/index.php\/urun\/cilgin-okul-1\/","title":{"rendered":"\u00c7\u0131lg\u0131n Okul-1"},"content":{"rendered":"<p>\u00dcnl\u00fcler S\u0131n\u0131f\u0131\u2019n\u0131n g\u00fcr\u00fclt\u00fcs\u00fcne, \u00dcns\u00fczler S\u0131n\u0131f\u0131\u2019n\u0131n sessiz e\u011flencesine; Rakamlar S\u0131n\u0131f\u0131\u2019n\u0131n bilmi\u015fli\u011fine, \u015eekiller S\u0131n\u0131f\u0131\u2019n\u0131n oyunlar\u0131na ve tabii ki e\u2019nin yaramazl\u0131klar\u0131na haz\u0131rsan\u0131z, \u00c7\u0131lg\u0131n Okul\u2019un kap\u0131lar\u0131 a\u00e7\u0131l\u0131yor! Hem e\u011flenece\u011finiz hem de \u00f6\u011frenece\u011finiz \u00e7\u0131lg\u0131n bir macera sizleri bekliyor! <\/p>\n","protected":false},"excerpt":{"rendered":"<p>\u00dcnl\u00fcler S\u0131n\u0131f\u0131\u2019n\u0131n g\u00fcr\u00fclt\u00fcs\u00fcne, \u00dcns\u00fczler S\u0131n\u0131f\u0131\u2019n\u0131n sessiz e\u011flencesine; Rakamlar S\u0131n\u0131f\u0131\u2019n\u0131n bilmi\u015fli\u011fine, \u015eekiller S\u0131n\u0131f\u0131\u2019n\u0131n oyunlar\u0131na ve tabii ki e\u2019nin yaramazl\u0131klar\u0131na haz\u0131rsan\u0131z, \u00c7\u0131lg\u0131n Okul\u2019un kap\u0131lar\u0131 a\u00e7\u0131l\u0131yor! Hem e\u011flenece\u011finiz hem<span class=\"excerpt-hellip\"> [\u2026]<\/span><\/p>\n","protected":false},"featured_media":0,"template":"","meta":{"_monsterinsights_skip_tracking":false,"_monsterinsights_sitenote_active":false,"_monsterinsights_sitenote_note":"","_monsterinsights_sitenote_category":0},"product_brand":[],"product_cat":[12689,12274],"product_tag":[],"class_list":{"0":"post-742852","1":"product","2":"type-product","3":"status-publish","5":"product_cat-cizgi-roman-cocuk-ve-genclik-kitaplari","6":"product_cat-cocuk-ve-genclik-kitaplari","7":"pa_cilt-ciltsiz","8":"pa_tur-kitap","9":"pa_yayinevi-luna-cocuk-yayinlari","10":"pa_yazar-hatice-kirmizigul","12":"first","13":"instock","14":"sale","15":"shipping-taxable","16":"purchasable","17":"product-type-simple"},"_links":{"self":[{"href":"https:\/\/roveyayinevi.com.tr\/index.php\/wp-json\/wp\/v2\/product\/742852","targetHints":{"allow":["GET"]}}],"collection":[{"href":"https:\/\/roveyayinevi.com.tr\/index.php\/wp-json\/wp\/v2\/product"}],"about":[{"href":"https:\/\/roveyayinevi.com.tr\/index.php\/wp-json\/wp\/v2\/types\/product"}],"wp:attachment":[{"href":"https:\/\/roveyayinevi.com.tr\/index.php\/wp-json\/wp\/v2\/media?parent=742852"}],"wp:term":[{"taxonomy":"product_brand","embeddable":true,"href":"https:\/\/roveyayinevi.com.tr\/index.php\/wp-json\/wp\/v2\/product_brand?post=742852"},{"taxonomy":"product_cat","embeddable":true,"href":"https:\/\/roveyayinevi.com.tr\/index.php\/wp-json\/wp\/v2\/product_cat?post=742852"},{"taxonomy":"product_tag","embeddable":true,"href":"https:\/\/roveyayinevi.com.tr\/index.php\/wp-json\/wp\/v2\/product_tag?post=742852"}],"curies":[{"name":"wp","href":"https:\/\/api.w.org\/{rel}","templated":true}]}}