{"id":742851,"date":"2025-08-28T01:22:01","date_gmt":"2025-08-27T22:22:01","guid":{"rendered":"https:\/\/roveyayinevi.com.tr\/index.php\/urun\/caca-hayir-demeyi-ogreniyor\/"},"modified":"2026-02-03T03:08:41","modified_gmt":"2026-02-03T00:08:41","slug":"caca-hayir-demeyi-ogreniyor","status":"publish","type":"product","link":"https:\/\/roveyayinevi.com.tr\/index.php\/urun\/caca-hayir-demeyi-ogreniyor\/","title":{"rendered":"\u00c7a\u00e7a Hay\u0131r Demeyi \u00d6\u011freniyor"},"content":{"rendered":"<p>\u00c7a\u00e7a\u2019n\u0131n \u00f6\u011frenmesi gereken bir \u015fey var! \u201cHay\u0131r\u201d demek.   Ece \u00d6merciko\u011flu\u2019nun kendi hayat\u0131ndan ilham alarak yazd\u0131\u011f\u0131 bu kitap, \u201cHay\u0131r\u201d demenin de \u201cEvet\u201d demek kadar normal oldu\u011funu g\u00f6rece\u011fimiz bir yolculu\u011fa davet ediyor bizleri. E\u011fer haz\u0131rsan\u0131z, istemedi\u011finiz her \u015fey i\u00e7in \u201cHay\u0131r\u201d demeye ba\u015fl\u0131yoruz! Hem de \u00f6zde\u011ferimizin fark\u0131ndal\u0131\u011f\u0131yla&#8230; <\/p>\n","protected":false},"excerpt":{"rendered":"<p>\u00c7a\u00e7a\u2019n\u0131n \u00f6\u011frenmesi gereken bir \u015fey var! \u201cHay\u0131r\u201d demek. Ece \u00d6merciko\u011flu\u2019nun kendi hayat\u0131ndan ilham alarak yazd\u0131\u011f\u0131 bu kitap, \u201cHay\u0131r\u201d demenin de \u201cEvet\u201d demek kadar normal oldu\u011funu g\u00f6rece\u011fimiz<span class=\"excerpt-hellip\"> [\u2026]<\/span><\/p>\n","protected":false},"featured_media":0,"template":"","meta":{"_monsterinsights_skip_tracking":false,"_monsterinsights_sitenote_active":false,"_monsterinsights_sitenote_note":"","_monsterinsights_sitenote_category":0},"product_brand":[],"product_cat":[12274,12284],"product_tag":[],"class_list":{"0":"post-742851","1":"product","2":"type-product","3":"status-publish","5":"product_cat-cocuk-ve-genclik-kitaplari","6":"product_cat-hikayeler","7":"pa_cilt-ciltsiz","8":"pa_tur-kitap","9":"pa_yayinevi-luna-cocuk-yayinlari","10":"pa_yazar-ece-omercikoglu","12":"first","13":"instock","14":"sale","15":"shipping-taxable","16":"purchasable","17":"product-type-simple"},"_links":{"self":[{"href":"https:\/\/roveyayinevi.com.tr\/index.php\/wp-json\/wp\/v2\/product\/742851","targetHints":{"allow":["GET"]}}],"collection":[{"href":"https:\/\/roveyayinevi.com.tr\/index.php\/wp-json\/wp\/v2\/product"}],"about":[{"href":"https:\/\/roveyayinevi.com.tr\/index.php\/wp-json\/wp\/v2\/types\/product"}],"wp:attachment":[{"href":"https:\/\/roveyayinevi.com.tr\/index.php\/wp-json\/wp\/v2\/media?parent=742851"}],"wp:term":[{"taxonomy":"product_brand","embeddable":true,"href":"https:\/\/roveyayinevi.com.tr\/index.php\/wp-json\/wp\/v2\/product_brand?post=742851"},{"taxonomy":"product_cat","embeddable":true,"href":"https:\/\/roveyayinevi.com.tr\/index.php\/wp-json\/wp\/v2\/product_cat?post=742851"},{"taxonomy":"product_tag","embeddable":true,"href":"https:\/\/roveyayinevi.com.tr\/index.php\/wp-json\/wp\/v2\/product_tag?post=742851"}],"curies":[{"name":"wp","href":"https:\/\/api.w.org\/{rel}","templated":true}]}}