{"id":742850,"date":"2025-08-28T01:22:00","date_gmt":"2025-08-27T22:22:00","guid":{"rendered":"https:\/\/roveyayinevi.com.tr\/index.php\/urun\/dengeli-beslen-uzun-yasa\/"},"modified":"2026-04-16T02:53:55","modified_gmt":"2026-04-15T23:53:55","slug":"dengeli-beslen-uzun-yasa","status":"publish","type":"product","link":"https:\/\/roveyayinevi.com.tr\/index.php\/urun\/dengeli-beslen-uzun-yasa\/","title":{"rendered":"Dengeli Beslen Uzun Ya\u015fa !"},"content":{"rendered":"<p>Kendinizle bar\u0131\u015fmaya haz\u0131r m\u0131s\u0131n\u0131z? Ya\u015flanma hi\u00e7 ku\u015fkusuz \u00f6nu\u0308ne ge\u00e7ilemeyen bir d\u00f6ngu\u0308. Fakat bunun do\u011fal bir h\u0131z\u0131, temposu var. A\u015f\u0131r\u0131 dengesiz beslenme, ya\u015flanman\u0131n temposunu ve h\u0131z\u0131n\u0131 art\u0131r\u0131r, ki\u015fiyi vaktinden \u00f6nce ya\u015fland\u0131r\u0131r. Kimse vu\u0308cudunu ve sa\u011fl\u0131\u011f\u0131n\u0131 ihmal etmemeli. Hele ki moda, sinema, reklam ve bas\u0131n\u0131n g\u00f6ru\u0308ntu\u0308mu\u0308zu\u0308 yu\u0308celtmek i\u00e7in bir yar\u0131\u015f i\u00e7inde oldu\u011fu \u015fu gu\u0308nlerde\u2026 Kilo ile mu\u0308cadele etmek, onu yenmeye \u00e7al\u0131\u015fmak,daha sa\u011fl\u0131kl\u0131 olmak sizin elinizde. Bunun i\u00e7in ihtiyac\u0131n\u0131z olan tek \u015fey, gerekli iradeyi ve gu\u0308cu\u0308 g\u00f6stermek. Dr. Z. Halim Ku\u0308\u00e7u\u0308kay, bu rehberi bedeninize ve sa\u011fl\u0131\u011f\u0131n\u0131za yard\u0131mc\u0131 olmak i\u00e7in haz\u0131rlad\u0131. Yeni bir ya\u015fam \u015fekli, yeni bir tu\u0308r beslenme ve yeni al\u0131\u015fkanl\u0131klarla, Dengeli Beslen, Uzun Ya\u015fa!, her daim ba\u015fvuraca\u011f\u0131n\u0131z bir kaynak olacak. <\/p>\n","protected":false},"excerpt":{"rendered":"<p>Kendinizle bar\u0131\u015fmaya haz\u0131r m\u0131s\u0131n\u0131z? Ya\u015flanma hi\u00e7 ku\u015fkusuz \u00f6nu\u0308ne ge\u00e7ilemeyen bir d\u00f6ngu\u0308. Fakat bunun do\u011fal bir h\u0131z\u0131, temposu var. A\u015f\u0131r\u0131 dengesiz beslenme, ya\u015flanman\u0131n temposunu ve h\u0131z\u0131n\u0131 art\u0131r\u0131r,<span class=\"excerpt-hellip\"> [\u2026]<\/span><\/p>\n","protected":false},"featured_media":0,"template":"","meta":{"_monsterinsights_skip_tracking":false,"_monsterinsights_sitenote_active":false,"_monsterinsights_sitenote_note":"","_monsterinsights_sitenote_category":0},"product_brand":[],"product_cat":[13402,13365],"product_tag":[],"class_list":{"0":"post-742850","1":"product","2":"type-product","3":"status-publish","5":"product_cat-beslenme-ve-diyet","6":"product_cat-saglik","7":"pa_cilt-ciltsiz","8":"pa_tur-kitap","9":"pa_yayinevi-sahi-kitap","10":"pa_yazar-dr-z-halim-kucukay","12":"first","13":"instock","14":"sale","15":"shipping-taxable","16":"purchasable","17":"product-type-simple"},"_links":{"self":[{"href":"https:\/\/roveyayinevi.com.tr\/index.php\/wp-json\/wp\/v2\/product\/742850","targetHints":{"allow":["GET"]}}],"collection":[{"href":"https:\/\/roveyayinevi.com.tr\/index.php\/wp-json\/wp\/v2\/product"}],"about":[{"href":"https:\/\/roveyayinevi.com.tr\/index.php\/wp-json\/wp\/v2\/types\/product"}],"wp:attachment":[{"href":"https:\/\/roveyayinevi.com.tr\/index.php\/wp-json\/wp\/v2\/media?parent=742850"}],"wp:term":[{"taxonomy":"product_brand","embeddable":true,"href":"https:\/\/roveyayinevi.com.tr\/index.php\/wp-json\/wp\/v2\/product_brand?post=742850"},{"taxonomy":"product_cat","embeddable":true,"href":"https:\/\/roveyayinevi.com.tr\/index.php\/wp-json\/wp\/v2\/product_cat?post=742850"},{"taxonomy":"product_tag","embeddable":true,"href":"https:\/\/roveyayinevi.com.tr\/index.php\/wp-json\/wp\/v2\/product_tag?post=742850"}],"curies":[{"name":"wp","href":"https:\/\/api.w.org\/{rel}","templated":true}]}}