{"id":742847,"date":"2025-08-28T01:21:57","date_gmt":"2025-08-27T22:21:57","guid":{"rendered":"https:\/\/roveyayinevi.com.tr\/index.php\/urun\/define-adasi-19\/"},"modified":"2026-04-16T02:53:55","modified_gmt":"2026-04-15T23:53:55","slug":"define-adasi-19","status":"publish","type":"product","link":"https:\/\/roveyayinevi.com.tr\/index.php\/urun\/define-adasi-19\/","title":{"rendered":"Define Adas\u0131"},"content":{"rendered":"<p>\u201c17.. senesinde kalemi elime al\u0131p babam\u0131n Amiral Benbow Han\u0131\u2019n\u0131 i\u015fletti\u011fi ve bronzla\u015fm\u0131\u015f teninde k\u0131l\u0131\u00e7 yaras\u0131 olan ihtiyar denizcinin bizim \u00e7at\u0131m\u0131z alt\u0131nda kalmaya ba\u015flad\u0131\u011f\u0131 zamana geri d\u00f6n\u00fcyorum.\u201d   Ailesinin i\u015fletti\u011fi handa \u00e7al\u0131\u015fan gen\u00e7 Jim Hawkins\u2019in hayat\u0131, eski bir denizcinin hana gelmesiyle de\u011fi\u015fir. Denizcinin \u00f6l\u00fcm\u00fcn\u00fcn ard\u0131ndan Jim gizemli bir adada bulunan, korsanlara ait definenin yerini g\u00f6steren bir harita bulur ve arkada\u015flar\u0131yla defineyi bulmak i\u00e7in macera dolu bir yolculu\u011fa \u00e7\u0131kar. Ancak alelacele bir araya getirilmi\u015f tayfan\u0131n defineden haberdar olmas\u0131yla i\u015fler \u00e7\u0131\u011f\u0131r\u0131ndan \u00e7\u0131kacak ve Jim kendini gemicilerin isyan\u0131ndan cinayetlere, g\u00fcvenilmez arkada\u015flardan deniz yolculu\u011funun talihsizliklerine, t\u00fcrl\u00fc t\u00fcrl\u00fc tehlikeyle sar\u0131lm\u0131\u015f halde bulacakt\u0131r.   Korsanlar, deniz maceralar\u0131, \u0131ss\u0131z adalar ve g\u00f6m\u00fcl\u00fc definelerle dolu bir macera roman\u0131 olan Define Adas\u0131, ilk kez yay\u0131mland\u0131\u011f\u0131 1883 y\u0131l\u0131ndan bu yana say\u0131s\u0131z okurun hayal g\u00fcc\u00fcn\u00fc beslemekle kalmad\u0131, bu konular\u0131 ele alan sonraki kitap ve filmleri de b\u00fcy\u00fck \u00f6l\u00e7\u00fcde etkiledi ve etkilemeye devam ediyor. <\/p>\n","protected":false},"excerpt":{"rendered":"<p>\u201c17.. senesinde kalemi elime al\u0131p babam\u0131n Amiral Benbow Han\u0131\u2019n\u0131 i\u015fletti\u011fi ve bronzla\u015fm\u0131\u015f teninde k\u0131l\u0131\u00e7 yaras\u0131 olan ihtiyar denizcinin bizim \u00e7at\u0131m\u0131z alt\u0131nda kalmaya ba\u015flad\u0131\u011f\u0131 zamana geri d\u00f6n\u00fcyorum.\u201d<span class=\"excerpt-hellip\"> [\u2026]<\/span><\/p>\n","protected":false},"featured_media":0,"template":"","meta":{"_monsterinsights_skip_tracking":false,"_monsterinsights_sitenote_active":false,"_monsterinsights_sitenote_note":"","_monsterinsights_sitenote_category":0},"product_brand":[],"product_cat":[12689,12274],"product_tag":[],"class_list":{"0":"post-742847","1":"product","2":"type-product","3":"status-publish","5":"product_cat-cizgi-roman-cocuk-ve-genclik-kitaplari","6":"product_cat-cocuk-ve-genclik-kitaplari","7":"pa_cilt-ciltsiz","8":"pa_tur-kitap","9":"pa_yayinevi-yapi-kredi-yayinlari","10":"pa_yazar-robert-louis-stevenson","12":"first","13":"instock","14":"sale","15":"shipping-taxable","16":"purchasable","17":"product-type-simple"},"_links":{"self":[{"href":"https:\/\/roveyayinevi.com.tr\/index.php\/wp-json\/wp\/v2\/product\/742847","targetHints":{"allow":["GET"]}}],"collection":[{"href":"https:\/\/roveyayinevi.com.tr\/index.php\/wp-json\/wp\/v2\/product"}],"about":[{"href":"https:\/\/roveyayinevi.com.tr\/index.php\/wp-json\/wp\/v2\/types\/product"}],"wp:attachment":[{"href":"https:\/\/roveyayinevi.com.tr\/index.php\/wp-json\/wp\/v2\/media?parent=742847"}],"wp:term":[{"taxonomy":"product_brand","embeddable":true,"href":"https:\/\/roveyayinevi.com.tr\/index.php\/wp-json\/wp\/v2\/product_brand?post=742847"},{"taxonomy":"product_cat","embeddable":true,"href":"https:\/\/roveyayinevi.com.tr\/index.php\/wp-json\/wp\/v2\/product_cat?post=742847"},{"taxonomy":"product_tag","embeddable":true,"href":"https:\/\/roveyayinevi.com.tr\/index.php\/wp-json\/wp\/v2\/product_tag?post=742847"}],"curies":[{"name":"wp","href":"https:\/\/api.w.org\/{rel}","templated":true}]}}