{"id":742845,"date":"2025-08-28T01:21:54","date_gmt":"2025-08-27T22:21:54","guid":{"rendered":"https:\/\/roveyayinevi.com.tr\/index.php\/urun\/mamut-saldirisi\/"},"modified":"2026-04-16T02:53:55","modified_gmt":"2026-04-15T23:53:55","slug":"mamut-saldirisi","status":"publish","type":"product","link":"https:\/\/roveyayinevi.com.tr\/index.php\/urun\/mamut-saldirisi\/","title":{"rendered":"Mamut Sald\u0131r\u0131s\u0131"},"content":{"rendered":"<p>B\u00fct\u00fcn d\u00fcnyada milyonlarca merakl\u0131s\u0131 olan Geronimo Stilton kitaplar\u0131 sizi s\u0131rlarla dolu, soluk solu\u011fa okuyaca\u011f\u0131n\u0131z maceralara g\u00f6t\u00fcrmeye devam ediyor.   Fareya\u2019daki b\u00fct\u00fcn peynirler a\u015fk\u0131na, bunlar ger\u00e7ek mamut! Zaman ve uzam kap\u0131s\u0131ndan ge\u00e7memiz yetmezmi\u015f gibi kendimizi Buzul \u00c7a\u011f\u0131\u2019nda bulduk. Ay\u0131lar, mamutlar, k\u0131l\u0131\u00e7 di\u015fli kaplanlar ve daha neler neler\u2026 Neyse ki konuksever bir k\u00f6ye s\u0131\u011f\u0131nabildik ve yepyeni dostlar edindik!   Geronimo Stilton\u2019dan heyecan dolu \u201cfarekulade\u201d bir macera daha! <\/p>\n","protected":false},"excerpt":{"rendered":"<p>B\u00fct\u00fcn d\u00fcnyada milyonlarca merakl\u0131s\u0131 olan Geronimo Stilton kitaplar\u0131 sizi s\u0131rlarla dolu, soluk solu\u011fa okuyaca\u011f\u0131n\u0131z maceralara g\u00f6t\u00fcrmeye devam ediyor. Fareya\u2019daki b\u00fct\u00fcn peynirler a\u015fk\u0131na, bunlar ger\u00e7ek mamut! Zaman<span class=\"excerpt-hellip\"> [\u2026]<\/span><\/p>\n","protected":false},"featured_media":0,"template":"","meta":{"_monsterinsights_skip_tracking":false,"_monsterinsights_sitenote_active":false,"_monsterinsights_sitenote_note":"","_monsterinsights_sitenote_category":0},"product_brand":[],"product_cat":[12689,12274],"product_tag":[],"class_list":{"0":"post-742845","1":"product","2":"type-product","3":"status-publish","5":"product_cat-cizgi-roman-cocuk-ve-genclik-kitaplari","6":"product_cat-cocuk-ve-genclik-kitaplari","7":"pa_cilt-ciltsiz","8":"pa_tur-kitap","9":"pa_yayinevi-yapi-kredi-yayinlari","10":"pa_yazar-geronimo-stilton","12":"first","13":"instock","14":"sale","15":"shipping-taxable","16":"purchasable","17":"product-type-simple"},"_links":{"self":[{"href":"https:\/\/roveyayinevi.com.tr\/index.php\/wp-json\/wp\/v2\/product\/742845","targetHints":{"allow":["GET"]}}],"collection":[{"href":"https:\/\/roveyayinevi.com.tr\/index.php\/wp-json\/wp\/v2\/product"}],"about":[{"href":"https:\/\/roveyayinevi.com.tr\/index.php\/wp-json\/wp\/v2\/types\/product"}],"wp:attachment":[{"href":"https:\/\/roveyayinevi.com.tr\/index.php\/wp-json\/wp\/v2\/media?parent=742845"}],"wp:term":[{"taxonomy":"product_brand","embeddable":true,"href":"https:\/\/roveyayinevi.com.tr\/index.php\/wp-json\/wp\/v2\/product_brand?post=742845"},{"taxonomy":"product_cat","embeddable":true,"href":"https:\/\/roveyayinevi.com.tr\/index.php\/wp-json\/wp\/v2\/product_cat?post=742845"},{"taxonomy":"product_tag","embeddable":true,"href":"https:\/\/roveyayinevi.com.tr\/index.php\/wp-json\/wp\/v2\/product_tag?post=742845"}],"curies":[{"name":"wp","href":"https:\/\/api.w.org\/{rel}","templated":true}]}}