{"id":742840,"date":"2025-08-28T01:21:47","date_gmt":"2025-08-27T22:21:47","guid":{"rendered":"https:\/\/roveyayinevi.com.tr\/index.php\/urun\/oviedolu-katalina-sultan\/"},"modified":"2026-04-16T02:53:55","modified_gmt":"2026-04-15T23:53:55","slug":"oviedolu-katalina-sultan","status":"publish","type":"product","link":"https:\/\/roveyayinevi.com.tr\/index.php\/urun\/oviedolu-katalina-sultan\/","title":{"rendered":"Oviedolu Katalina Sultan"},"content":{"rendered":"<p>Oviedolu Katalina Sultan, Cervantes\u2019in g\u00fcn\u00fcm\u00fcze ula\u015fan, esaret temal\u0131 d\u00f6rt tiyatro oyunundan biridir. Bir\u00e7ok uzmana g\u00f6re, yazar\u0131n \u015faheseri Don Quijote\u2019den sonraki en \u00f6nemli eserlerinden say\u0131lan oyun, muhafazak\u00e2r \u00e7evrelerin d\u00fc\u015f\u00fcnce yap\u0131s\u0131na ters d\u00fc\u015ft\u00fc\u011f\u00fc i\u00e7in yazar\u0131n ya\u015fad\u0131\u011f\u0131 d\u00f6nemde sahneye konmam\u0131\u015f, ancak 20. y\u00fczy\u0131lda temsil olana\u011f\u0131 bulmu\u015ftur. Cezayir\u2019de Osmanl\u0131 \u0130mparatorlu\u011fu\u2019nun esiri olmu\u015f Cervantes, Oviedolu Katalina Sultan\u2019da \u00f6teki eserlerinde yans\u0131tt\u0131\u011f\u0131ndan farkl\u0131 olarak, ilk defa daha m\u00fcsamahak\u00e2r say\u0131labilecek bir T\u00fcrk tipi \u00e7izmi\u015f ve di\u011fer taraftan \u201csaray komedileri\u201d ad\u0131 verilen bir t\u00fcr\u00fc de ba\u015flatm\u0131\u015ft\u0131r. Oviedolu Katalina Sultan Ertu\u011frul \u00d6nalp\u2019\u0131n \u0130spanyolca asl\u0131ndan \u00e7evirisiyle okurla bulu\u015fuyor. \u201c\u2026Her ne istersen teredd\u00fct etmeden yerine getiririm. Diledi\u011fini serbest b\u0131rak, diledi\u011fini mahk\u00fbm et. G\u00f6nl\u00fcn ne isterse onu yap; a\u015fk, imparatorlu\u011funuzun s\u0131n\u0131rlar\u0131n\u0131 geni\u015fletmi\u015f bulunuyor. Benden imk\u00e2ns\u0131z olan \u015feyler dile, hepsini yerine getireyim. Ufak isteklerle yetinme a\u015fk\u0131m benim; bu g\u00fcnahk\u00e2r seni mutlu etmek i\u00e7in g\u00f6receksin ne mucizeler yaratacakt\u0131r.\u201d <\/p>\n","protected":false},"excerpt":{"rendered":"<p>Oviedolu Katalina Sultan, Cervantes\u2019in g\u00fcn\u00fcm\u00fcze ula\u015fan, esaret temal\u0131 d\u00f6rt tiyatro oyunundan biridir. Bir\u00e7ok uzmana g\u00f6re, yazar\u0131n \u015faheseri Don Quijote\u2019den sonraki en \u00f6nemli eserlerinden say\u0131lan oyun, muhafazak\u00e2r<span class=\"excerpt-hellip\"> [\u2026]<\/span><\/p>\n","protected":false},"featured_media":0,"template":"","meta":{"_monsterinsights_skip_tracking":false,"_monsterinsights_sitenote_active":false,"_monsterinsights_sitenote_note":"","_monsterinsights_sitenote_category":0},"product_brand":[],"product_cat":[12291,14272],"product_tag":[],"class_list":{"0":"post-742840","1":"product","2":"type-product","3":"status-publish","5":"product_cat-edebiyat","6":"product_cat-tiyatro","7":"pa_cilt-ciltsiz","8":"pa_tur-kitap","9":"pa_yayinevi-kirmizi-kedi-yayinevi","10":"pa_yazar-miguel-de-cervantes-saavedra","12":"first","13":"instock","14":"sale","15":"shipping-taxable","16":"purchasable","17":"product-type-simple"},"_links":{"self":[{"href":"https:\/\/roveyayinevi.com.tr\/index.php\/wp-json\/wp\/v2\/product\/742840","targetHints":{"allow":["GET"]}}],"collection":[{"href":"https:\/\/roveyayinevi.com.tr\/index.php\/wp-json\/wp\/v2\/product"}],"about":[{"href":"https:\/\/roveyayinevi.com.tr\/index.php\/wp-json\/wp\/v2\/types\/product"}],"wp:attachment":[{"href":"https:\/\/roveyayinevi.com.tr\/index.php\/wp-json\/wp\/v2\/media?parent=742840"}],"wp:term":[{"taxonomy":"product_brand","embeddable":true,"href":"https:\/\/roveyayinevi.com.tr\/index.php\/wp-json\/wp\/v2\/product_brand?post=742840"},{"taxonomy":"product_cat","embeddable":true,"href":"https:\/\/roveyayinevi.com.tr\/index.php\/wp-json\/wp\/v2\/product_cat?post=742840"},{"taxonomy":"product_tag","embeddable":true,"href":"https:\/\/roveyayinevi.com.tr\/index.php\/wp-json\/wp\/v2\/product_tag?post=742840"}],"curies":[{"name":"wp","href":"https:\/\/api.w.org\/{rel}","templated":true}]}}