{"id":742828,"date":"2025-08-28T01:21:18","date_gmt":"2025-08-27T22:21:18","guid":{"rendered":"https:\/\/roveyayinevi.com.tr\/index.php\/urun\/sekiz-kulvar-firarileri\/"},"modified":"2026-04-16T02:53:55","modified_gmt":"2026-04-15T23:53:55","slug":"sekiz-kulvar-firarileri","status":"publish","type":"product","link":"https:\/\/roveyayinevi.com.tr\/index.php\/urun\/sekiz-kulvar-firarileri\/","title":{"rendered":"Sekiz Kulvar Firarileri"},"content":{"rendered":"<p>\u201cYolculuk, \u00e7o\u011fu zaman varmaktan \u00e7ok daha b\u00fcy\u00fcleyicidir.\u201d   Sezgileri g\u00fc\u00e7l\u00fc pan\u00e7olar, cebir k\u00f6pekleri, bir meyve suyu enstit\u00fcs\u00fc, Ay\u2019a u\u00e7an u\u00e7urtma ve son y\u0131llardaki en unutulmaz oyuncu kadrosuyla SEK\u0130Z KULVAR F\u0130RAR\u0130LER\u0130, avangard \u00f6yk\u00fcs\u00fcn\u00fc klasik desenlerle bizlerle bulu\u015fturan \u00e7a\u011fda\u015f bir \u00e7izgi roman. Henry McCausland\u2019in muazzam \u00e7izgi tarz\u0131 ve muzip &amp; karakter odakl\u0131 mizah anlay\u0131\u015f\u0131, \u015fimdiye kadar Yaz Olimpiyatlar\u0131\u2019nda g\u00f6rd\u00fcklerinizin aksine, bir grup ko\u015fucunun ger\u00e7ek\u00fcst\u00fc masal\u0131n\u0131 tamaml\u0131yor. <\/p>\n","protected":false},"excerpt":{"rendered":"<p>\u201cYolculuk, \u00e7o\u011fu zaman varmaktan \u00e7ok daha b\u00fcy\u00fcleyicidir.\u201d Sezgileri g\u00fc\u00e7l\u00fc pan\u00e7olar, cebir k\u00f6pekleri, bir meyve suyu enstit\u00fcs\u00fc, Ay\u2019a u\u00e7an u\u00e7urtma ve son y\u0131llardaki en unutulmaz oyuncu kadrosuyla<span class=\"excerpt-hellip\"> [\u2026]<\/span><\/p>\n","protected":false},"featured_media":0,"template":"","meta":{"_monsterinsights_skip_tracking":false,"_monsterinsights_sitenote_active":false,"_monsterinsights_sitenote_note":"","_monsterinsights_sitenote_category":0},"product_brand":[],"product_cat":[12689,12274],"product_tag":[],"class_list":{"0":"post-742828","1":"product","2":"type-product","3":"status-publish","5":"product_cat-cizgi-roman-cocuk-ve-genclik-kitaplari","6":"product_cat-cocuk-ve-genclik-kitaplari","7":"pa_cilt-ciltsiz","8":"pa_tur-kitap","9":"pa_yayinevi-kara-karga-yayinlari","10":"pa_yazar-henry-mccausland","12":"first","13":"instock","14":"sale","15":"shipping-taxable","16":"purchasable","17":"product-type-simple"},"_links":{"self":[{"href":"https:\/\/roveyayinevi.com.tr\/index.php\/wp-json\/wp\/v2\/product\/742828","targetHints":{"allow":["GET"]}}],"collection":[{"href":"https:\/\/roveyayinevi.com.tr\/index.php\/wp-json\/wp\/v2\/product"}],"about":[{"href":"https:\/\/roveyayinevi.com.tr\/index.php\/wp-json\/wp\/v2\/types\/product"}],"wp:attachment":[{"href":"https:\/\/roveyayinevi.com.tr\/index.php\/wp-json\/wp\/v2\/media?parent=742828"}],"wp:term":[{"taxonomy":"product_brand","embeddable":true,"href":"https:\/\/roveyayinevi.com.tr\/index.php\/wp-json\/wp\/v2\/product_brand?post=742828"},{"taxonomy":"product_cat","embeddable":true,"href":"https:\/\/roveyayinevi.com.tr\/index.php\/wp-json\/wp\/v2\/product_cat?post=742828"},{"taxonomy":"product_tag","embeddable":true,"href":"https:\/\/roveyayinevi.com.tr\/index.php\/wp-json\/wp\/v2\/product_tag?post=742828"}],"curies":[{"name":"wp","href":"https:\/\/api.w.org\/{rel}","templated":true}]}}