{"id":742825,"date":"2025-08-28T01:21:13","date_gmt":"2025-08-27T22:21:13","guid":{"rendered":"https:\/\/roveyayinevi.com.tr\/index.php\/urun\/morfin-ile-vitamin-2\/"},"modified":"2026-04-16T02:53:55","modified_gmt":"2026-04-15T23:53:55","slug":"morfin-ile-vitamin-2","status":"publish","type":"product","link":"https:\/\/roveyayinevi.com.tr\/index.php\/urun\/morfin-ile-vitamin-2\/","title":{"rendered":"Morfin \u0130le Vitamin 2"},"content":{"rendered":"<p>Dostlar\u0131m, Pe\u015fimde bir tefeci, bir mezarl\u0131k bek\u00e7isi, beyin yaratmakla kafay\u0131 bozmu\u015f bir bilim insan\u0131 ve ana karakterlerinin hayat\u0131n\u0131 tehdit eden bir yazar bozuntusu varken size yeniden ula\u015fmay\u0131 ba\u015fard\u0131m. Bence bu bir mucize. Morfin mucizelere inanmad\u0131\u011f\u0131n\u0131 s\u00f6ylese de kafas\u0131n\u0131n i\u00e7inde bir mucizeyle ya\u015farken ona inanmak zor. Ve evet, rahat olabilirsiniz, Hik\u00e2yenin sonunda \u00f6lmu\u0308yorum. Sevgiler, Sizi \u00f6mru\u0308nu\u0308n sonuna kadar sadakatle sevecek olan dostunuz, Vi.<\/p>\n","protected":false},"excerpt":{"rendered":"<p>Dostlar\u0131m, Pe\u015fimde bir tefeci, bir mezarl\u0131k bek\u00e7isi, beyin yaratmakla kafay\u0131 bozmu\u015f bir bilim insan\u0131 ve ana karakterlerinin hayat\u0131n\u0131 tehdit eden bir yazar bozuntusu varken size yeniden<span class=\"excerpt-hellip\"> [\u2026]<\/span><\/p>\n","protected":false},"featured_media":0,"template":"","meta":{"_monsterinsights_skip_tracking":false,"_monsterinsights_sitenote_active":false,"_monsterinsights_sitenote_note":"","_monsterinsights_sitenote_category":0},"product_brand":[],"product_cat":[12291,50487],"product_tag":[],"class_list":{"0":"post-742825","1":"product","2":"type-product","3":"status-publish","5":"product_cat-edebiyat","6":"product_cat-kurgu","7":"pa_cilt-ciltsiz","8":"pa_tur-kitap","9":"pa_yayinevi-epsilon-yayinlari","10":"pa_yazar-zeynep-yilmaz","12":"first","13":"instock","14":"sale","15":"shipping-taxable","16":"purchasable","17":"product-type-simple"},"_links":{"self":[{"href":"https:\/\/roveyayinevi.com.tr\/index.php\/wp-json\/wp\/v2\/product\/742825","targetHints":{"allow":["GET"]}}],"collection":[{"href":"https:\/\/roveyayinevi.com.tr\/index.php\/wp-json\/wp\/v2\/product"}],"about":[{"href":"https:\/\/roveyayinevi.com.tr\/index.php\/wp-json\/wp\/v2\/types\/product"}],"wp:attachment":[{"href":"https:\/\/roveyayinevi.com.tr\/index.php\/wp-json\/wp\/v2\/media?parent=742825"}],"wp:term":[{"taxonomy":"product_brand","embeddable":true,"href":"https:\/\/roveyayinevi.com.tr\/index.php\/wp-json\/wp\/v2\/product_brand?post=742825"},{"taxonomy":"product_cat","embeddable":true,"href":"https:\/\/roveyayinevi.com.tr\/index.php\/wp-json\/wp\/v2\/product_cat?post=742825"},{"taxonomy":"product_tag","embeddable":true,"href":"https:\/\/roveyayinevi.com.tr\/index.php\/wp-json\/wp\/v2\/product_tag?post=742825"}],"curies":[{"name":"wp","href":"https:\/\/api.w.org\/{rel}","templated":true}]}}