{"id":742824,"date":"2025-08-28T01:21:11","date_gmt":"2025-08-27T22:21:11","guid":{"rendered":"https:\/\/roveyayinevi.com.tr\/index.php\/urun\/belki-bir-gun-3\/"},"modified":"2026-04-16T02:53:54","modified_gmt":"2026-04-15T23:53:54","slug":"belki-bir-gun-3","status":"publish","type":"product","link":"https:\/\/roveyayinevi.com.tr\/index.php\/urun\/belki-bir-gun-3\/","title":{"rendered":"Belki Bir G\u00fcn"},"content":{"rendered":"<p>\u201cKalbe kimi, ne zaman, nas\u0131l sevece\u011finin s\u00f6ylenmedi\u011fini \u00f6\u011frendim. Kalp can\u0131 ne isterse onu yap\u0131yor. Kontrol edebilece\u011fimiz tek \u015fey; hayat\u0131m\u0131za ve akl\u0131m\u0131za, kalbimize yeti\u015fme \u015fans\u0131 verip vermeyece\u011fimiz.\u201d  Sydney\u2019nin d\u00f6rt d\u00f6rtl\u00fck bir hayat\u0131 vard\u0131r. \u00dcniversitede sevdi\u011fi b\u00f6l\u00fcmde okuyordur, ayaklar\u0131 \u00fczerinde durmas\u0131n\u0131 sa\u011flayan bir i\u015fe ve b\u00fcy\u00fck bir a\u015fkla ba\u011fl\u0131 oldu\u011fu harika bir erkek arkada\u015fa sahiptir. Ta ki kar\u015f\u0131 balkonda gitar \u00e7alan gizemli adam Ridge, ona erkek arkada\u015f\u0131n\u0131n kendisini aldatt\u0131\u011f\u0131n\u0131 s\u00f6yleyene kadar. S\u00fcrprizlerle dolu bir m\u00fczisyen olan Ridge, Sydney\u2019ye hayat\u0131n\u0131yeniden kurmas\u0131 i\u00e7in m\u00fczi\u011finin ve evinin kap\u0131lar\u0131n\u0131 a\u00e7ar ve beraber \u015fark\u0131lar yapmaya ba\u015flarlar. Ancak bu m\u00fczikal birliktelik hi\u00e7 hesapta olmayan zorluklar\u0131 ve kar\u015f\u0131 konulmaz bir yak\u0131nla\u015fmay\u0131 beraberinde getirecektir. \u015eark\u0131lar\u0131n, a\u015fk\u0131n ve ihanetin i\u00e7 i\u00e7e ge\u00e7ti\u011fi, ini\u015f \u00e7\u0131k\u0131\u015flarla dolu bu romanda New York Times \u00e7oksatanlar listesinin y\u0131ld\u0131zlar\u0131ndan Colleen Hoover bizi kalbin yapt\u0131\u011f\u0131 se\u00e7imlerin sonu\u00e7lar\u0131yla \u015fa\u015f\u0131rt\u0131yor. Belki Bir G\u00fcn, m\u00fczi\u011fe ve kelimelere tutkuyla ba\u011fl\u0131 iki insan\u0131n \u00f6zg\u00fcn hik\u00e2yesinden \u00e7ok daha fazlas\u0131. A\u015fk\u0131n veduyular\u0131m\u0131z\u0131n s\u0131n\u0131rlar\u0131n\u0131 zorlayan Sydney ve Ridge\u2019in b\u00fct\u00fcn d\u00fcr\u00fcstl\u00fckleriyle yazd\u0131klar\u0131 t\u00fcm \u015fark\u0131lar\u0131 Griffin Peterson, Colleen Hoover okurlar\u0131 i\u00e7in \u00f6zel olarak seslendiriyor.<\/p>\n","protected":false},"excerpt":{"rendered":"<p>\u201cKalbe kimi, ne zaman, nas\u0131l sevece\u011finin s\u00f6ylenmedi\u011fini \u00f6\u011frendim. Kalp can\u0131 ne isterse onu yap\u0131yor. Kontrol edebilece\u011fimiz tek \u015fey; hayat\u0131m\u0131za ve akl\u0131m\u0131za, kalbimize yeti\u015fme \u015fans\u0131 verip vermeyece\u011fimiz.\u201d<span class=\"excerpt-hellip\"> [\u2026]<\/span><\/p>\n","protected":false},"featured_media":0,"template":"","meta":{"_monsterinsights_skip_tracking":false,"_monsterinsights_sitenote_active":false,"_monsterinsights_sitenote_note":"","_monsterinsights_sitenote_category":0},"product_brand":[],"product_cat":[12291,50487],"product_tag":[],"class_list":{"0":"post-742824","1":"product","2":"type-product","3":"status-publish","5":"product_cat-edebiyat","6":"product_cat-kurgu","7":"pa_cilt-ciltsiz","8":"pa_tur-kitap","9":"pa_yayinevi-epsilon-yayinlari","10":"pa_yazar-colleen-hoover","12":"first","13":"instock","14":"sale","15":"shipping-taxable","16":"purchasable","17":"product-type-simple"},"_links":{"self":[{"href":"https:\/\/roveyayinevi.com.tr\/index.php\/wp-json\/wp\/v2\/product\/742824","targetHints":{"allow":["GET"]}}],"collection":[{"href":"https:\/\/roveyayinevi.com.tr\/index.php\/wp-json\/wp\/v2\/product"}],"about":[{"href":"https:\/\/roveyayinevi.com.tr\/index.php\/wp-json\/wp\/v2\/types\/product"}],"wp:attachment":[{"href":"https:\/\/roveyayinevi.com.tr\/index.php\/wp-json\/wp\/v2\/media?parent=742824"}],"wp:term":[{"taxonomy":"product_brand","embeddable":true,"href":"https:\/\/roveyayinevi.com.tr\/index.php\/wp-json\/wp\/v2\/product_brand?post=742824"},{"taxonomy":"product_cat","embeddable":true,"href":"https:\/\/roveyayinevi.com.tr\/index.php\/wp-json\/wp\/v2\/product_cat?post=742824"},{"taxonomy":"product_tag","embeddable":true,"href":"https:\/\/roveyayinevi.com.tr\/index.php\/wp-json\/wp\/v2\/product_tag?post=742824"}],"curies":[{"name":"wp","href":"https:\/\/api.w.org\/{rel}","templated":true}]}}