{"id":742820,"date":"2025-08-28T01:21:04","date_gmt":"2025-08-27T22:21:04","guid":{"rendered":"https:\/\/roveyayinevi.com.tr\/index.php\/urun\/mezopotamyada-bir-eylul\/"},"modified":"2026-04-16T02:53:54","modified_gmt":"2026-04-15T23:53:54","slug":"mezopotamyada-bir-eylul","status":"publish","type":"product","link":"https:\/\/roveyayinevi.com.tr\/index.php\/urun\/mezopotamyada-bir-eylul\/","title":{"rendered":"Mezopotamya\u2019da Bir Eyl\u00fcl"},"content":{"rendered":"<p>Her ne kadar g\u00f6zya\u015flar\u0131mla y\u0131kasam da bu kald\u0131r\u0131mlar\u0131, tek bir ayak izini bile silemiyorum. <\/p>\n","protected":false},"excerpt":{"rendered":"<p>Her ne kadar g\u00f6zya\u015flar\u0131mla y\u0131kasam da bu kald\u0131r\u0131mlar\u0131, tek bir ayak izini bile silemiyorum.<\/p>\n","protected":false},"featured_media":0,"template":"","meta":{"_monsterinsights_skip_tracking":false,"_monsterinsights_sitenote_active":false,"_monsterinsights_sitenote_note":"","_monsterinsights_sitenote_category":0},"product_brand":[],"product_cat":[12291,12509],"product_tag":[],"class_list":{"0":"post-742820","1":"product","2":"type-product","3":"status-publish","5":"product_cat-edebiyat","6":"product_cat-siir","7":"pa_cilt-ciltsiz","8":"pa_tur-kitap","9":"pa_yayinevi-gulnar-yayinlari","10":"pa_yazar-mehmemt-kucukacar","12":"first","13":"instock","14":"sale","15":"shipping-taxable","16":"purchasable","17":"product-type-simple"},"_links":{"self":[{"href":"https:\/\/roveyayinevi.com.tr\/index.php\/wp-json\/wp\/v2\/product\/742820","targetHints":{"allow":["GET"]}}],"collection":[{"href":"https:\/\/roveyayinevi.com.tr\/index.php\/wp-json\/wp\/v2\/product"}],"about":[{"href":"https:\/\/roveyayinevi.com.tr\/index.php\/wp-json\/wp\/v2\/types\/product"}],"wp:attachment":[{"href":"https:\/\/roveyayinevi.com.tr\/index.php\/wp-json\/wp\/v2\/media?parent=742820"}],"wp:term":[{"taxonomy":"product_brand","embeddable":true,"href":"https:\/\/roveyayinevi.com.tr\/index.php\/wp-json\/wp\/v2\/product_brand?post=742820"},{"taxonomy":"product_cat","embeddable":true,"href":"https:\/\/roveyayinevi.com.tr\/index.php\/wp-json\/wp\/v2\/product_cat?post=742820"},{"taxonomy":"product_tag","embeddable":true,"href":"https:\/\/roveyayinevi.com.tr\/index.php\/wp-json\/wp\/v2\/product_tag?post=742820"}],"curies":[{"name":"wp","href":"https:\/\/api.w.org\/{rel}","templated":true}]}}