{"id":742819,"date":"2025-08-28T01:21:03","date_gmt":"2025-08-27T22:21:03","guid":{"rendered":"https:\/\/roveyayinevi.com.tr\/index.php\/urun\/kacirdigimiz-trenler-sasirdigimiz-yollar\/"},"modified":"2026-04-16T02:53:54","modified_gmt":"2026-04-15T23:53:54","slug":"kacirdigimiz-trenler-sasirdigimiz-yollar","status":"publish","type":"product","link":"https:\/\/roveyayinevi.com.tr\/index.php\/urun\/kacirdigimiz-trenler-sasirdigimiz-yollar\/","title":{"rendered":"Ka\u00e7\u0131rd\u0131\u011f\u0131m\u0131z Trenler \u015ea\u015f\u0131rd\u0131\u011f\u0131m\u0131z Yollar"},"content":{"rendered":"<p>Zaman Karacao\u011flan&#8217;lar, Ferhatlar, \u015eirinler zaman\u0131 de\u011fil. Yeni \u00e7a\u011f\u0131n a\u015fklar\u0131 o kadar g\u00fc\u00e7l\u00fc, \u00e2\u015f\u0131klar\u0131 onlar kadar sab\u0131rl\u0131 de\u011fil. Zaman uydu, internet, oyunlar, koyunlar zaman\u0131d\u0131r. Zaman h\u0131z, komplolar, g\u00f6kdelenler, unutmalar, psikologlar zaman\u0131d\u0131r. Daldan dala atlamalar, maddi \u015feyler zaman\u0131d\u0131r.   \u201cA\u015fk Masum Bir Kelebektir\u201d   *** Hayat dedi\u011fimiz \u015fey bir and\u0131r ve o an da \u015fimdi ya\u015famakta oldu\u011fumuzdur. \u0130nsanl\u0131\u011f\u0131n resmi kudret eli taraf\u0131ndan bir taraftan \u00e7izilmekte, bir taraftan silinmektedir.   \u201cZamana, Ya\u015fama, \u0130nsana ve \u00d6l\u00fcme Dair\u201d   ***   Harun Ayhan dostumuzun yapt\u0131\u011f\u0131 gibi, \u015fehirleraras\u0131 yolda arac\u0131yla seyrederken yolun ortas\u0131ndaki korkudan \u00f6d\u00fc patlam\u0131\u015f ku\u015f yavrusunu g\u00f6rd\u00fc\u011f\u00fcnde trafik riskine ra\u011fmen geri d\u00f6n\u00fcp o ku\u015fu yoldan kald\u0131rmak, yol kenar\u0131nda g\u00fcvenli bir yere koymak insanl\u0131\u011f\u0131n resmidir.   \u201c\u0130nsanl\u0131\u011f\u0131n Resmi, Rengi, Sesi, Kokusu\u201d <\/p>\n","protected":false},"excerpt":{"rendered":"<p>Zaman Karacao\u011flan&#8217;lar, Ferhatlar, \u015eirinler zaman\u0131 de\u011fil. Yeni \u00e7a\u011f\u0131n a\u015fklar\u0131 o kadar g\u00fc\u00e7l\u00fc, \u00e2\u015f\u0131klar\u0131 onlar kadar sab\u0131rl\u0131 de\u011fil. Zaman uydu, internet, oyunlar, koyunlar zaman\u0131d\u0131r. Zaman h\u0131z, komplolar,<span class=\"excerpt-hellip\"> [\u2026]<\/span><\/p>\n","protected":false},"featured_media":0,"template":"","meta":{"_monsterinsights_skip_tracking":false,"_monsterinsights_sitenote_active":false,"_monsterinsights_sitenote_note":"","_monsterinsights_sitenote_category":0},"product_brand":[],"product_cat":[12777,12291],"product_tag":[],"class_list":{"0":"post-742819","1":"product","2":"type-product","3":"status-publish","5":"product_cat-deneme","6":"product_cat-edebiyat","7":"pa_cilt-ciltsiz","8":"pa_tur-kitap","9":"pa_yayinevi-gulnar-yayinlari","10":"pa_yazar-sahbettin-ali","12":"first","13":"instock","14":"sale","15":"shipping-taxable","16":"purchasable","17":"product-type-simple"},"_links":{"self":[{"href":"https:\/\/roveyayinevi.com.tr\/index.php\/wp-json\/wp\/v2\/product\/742819","targetHints":{"allow":["GET"]}}],"collection":[{"href":"https:\/\/roveyayinevi.com.tr\/index.php\/wp-json\/wp\/v2\/product"}],"about":[{"href":"https:\/\/roveyayinevi.com.tr\/index.php\/wp-json\/wp\/v2\/types\/product"}],"wp:attachment":[{"href":"https:\/\/roveyayinevi.com.tr\/index.php\/wp-json\/wp\/v2\/media?parent=742819"}],"wp:term":[{"taxonomy":"product_brand","embeddable":true,"href":"https:\/\/roveyayinevi.com.tr\/index.php\/wp-json\/wp\/v2\/product_brand?post=742819"},{"taxonomy":"product_cat","embeddable":true,"href":"https:\/\/roveyayinevi.com.tr\/index.php\/wp-json\/wp\/v2\/product_cat?post=742819"},{"taxonomy":"product_tag","embeddable":true,"href":"https:\/\/roveyayinevi.com.tr\/index.php\/wp-json\/wp\/v2\/product_tag?post=742819"}],"curies":[{"name":"wp","href":"https:\/\/api.w.org\/{rel}","templated":true}]}}