{"id":742818,"date":"2025-08-28T01:21:02","date_gmt":"2025-08-27T22:21:02","guid":{"rendered":"https:\/\/roveyayinevi.com.tr\/index.php\/urun\/her-sey-vaktini-bekler\/"},"modified":"2026-04-08T03:02:38","modified_gmt":"2026-04-08T00:02:38","slug":"her-sey-vaktini-bekler","status":"publish","type":"product","link":"https:\/\/roveyayinevi.com.tr\/index.php\/urun\/her-sey-vaktini-bekler\/","title":{"rendered":"Her \u015eey Vaktini Bekler"},"content":{"rendered":"<p>\u201cKalbinde iyilik biriktirenlerin yolu daima a\u00e7\u0131kt\u0131r.\u201d \u015eems-i Tebrizi   \u015eems\u2019in \u00f6\u011frencisi olmak zordur. Kararl\u0131l\u0131k ister, cesaret ister, disiplin ister, y\u00fcrek ister&#8230; Bu yolda y\u00fcr\u00fcmeye raz\u0131 m\u0131s\u0131n? \u015eems do\u011frudand\u0131r, dolamba\u00e7s\u0131zd\u0131r, a\u00e7\u0131kt\u0131r, nettir. Kendine kar\u015f\u0131 yalans\u0131z, d\u00fcr\u00fcst ve a\u00e7\u0131k olabilir misin? \u015eems g\u00fcne\u015ftir; ayd\u0131nlat\u0131r, \u0131s\u0131t\u0131r ama insan\u0131 yakar k\u00fcl de eder. \u00d6nce k\u00fcl olmaya, sonra k\u00fcllerinden do\u011fmaya var m\u0131s\u0131n? \u015eems bo\u011fmaz, zorlamaz, \u0131srar etmez, vakti gelince b\u0131rakmas\u0131n\u0131 da do\u011fru zamanda gitmesini de bilir. Tutundu\u011fun dallar\u0131 terk etmeye, vakti gelince gitmeye, bildiklerinden vazge\u00e7meye haz\u0131r m\u0131s\u0131n? Bu kez \u015eems\u2019in \u00f6\u011frencisi olmaya \u00e7a\u011f\u0131r\u0131yorum seni. Evet \u0131\u015f\u0131kl\u0131 ve s\u0131ms\u0131cak bir yol ama yak\u0131c\u0131 ve kavurucu da&#8230; D\u00fcr\u00fcst olamayan d\u00fc\u015fer, acele eden kendine \u00e7elme takar, aldatan aldan\u0131r, vazge\u00e7emeyen unutulur, yorulan\u0131n hik\u00e2yesi erken biter&#8230; \u015eems\u2019in yolu yanmaya haz\u0131r olanlar\u0131n yoludur. \u0130rade, zek\u00e2, mant\u0131k, terbiye, sayg\u0131, g\u00fcven, cesaret, disiplin ve azim ister senden. Bunlar\u0131n hi\u00e7birini yitirmedin ve hi\u00e7bir \u015fey i\u00e7in h\u00e2l\u00e2 ge\u00e7 de\u011fil. \u00c7\u00fcnk\u00fc her \u015fey zaten vaktini bekler. Belki de do\u011fru zaman \u015fimdidir.<\/p>\n","protected":false},"excerpt":{"rendered":"<p>\u201cKalbinde iyilik biriktirenlerin yolu daima a\u00e7\u0131kt\u0131r.\u201d \u015eems-i Tebrizi \u015eems\u2019in \u00f6\u011frencisi olmak zordur. Kararl\u0131l\u0131k ister, cesaret ister, disiplin ister, y\u00fcrek ister&#8230; Bu yolda y\u00fcr\u00fcmeye raz\u0131 m\u0131s\u0131n? \u015eems<span class=\"excerpt-hellip\"> [\u2026]<\/span><\/p>\n","protected":false},"featured_media":0,"template":"","meta":{"_monsterinsights_skip_tracking":false,"_monsterinsights_sitenote_active":false,"_monsterinsights_sitenote_note":"","_monsterinsights_sitenote_category":0},"product_brand":[],"product_cat":[12364,12376],"product_tag":[],"class_list":{"0":"post-742818","1":"product","2":"type-product","3":"status-publish","5":"product_cat-genel-konular","6":"product_cat-kisisel-gelisim","7":"pa_cilt-ciltsiz","8":"pa_tur-kitap","9":"pa_yayinevi-destek-yayinlari","10":"pa_yazar-hakan-menguc","12":"first","13":"instock","14":"sale","15":"shipping-taxable","16":"purchasable","17":"product-type-simple"},"_links":{"self":[{"href":"https:\/\/roveyayinevi.com.tr\/index.php\/wp-json\/wp\/v2\/product\/742818","targetHints":{"allow":["GET"]}}],"collection":[{"href":"https:\/\/roveyayinevi.com.tr\/index.php\/wp-json\/wp\/v2\/product"}],"about":[{"href":"https:\/\/roveyayinevi.com.tr\/index.php\/wp-json\/wp\/v2\/types\/product"}],"wp:attachment":[{"href":"https:\/\/roveyayinevi.com.tr\/index.php\/wp-json\/wp\/v2\/media?parent=742818"}],"wp:term":[{"taxonomy":"product_brand","embeddable":true,"href":"https:\/\/roveyayinevi.com.tr\/index.php\/wp-json\/wp\/v2\/product_brand?post=742818"},{"taxonomy":"product_cat","embeddable":true,"href":"https:\/\/roveyayinevi.com.tr\/index.php\/wp-json\/wp\/v2\/product_cat?post=742818"},{"taxonomy":"product_tag","embeddable":true,"href":"https:\/\/roveyayinevi.com.tr\/index.php\/wp-json\/wp\/v2\/product_tag?post=742818"}],"curies":[{"name":"wp","href":"https:\/\/api.w.org\/{rel}","templated":true}]}}