{"id":742814,"date":"2025-08-28T01:20:56","date_gmt":"2025-08-27T22:20:56","guid":{"rendered":"https:\/\/roveyayinevi.com.tr\/index.php\/urun\/alisverise-gidiyoruz-kitabevi\/"},"modified":"2026-04-16T02:53:54","modified_gmt":"2026-04-15T23:53:54","slug":"alisverise-gidiyoruz-kitabevi","status":"publish","type":"product","link":"https:\/\/roveyayinevi.com.tr\/index.php\/urun\/alisverise-gidiyoruz-kitabevi\/","title":{"rendered":"Al\u0131\u015fveri\u015fe Gidiyoruz- Kitabevi"},"content":{"rendered":"<p>K\u00fc\u00e7\u00fck Fil babas\u0131yla birlikte kitabevine gidiyor! Al\u0131\u015fveri\u015f yaparken babas\u0131na yard\u0131m edecek. Sen de onlara kat\u0131lmak ister misin? Resimli al\u0131\u015fveri\u015f listesine bak\u0131p neleri alaca\u011f\u0131n\u0131 akl\u0131nda tutabilir misin? Masal kitab\u0131 m\u0131, boyama kitab\u0131 m\u0131? \u0130tfaiye kitab\u0131 m\u0131, \u00e7iftlik kitab\u0131 m\u0131? Listedeki her \u015feyi bulabildin mi? Peki, K\u00fc\u00e7\u00fck Fil sadece listede yaz\u0131l\u0131 olanlar\u0131 m\u0131 ald\u0131? Dikkat becerisi geli\u015ftirirken konu\u015fmaya te\u015fvik eden etkile\u015fimli ve e\u011flenceli bir kitap\u2026 <\/p>\n","protected":false},"excerpt":{"rendered":"<p>K\u00fc\u00e7\u00fck Fil babas\u0131yla birlikte kitabevine gidiyor! Al\u0131\u015fveri\u015f yaparken babas\u0131na yard\u0131m edecek. Sen de onlara kat\u0131lmak ister misin? Resimli al\u0131\u015fveri\u015f listesine bak\u0131p neleri alaca\u011f\u0131n\u0131 akl\u0131nda tutabilir misin?<span class=\"excerpt-hellip\"> [\u2026]<\/span><\/p>\n","protected":false},"featured_media":0,"template":"","meta":{"_monsterinsights_skip_tracking":false,"_monsterinsights_sitenote_active":false,"_monsterinsights_sitenote_note":"","_monsterinsights_sitenote_category":0},"product_brand":[],"product_cat":[12274,12518],"product_tag":[],"class_list":{"0":"post-742814","1":"product","2":"type-product","3":"status-publish","5":"product_cat-cocuk-ve-genclik-kitaplari","6":"product_cat-okul-oncesi-kitaplar","7":"pa_cilt-ciltsiz","8":"pa_tur-kitap","9":"pa_yayinevi-is-bankasi-kultur-yayinlari","10":"pa_yazar-nastja-holtfreter","12":"first","13":"instock","14":"sale","15":"shipping-taxable","16":"purchasable","17":"product-type-simple"},"_links":{"self":[{"href":"https:\/\/roveyayinevi.com.tr\/index.php\/wp-json\/wp\/v2\/product\/742814","targetHints":{"allow":["GET"]}}],"collection":[{"href":"https:\/\/roveyayinevi.com.tr\/index.php\/wp-json\/wp\/v2\/product"}],"about":[{"href":"https:\/\/roveyayinevi.com.tr\/index.php\/wp-json\/wp\/v2\/types\/product"}],"wp:attachment":[{"href":"https:\/\/roveyayinevi.com.tr\/index.php\/wp-json\/wp\/v2\/media?parent=742814"}],"wp:term":[{"taxonomy":"product_brand","embeddable":true,"href":"https:\/\/roveyayinevi.com.tr\/index.php\/wp-json\/wp\/v2\/product_brand?post=742814"},{"taxonomy":"product_cat","embeddable":true,"href":"https:\/\/roveyayinevi.com.tr\/index.php\/wp-json\/wp\/v2\/product_cat?post=742814"},{"taxonomy":"product_tag","embeddable":true,"href":"https:\/\/roveyayinevi.com.tr\/index.php\/wp-json\/wp\/v2\/product_tag?post=742814"}],"curies":[{"name":"wp","href":"https:\/\/api.w.org\/{rel}","templated":true}]}}