{"id":742813,"date":"2025-08-28T01:20:54","date_gmt":"2025-08-27T22:20:54","guid":{"rendered":"https:\/\/roveyayinevi.com.tr\/index.php\/urun\/itfaiyeci-fil-gorev-basinda-hadi-sende-katil\/"},"modified":"2026-04-16T02:53:54","modified_gmt":"2026-04-15T23:53:54","slug":"itfaiyeci-fil-gorev-basinda-hadi-sende-katil","status":"publish","type":"product","link":"https:\/\/roveyayinevi.com.tr\/index.php\/urun\/itfaiyeci-fil-gorev-basinda-hadi-sende-katil\/","title":{"rendered":"\u0130tfaiyeci Fil G\u00f6rev Ba\u015f\u0131nda &#8211; Hadi Sende Kat\u0131l !"},"content":{"rendered":"<p>Bir itfaiyecinin g\u00f6revini biliyor musun? Bu g\u00f6revde itfaiyeci file yard\u0131m etmek ister misin? \u00d6nce itfaiyeci filin k\u0131yafetlerini bulmas\u0131na yard\u0131m et. \u0130tfaiyecinin hortumundan su gelmiyor! Kitab\u0131 \u00fc\u00e7 kez d\u00f6nd\u00fcr! \u00c7ocuklar\u0131n severek kat\u0131laca\u011f\u0131 etkile\u015fimli bir kitap. <\/p>\n","protected":false},"excerpt":{"rendered":"<p>Bir itfaiyecinin g\u00f6revini biliyor musun? Bu g\u00f6revde itfaiyeci file yard\u0131m etmek ister misin? \u00d6nce itfaiyeci filin k\u0131yafetlerini bulmas\u0131na yard\u0131m et. \u0130tfaiyecinin hortumundan su gelmiyor! Kitab\u0131 \u00fc\u00e7<span class=\"excerpt-hellip\"> [\u2026]<\/span><\/p>\n","protected":false},"featured_media":0,"template":"","meta":{"_monsterinsights_skip_tracking":false,"_monsterinsights_sitenote_active":false,"_monsterinsights_sitenote_note":"","_monsterinsights_sitenote_category":0},"product_brand":[],"product_cat":[12274,12518],"product_tag":[],"class_list":{"0":"post-742813","1":"product","2":"type-product","3":"status-publish","5":"product_cat-cocuk-ve-genclik-kitaplari","6":"product_cat-okul-oncesi-kitaplar","7":"pa_cilt-ciltsiz","8":"pa_tur-kitap","9":"pa_yayinevi-is-bankasi-kultur-yayinlari","10":"pa_yazar-lena-haase","12":"first","13":"instock","14":"sale","15":"shipping-taxable","16":"purchasable","17":"product-type-simple"},"_links":{"self":[{"href":"https:\/\/roveyayinevi.com.tr\/index.php\/wp-json\/wp\/v2\/product\/742813","targetHints":{"allow":["GET"]}}],"collection":[{"href":"https:\/\/roveyayinevi.com.tr\/index.php\/wp-json\/wp\/v2\/product"}],"about":[{"href":"https:\/\/roveyayinevi.com.tr\/index.php\/wp-json\/wp\/v2\/types\/product"}],"wp:attachment":[{"href":"https:\/\/roveyayinevi.com.tr\/index.php\/wp-json\/wp\/v2\/media?parent=742813"}],"wp:term":[{"taxonomy":"product_brand","embeddable":true,"href":"https:\/\/roveyayinevi.com.tr\/index.php\/wp-json\/wp\/v2\/product_brand?post=742813"},{"taxonomy":"product_cat","embeddable":true,"href":"https:\/\/roveyayinevi.com.tr\/index.php\/wp-json\/wp\/v2\/product_cat?post=742813"},{"taxonomy":"product_tag","embeddable":true,"href":"https:\/\/roveyayinevi.com.tr\/index.php\/wp-json\/wp\/v2\/product_tag?post=742813"}],"curies":[{"name":"wp","href":"https:\/\/api.w.org\/{rel}","templated":true}]}}