{"id":742812,"date":"2025-08-28T01:20:52","date_gmt":"2025-08-27T22:20:52","guid":{"rendered":"https:\/\/roveyayinevi.com.tr\/index.php\/urun\/sen-buyurken\/"},"modified":"2026-04-16T02:53:54","modified_gmt":"2026-04-15T23:53:54","slug":"sen-buyurken","status":"publish","type":"product","link":"https:\/\/roveyayinevi.com.tr\/index.php\/urun\/sen-buyurken\/","title":{"rendered":"Sen B\u00fcy\u00fcrken"},"content":{"rendered":"<p>Anne rakun, yavrusunun elinden tutar ve birlikte bir yolculu\u011fa \u00e7\u0131karlar. K\u00fc\u00e7\u00fck rakunun hayatta nelerle kar\u015f\u0131la\u015fabilece\u011fini anlatan annesi, sevgi dolu \u00f6\u011f\u00fctleriyle yavrusunu hayata haz\u0131rlamaya \u00e7al\u0131\u015f\u0131r.<\/p>\n","protected":false},"excerpt":{"rendered":"<p>Anne rakun, yavrusunun elinden tutar ve birlikte bir yolculu\u011fa \u00e7\u0131karlar. K\u00fc\u00e7\u00fck rakunun hayatta nelerle kar\u015f\u0131la\u015fabilece\u011fini anlatan annesi, sevgi dolu \u00f6\u011f\u00fctleriyle yavrusunu hayata haz\u0131rlamaya \u00e7al\u0131\u015f\u0131r.<\/p>\n","protected":false},"featured_media":0,"template":"","meta":{"_monsterinsights_skip_tracking":false,"_monsterinsights_sitenote_active":false,"_monsterinsights_sitenote_note":"","_monsterinsights_sitenote_category":0},"product_brand":[],"product_cat":[12274,12518],"product_tag":[],"class_list":{"0":"post-742812","1":"product","2":"type-product","3":"status-publish","5":"product_cat-cocuk-ve-genclik-kitaplari","6":"product_cat-okul-oncesi-kitaplar","7":"pa_cilt-ciltsiz","8":"pa_tur-kitap","9":"pa_yayinevi-is-bankasi-kultur-yayinlari","10":"pa_yazar-milla-shan","12":"first","13":"instock","14":"sale","15":"shipping-taxable","16":"purchasable","17":"product-type-simple"},"_links":{"self":[{"href":"https:\/\/roveyayinevi.com.tr\/index.php\/wp-json\/wp\/v2\/product\/742812","targetHints":{"allow":["GET"]}}],"collection":[{"href":"https:\/\/roveyayinevi.com.tr\/index.php\/wp-json\/wp\/v2\/product"}],"about":[{"href":"https:\/\/roveyayinevi.com.tr\/index.php\/wp-json\/wp\/v2\/types\/product"}],"wp:attachment":[{"href":"https:\/\/roveyayinevi.com.tr\/index.php\/wp-json\/wp\/v2\/media?parent=742812"}],"wp:term":[{"taxonomy":"product_brand","embeddable":true,"href":"https:\/\/roveyayinevi.com.tr\/index.php\/wp-json\/wp\/v2\/product_brand?post=742812"},{"taxonomy":"product_cat","embeddable":true,"href":"https:\/\/roveyayinevi.com.tr\/index.php\/wp-json\/wp\/v2\/product_cat?post=742812"},{"taxonomy":"product_tag","embeddable":true,"href":"https:\/\/roveyayinevi.com.tr\/index.php\/wp-json\/wp\/v2\/product_tag?post=742812"}],"curies":[{"name":"wp","href":"https:\/\/api.w.org\/{rel}","templated":true}]}}