{"id":742811,"date":"2025-08-28T01:20:51","date_gmt":"2025-08-27T22:20:51","guid":{"rendered":"https:\/\/roveyayinevi.com.tr\/index.php\/urun\/melisa-ile-dort-mevsim\/"},"modified":"2026-04-16T02:53:54","modified_gmt":"2026-04-15T23:53:54","slug":"melisa-ile-dort-mevsim","status":"publish","type":"product","link":"https:\/\/roveyayinevi.com.tr\/index.php\/urun\/melisa-ile-dort-mevsim\/","title":{"rendered":"Melisa \u0130le D\u00f6rt Mevsim"},"content":{"rendered":"<p>Yaz, sonbahar, k\u0131\u015f, ilkbahar&#8230; Her mevsim \u00e7ok g\u00fczel. Hepsinde yap\u0131lacak pek \u00e7ok etkinlik var! Melisa\u2019ya d\u00f6rt mevsim boyunca e\u015flik etmek ister misin? Minikler, Melisa\u2019n\u0131n mini hik\u00e2yelerini okurken nesneleri ay\u0131rt etme, renkleri tan\u0131ma ve sayma becerilerini geli\u015ftirecek. <\/p>\n","protected":false},"excerpt":{"rendered":"<p>Yaz, sonbahar, k\u0131\u015f, ilkbahar&#8230; Her mevsim \u00e7ok g\u00fczel. Hepsinde yap\u0131lacak pek \u00e7ok etkinlik var! Melisa\u2019ya d\u00f6rt mevsim boyunca e\u015flik etmek ister misin? Minikler, Melisa\u2019n\u0131n mini hik\u00e2yelerini<span class=\"excerpt-hellip\"> [\u2026]<\/span><\/p>\n","protected":false},"featured_media":0,"template":"","meta":{"_monsterinsights_skip_tracking":false,"_monsterinsights_sitenote_active":false,"_monsterinsights_sitenote_note":"","_monsterinsights_sitenote_category":0},"product_brand":[],"product_cat":[12274,12518],"product_tag":[],"class_list":{"0":"post-742811","1":"product","2":"type-product","3":"status-publish","5":"product_cat-cocuk-ve-genclik-kitaplari","6":"product_cat-okul-oncesi-kitaplar","7":"pa_cilt-ciltsiz","8":"pa_tur-kitap","9":"pa_yayinevi-is-bankasi-kultur-yayinlari","10":"pa_yazar-natalie-marshall","12":"first","13":"instock","14":"sale","15":"shipping-taxable","16":"purchasable","17":"product-type-simple"},"_links":{"self":[{"href":"https:\/\/roveyayinevi.com.tr\/index.php\/wp-json\/wp\/v2\/product\/742811","targetHints":{"allow":["GET"]}}],"collection":[{"href":"https:\/\/roveyayinevi.com.tr\/index.php\/wp-json\/wp\/v2\/product"}],"about":[{"href":"https:\/\/roveyayinevi.com.tr\/index.php\/wp-json\/wp\/v2\/types\/product"}],"wp:attachment":[{"href":"https:\/\/roveyayinevi.com.tr\/index.php\/wp-json\/wp\/v2\/media?parent=742811"}],"wp:term":[{"taxonomy":"product_brand","embeddable":true,"href":"https:\/\/roveyayinevi.com.tr\/index.php\/wp-json\/wp\/v2\/product_brand?post=742811"},{"taxonomy":"product_cat","embeddable":true,"href":"https:\/\/roveyayinevi.com.tr\/index.php\/wp-json\/wp\/v2\/product_cat?post=742811"},{"taxonomy":"product_tag","embeddable":true,"href":"https:\/\/roveyayinevi.com.tr\/index.php\/wp-json\/wp\/v2\/product_tag?post=742811"}],"curies":[{"name":"wp","href":"https:\/\/api.w.org\/{rel}","templated":true}]}}