{"id":742809,"date":"2025-08-28T01:20:48","date_gmt":"2025-08-27T22:20:48","guid":{"rendered":"https:\/\/roveyayinevi.com.tr\/index.php\/urun\/caglar-ofkeli-ilk-okuma-kitabim\/"},"modified":"2026-04-16T02:53:54","modified_gmt":"2026-04-15T23:53:54","slug":"caglar-ofkeli-ilk-okuma-kitabim","status":"publish","type":"product","link":"https:\/\/roveyayinevi.com.tr\/index.php\/urun\/caglar-ofkeli-ilk-okuma-kitabim\/","title":{"rendered":"\u00c7a\u011flar \u00d6fkeli \u0130lk Okuma Kitab\u0131m"},"content":{"rendered":"<p>\u00c7a\u011flar anaokulunda birdenbire \u00f6fkesine yenik d\u00fc\u015ft\u00fc. Yapt\u0131\u011f\u0131 kule Batu\u2019nunki kadar g\u00fczel olmad\u0131. \u00dcstelik \u00c7a\u011flar\u2019\u0131n kulesini g\u00f6ren Batu, g\u00fclmeye ba\u015flad\u0131. \u00c7a\u011flar \u00e7ok \u00f6fkelendi ve kuleyi devirdi. Ah\u015fap par\u00e7alar etrafta u\u00e7u\u015furken bir tanesi neredeyse Pelin\u2019e \u00e7arp\u0131yordu. Funda \u00d6\u011fretmen, \u00c7a\u011flar\u2019\u0131 uyard\u0131. \u00c7a\u011flar\u2019\u0131n \u00f6fkelenmesi normal olabilirdi, ancak ah\u015fap par\u00e7alar\u0131 etrafa atmas\u0131 yanl\u0131\u015f bir davran\u0131\u015ft\u0131. \u00c7a\u011flar bir daha \u00f6fkelendi\u011finde \u00f6fkesini nas\u0131l yenebilir acaba? \u00c7ocuklar\u0131n duygu y\u00f6netimini \u00f6\u011frenmesine destek olmak amac\u0131yla haz\u0131rlanan bu kitab\u0131m\u0131zda \u00f6fke konusu anlat\u0131lmaktad\u0131r. \u00d6yk\u00fcm\u00fcz \u00f6zellikle \u00e7ocuklar\u0131n kendilerine ve ba\u015fkalar\u0131na zarar vermeden, \u00f6fkelerini nas\u0131l dile getirebileceklerini ve \u00f6fkelerinden nas\u0131l kurtulabileceklerini anlat\u0131yor. Uzman psikiyatr taraf\u0131ndan ebeveyn ve pedagoglar i\u00e7in yaz\u0131lm\u0131\u015f son s\u00f6z\u00fc kitab\u0131n sonunda bulabilirsiniz. <\/p>\n","protected":false},"excerpt":{"rendered":"<p>\u00c7a\u011flar anaokulunda birdenbire \u00f6fkesine yenik d\u00fc\u015ft\u00fc. Yapt\u0131\u011f\u0131 kule Batu\u2019nunki kadar g\u00fczel olmad\u0131. \u00dcstelik \u00c7a\u011flar\u2019\u0131n kulesini g\u00f6ren Batu, g\u00fclmeye ba\u015flad\u0131. \u00c7a\u011flar \u00e7ok \u00f6fkelendi ve kuleyi devirdi. Ah\u015fap<span class=\"excerpt-hellip\"> [\u2026]<\/span><\/p>\n","protected":false},"featured_media":0,"template":"","meta":{"_monsterinsights_skip_tracking":false,"_monsterinsights_sitenote_active":false,"_monsterinsights_sitenote_note":"","_monsterinsights_sitenote_category":0},"product_brand":[],"product_cat":[12274,12518],"product_tag":[],"class_list":{"0":"post-742809","1":"product","2":"type-product","3":"status-publish","5":"product_cat-cocuk-ve-genclik-kitaplari","6":"product_cat-okul-oncesi-kitaplar","7":"pa_cilt-ciltsiz","8":"pa_tur-kitap","9":"pa_yayinevi-is-bankasi-kultur-yayinlari","10":"pa_yazar-christian-tielmann","12":"first","13":"instock","14":"sale","15":"shipping-taxable","16":"purchasable","17":"product-type-simple"},"_links":{"self":[{"href":"https:\/\/roveyayinevi.com.tr\/index.php\/wp-json\/wp\/v2\/product\/742809","targetHints":{"allow":["GET"]}}],"collection":[{"href":"https:\/\/roveyayinevi.com.tr\/index.php\/wp-json\/wp\/v2\/product"}],"about":[{"href":"https:\/\/roveyayinevi.com.tr\/index.php\/wp-json\/wp\/v2\/types\/product"}],"wp:attachment":[{"href":"https:\/\/roveyayinevi.com.tr\/index.php\/wp-json\/wp\/v2\/media?parent=742809"}],"wp:term":[{"taxonomy":"product_brand","embeddable":true,"href":"https:\/\/roveyayinevi.com.tr\/index.php\/wp-json\/wp\/v2\/product_brand?post=742809"},{"taxonomy":"product_cat","embeddable":true,"href":"https:\/\/roveyayinevi.com.tr\/index.php\/wp-json\/wp\/v2\/product_cat?post=742809"},{"taxonomy":"product_tag","embeddable":true,"href":"https:\/\/roveyayinevi.com.tr\/index.php\/wp-json\/wp\/v2\/product_tag?post=742809"}],"curies":[{"name":"wp","href":"https:\/\/api.w.org\/{rel}","templated":true}]}}