{"id":742808,"date":"2025-08-28T01:20:47","date_gmt":"2025-08-27T22:20:47","guid":{"rendered":"https:\/\/roveyayinevi.com.tr\/index.php\/urun\/arkadasim-futbol-antrenoru-dunyayi-ogreniyorum\/"},"modified":"2026-04-16T02:53:54","modified_gmt":"2026-04-15T23:53:54","slug":"arkadasim-futbol-antrenoru-dunyayi-ogreniyorum","status":"publish","type":"product","link":"https:\/\/roveyayinevi.com.tr\/index.php\/urun\/arkadasim-futbol-antrenoru-dunyayi-ogreniyorum\/","title":{"rendered":"Arkada\u015f\u0131m Futbol Antren\u00f6r\u00fc D\u00fcnyay\u0131 \u00d6\u011freniyorum"},"content":{"rendered":"<p>Bar\u0131\u015f\u2019\u0131n hem ilgin\u00e7 hem de e\u011flenceli bir mesle\u011fi var. Kendisi futbol antren\u00f6r\u00fc. Sezon boyunca \u00e7al\u0131\u015ft\u0131rd\u0131\u011f\u0131 tak\u0131mla birlikte final ma\u00e7\u0131 \u00f6ncesinde antrenman yap\u0131yor. Antrenmanda tak\u0131ma taktikler veren antren\u00f6r\u00fcn bir de s\u00fcrprizi var. Tak\u0131m oyuncular\u0131, antren\u00f6rlerinden \u00f6\u011frendiklerini ma\u00e7ta uygulay\u0131p kupay\u0131 kazanacaklar m\u0131 acaba? Futbol antren\u00f6rl\u00fc\u011f\u00fc hakk\u0131nda daha fazla bilgiye sahip olmak isteyen \u00e7ocuklar i\u00e7in heyecanl\u0131 bir \u00f6yk\u00fc. <\/p>\n","protected":false},"excerpt":{"rendered":"<p>Bar\u0131\u015f\u2019\u0131n hem ilgin\u00e7 hem de e\u011flenceli bir mesle\u011fi var. Kendisi futbol antren\u00f6r\u00fc. Sezon boyunca \u00e7al\u0131\u015ft\u0131rd\u0131\u011f\u0131 tak\u0131mla birlikte final ma\u00e7\u0131 \u00f6ncesinde antrenman yap\u0131yor. Antrenmanda tak\u0131ma taktikler veren<span class=\"excerpt-hellip\"> [\u2026]<\/span><\/p>\n","protected":false},"featured_media":0,"template":"","meta":{"_monsterinsights_skip_tracking":false,"_monsterinsights_sitenote_active":false,"_monsterinsights_sitenote_note":"","_monsterinsights_sitenote_category":0},"product_brand":[],"product_cat":[12274,12518],"product_tag":[],"class_list":{"0":"post-742808","1":"product","2":"type-product","3":"status-publish","5":"product_cat-cocuk-ve-genclik-kitaplari","6":"product_cat-okul-oncesi-kitaplar","7":"pa_cilt-ciltsiz","8":"pa_tur-kitap","9":"pa_yayinevi-is-bankasi-kultur-yayinlari","10":"pa_yazar-ralf-butschkow","12":"first","13":"instock","14":"sale","15":"shipping-taxable","16":"purchasable","17":"product-type-simple"},"_links":{"self":[{"href":"https:\/\/roveyayinevi.com.tr\/index.php\/wp-json\/wp\/v2\/product\/742808","targetHints":{"allow":["GET"]}}],"collection":[{"href":"https:\/\/roveyayinevi.com.tr\/index.php\/wp-json\/wp\/v2\/product"}],"about":[{"href":"https:\/\/roveyayinevi.com.tr\/index.php\/wp-json\/wp\/v2\/types\/product"}],"wp:attachment":[{"href":"https:\/\/roveyayinevi.com.tr\/index.php\/wp-json\/wp\/v2\/media?parent=742808"}],"wp:term":[{"taxonomy":"product_brand","embeddable":true,"href":"https:\/\/roveyayinevi.com.tr\/index.php\/wp-json\/wp\/v2\/product_brand?post=742808"},{"taxonomy":"product_cat","embeddable":true,"href":"https:\/\/roveyayinevi.com.tr\/index.php\/wp-json\/wp\/v2\/product_cat?post=742808"},{"taxonomy":"product_tag","embeddable":true,"href":"https:\/\/roveyayinevi.com.tr\/index.php\/wp-json\/wp\/v2\/product_tag?post=742808"}],"curies":[{"name":"wp","href":"https:\/\/api.w.org\/{rel}","templated":true}]}}