{"id":742807,"date":"2025-08-28T01:20:46","date_gmt":"2025-08-27T22:20:46","guid":{"rendered":"https:\/\/roveyayinevi.com.tr\/index.php\/urun\/nicolai-hartmann-takiyettin-mengusoglu-felsefi-tartisma-cevreleri-berlin-istanbul\/"},"modified":"2026-04-16T02:53:54","modified_gmt":"2026-04-15T23:53:54","slug":"nicolai-hartmann-takiyettin-mengusoglu-felsefi-tartisma-cevreleri-berlin-istanbul","status":"publish","type":"product","link":"https:\/\/roveyayinevi.com.tr\/index.php\/urun\/nicolai-hartmann-takiyettin-mengusoglu-felsefi-tartisma-cevreleri-berlin-istanbul\/","title":{"rendered":"Nicolai Hartmann-Takiyettin Meng\u00fc\u015fo\u011flu, Felsefi Tart\u0131\u015fma \u00c7evreleri: Berlin-\u0130stanbul"},"content":{"rendered":"<p>Nicolai Hartmann Marburg\u2019da ordinary\u00fcs olduktan sonra en se\u00e7kin \u00f6\u011frencilerini ak\u015famlar\u0131 evine davet ediyor ve ge\u00e7 saatlere kadar onlarla felsefi tart\u0131\u015fmalar yap\u0131yordu. Her d\u00f6nem belirli bir felsefe problemine yo\u011funla\u015fan bu tart\u0131\u015fmalara d\u00fc\u015f\u00fcn\u00fcr\u00fcn verdi\u011fi ad \u00abfelsefi tart\u0131\u015fma \u00e7evresi\u00bb idi. 1920-1950 y\u0131llar\u0131nda 40\u2019tan fazla say\u0131da ger\u00e7ekle\u015fen bu \u00e7evrelere 1935-1938 aras\u0131nda Berlin\u2019de \u00f6\u011frenim g\u00f6rmekte olan Takiyettin Meng\u00fc\u015fo\u011flu da kat\u0131ld\u0131. Hartmann\u2019\u0131n tek T\u00fcrk doktora \u00f6\u011frencisi olan Meng\u00fc\u015fo\u011flu\u2019nun T\u00fcrkiye\u2019de de ayn\u0131 \u015fekilde az say\u0131daki \u00f6\u011frencileriyle \u00abfelsefi tart\u0131\u015fma \u00e7evresi\u00bb d\u00fczenledi\u011fini biliyoruz. Bu kitapta Meng\u00fc\u015fo\u011flu\u2019nun Berlin\u2019de kat\u0131ld\u0131\u011f\u0131 Yan\u0131lman\u0131n \u0130\u015flevi (G\u00fcz D\u00f6nemi 1935\/36) ve Kavramlar\u0131n De\u011fi\u015fimi Hakk\u0131nda (Bahar D\u00f6nemi 1937) ba\u015fl\u0131kl\u0131 tart\u0131\u015fma \u00e7evrelerinin yan\u0131 s\u0131ra, onun \u0130stanbul\u2019da d\u00fczenledi\u011fi Fikirlerin Soysuzla\u015fmas\u0131 Hakk\u0131nda (G\u00fcz D\u00f6nemi 1962\/63) ba\u015fl\u0131kl\u0131 tart\u0131\u015fma \u00e7evresinin notlar\u0131 yer al\u0131yor. Bu notlar filozoflar\u0131n y\u00f6netiminde ger\u00e7ekle\u015ftirilen tart\u0131\u015fmalar esnas\u0131nda felsefi d\u00fc\u015f\u00fcncelerin nas\u0131l geli\u015ftirildi\u011fine ve terimlerin nas\u0131l kavramla\u015ft\u0131r\u0131ld\u0131\u011f\u0131na m\u00fckemmel \u00f6rnekler veriyor. Platon\u2019un diyaloglar\u0131nda neredeyse sadece Sokrates bunu yaparken Hartmann kavramla\u015ft\u0131rmay\u0131 \u00f6\u011frencilerinin katk\u0131lar\u0131yla ger\u00e7ekle\u015ftiriyor. Bu i\u015flevi sayesinde felsefi tart\u0131\u015fma \u00e7evrelerinin notlar\u0131 felsefe d\u00fcnyas\u0131nda yeni bir yaz\u0131n t\u00fcr\u00fc olarak kar\u015f\u0131m\u0131za \u00e7\u0131k\u0131yor.  <\/p>\n","protected":false},"excerpt":{"rendered":"<p>Nicolai Hartmann Marburg\u2019da ordinary\u00fcs olduktan sonra en se\u00e7kin \u00f6\u011frencilerini ak\u015famlar\u0131 evine davet ediyor ve ge\u00e7 saatlere kadar onlarla felsefi tart\u0131\u015fmalar yap\u0131yordu. Her d\u00f6nem belirli bir felsefe<span class=\"excerpt-hellip\"> [\u2026]<\/span><\/p>\n","protected":false},"featured_media":0,"template":"","meta":{"_monsterinsights_skip_tracking":false,"_monsterinsights_sitenote_active":false,"_monsterinsights_sitenote_note":"","_monsterinsights_sitenote_category":0},"product_brand":[],"product_cat":[12388],"product_tag":[],"class_list":{"0":"post-742807","1":"product","2":"type-product","3":"status-publish","5":"product_cat-felsefe","6":"pa_cilt-ciltsiz","7":"pa_tur-kitap","8":"pa_yayinevi-turkiye-felsefe-kurumu","9":"pa_yazar-yusuf-ornek","11":"first","12":"instock","13":"sale","14":"shipping-taxable","15":"purchasable","16":"product-type-simple"},"_links":{"self":[{"href":"https:\/\/roveyayinevi.com.tr\/index.php\/wp-json\/wp\/v2\/product\/742807","targetHints":{"allow":["GET"]}}],"collection":[{"href":"https:\/\/roveyayinevi.com.tr\/index.php\/wp-json\/wp\/v2\/product"}],"about":[{"href":"https:\/\/roveyayinevi.com.tr\/index.php\/wp-json\/wp\/v2\/types\/product"}],"wp:attachment":[{"href":"https:\/\/roveyayinevi.com.tr\/index.php\/wp-json\/wp\/v2\/media?parent=742807"}],"wp:term":[{"taxonomy":"product_brand","embeddable":true,"href":"https:\/\/roveyayinevi.com.tr\/index.php\/wp-json\/wp\/v2\/product_brand?post=742807"},{"taxonomy":"product_cat","embeddable":true,"href":"https:\/\/roveyayinevi.com.tr\/index.php\/wp-json\/wp\/v2\/product_cat?post=742807"},{"taxonomy":"product_tag","embeddable":true,"href":"https:\/\/roveyayinevi.com.tr\/index.php\/wp-json\/wp\/v2\/product_tag?post=742807"}],"curies":[{"name":"wp","href":"https:\/\/api.w.org\/{rel}","templated":true}]}}