{"id":742806,"date":"2025-08-28T01:20:45","date_gmt":"2025-08-27T22:20:45","guid":{"rendered":"https:\/\/roveyayinevi.com.tr\/index.php\/urun\/elif-bale-yapiyor-ilk-okuma-kitabim\/"},"modified":"2026-04-16T02:53:54","modified_gmt":"2026-04-15T23:53:54","slug":"elif-bale-yapiyor-ilk-okuma-kitabim","status":"publish","type":"product","link":"https:\/\/roveyayinevi.com.tr\/index.php\/urun\/elif-bale-yapiyor-ilk-okuma-kitabim\/","title":{"rendered":"Elif Bale Yap\u0131yor &#8211; \u0130lk Okuma Kitab\u0131m"},"content":{"rendered":"<p>Elif bale derslerine ba\u015flad\u0131\u011f\u0131nda \u00e7ok mutlu oldu. Di\u011fer \u00e7ocuklarla birlikte parmak ucunda dans etmek, ku\u011fu gibi s\u00fcz\u00fclmek ve m\u00fczikle hareket etmek \u00e7ok e\u011flenceliydi. Birka\u00e7 dersin sonunda sahneye \u00e7\u0131k\u0131p seyircilerin kar\u015f\u0131s\u0131nda bale yapaca\u011f\u0131n\u0131 \u00f6\u011frenen Elif, heyecanla g\u00f6steri g\u00fcn\u00fcn\u00fc beklemeye ba\u015flad\u0131.<\/p>\n","protected":false},"excerpt":{"rendered":"<p>Elif bale derslerine ba\u015flad\u0131\u011f\u0131nda \u00e7ok mutlu oldu. Di\u011fer \u00e7ocuklarla birlikte parmak ucunda dans etmek, ku\u011fu gibi s\u00fcz\u00fclmek ve m\u00fczikle hareket etmek \u00e7ok e\u011flenceliydi. Birka\u00e7 dersin sonunda<span class=\"excerpt-hellip\"> [\u2026]<\/span><\/p>\n","protected":false},"featured_media":0,"template":"","meta":{"_monsterinsights_skip_tracking":false,"_monsterinsights_sitenote_active":false,"_monsterinsights_sitenote_note":"","_monsterinsights_sitenote_category":0},"product_brand":[],"product_cat":[12274],"product_tag":[],"class_list":{"0":"post-742806","1":"product","2":"type-product","3":"status-publish","5":"product_cat-cocuk-ve-genclik-kitaplari","6":"pa_cilt-ciltsiz","7":"pa_tur-kitap","8":"pa_yayinevi-is-bankasi-kultur-yayinlari","9":"pa_yazar-liane-schneider","11":"first","12":"instock","13":"sale","14":"shipping-taxable","15":"purchasable","16":"product-type-simple"},"_links":{"self":[{"href":"https:\/\/roveyayinevi.com.tr\/index.php\/wp-json\/wp\/v2\/product\/742806","targetHints":{"allow":["GET"]}}],"collection":[{"href":"https:\/\/roveyayinevi.com.tr\/index.php\/wp-json\/wp\/v2\/product"}],"about":[{"href":"https:\/\/roveyayinevi.com.tr\/index.php\/wp-json\/wp\/v2\/types\/product"}],"wp:attachment":[{"href":"https:\/\/roveyayinevi.com.tr\/index.php\/wp-json\/wp\/v2\/media?parent=742806"}],"wp:term":[{"taxonomy":"product_brand","embeddable":true,"href":"https:\/\/roveyayinevi.com.tr\/index.php\/wp-json\/wp\/v2\/product_brand?post=742806"},{"taxonomy":"product_cat","embeddable":true,"href":"https:\/\/roveyayinevi.com.tr\/index.php\/wp-json\/wp\/v2\/product_cat?post=742806"},{"taxonomy":"product_tag","embeddable":true,"href":"https:\/\/roveyayinevi.com.tr\/index.php\/wp-json\/wp\/v2\/product_tag?post=742806"}],"curies":[{"name":"wp","href":"https:\/\/api.w.org\/{rel}","templated":true}]}}