{"id":742805,"date":"2025-08-28T01:20:43","date_gmt":"2025-08-27T22:20:43","guid":{"rendered":"https:\/\/roveyayinevi.com.tr\/index.php\/urun\/anaokulunda-sonbaha-eglenceli-bilim\/"},"modified":"2026-04-16T02:53:54","modified_gmt":"2026-04-15T23:53:54","slug":"anaokulunda-sonbaha-eglenceli-bilim","status":"publish","type":"product","link":"https:\/\/roveyayinevi.com.tr\/index.php\/urun\/anaokulunda-sonbaha-eglenceli-bilim\/","title":{"rendered":"Anaokulunda Sonbaha-E\u011flenceli Bilim"},"content":{"rendered":"<p>K\u00fc\u00e7\u00fck Aslanlar, s\u0131n\u0131fa yeni kat\u0131lan Selma\u2019y\u0131 dinlerken bah\u00e7ede bir g\u00fcr\u00fclt\u00fc koptu: Bah\u00e7edeki \u015femsiye r\u00fczg\u00e2rdan sallan\u0131p devrilmi\u015fti. \u00c7ocuklar, \u00f6\u011fretmenleriyle birlikte d\u0131\u015far\u0131 \u00e7\u0131karak bah\u00e7eyi d\u00fczenlediler. Toplad\u0131klar\u0131 kestanelerden hayvan fig\u00fcrleri yapt\u0131lar. Yemekte patatesli bal kaba\u011f\u0131 \u00e7orbas\u0131 i\u00e7tiler. Sonra da u\u00e7urtma u\u00e7urmay\u0131 \u00f6\u011frendiler. Sonbahar ne kadar g\u00fczel bir mevsim.<\/p>\n","protected":false},"excerpt":{"rendered":"<p>K\u00fc\u00e7\u00fck Aslanlar, s\u0131n\u0131fa yeni kat\u0131lan Selma\u2019y\u0131 dinlerken bah\u00e7ede bir g\u00fcr\u00fclt\u00fc koptu: Bah\u00e7edeki \u015femsiye r\u00fczg\u00e2rdan sallan\u0131p devrilmi\u015fti. \u00c7ocuklar, \u00f6\u011fretmenleriyle birlikte d\u0131\u015far\u0131 \u00e7\u0131karak bah\u00e7eyi d\u00fczenlediler. Toplad\u0131klar\u0131 kestanelerden hayvan<span class=\"excerpt-hellip\"> [\u2026]<\/span><\/p>\n","protected":false},"featured_media":0,"template":"","meta":{"_monsterinsights_skip_tracking":false,"_monsterinsights_sitenote_active":false,"_monsterinsights_sitenote_note":"","_monsterinsights_sitenote_category":0},"product_brand":[],"product_cat":[12274,12518],"product_tag":[],"class_list":{"0":"post-742805","1":"product","2":"type-product","3":"status-publish","5":"product_cat-cocuk-ve-genclik-kitaplari","6":"product_cat-okul-oncesi-kitaplar","7":"pa_cilt-ciltsiz","8":"pa_tur-kitap","9":"pa_yayinevi-is-bankasi-kultur-yayinlari","10":"pa_yazar-sandra-ladwig","12":"first","13":"instock","14":"sale","15":"shipping-taxable","16":"purchasable","17":"product-type-simple"},"_links":{"self":[{"href":"https:\/\/roveyayinevi.com.tr\/index.php\/wp-json\/wp\/v2\/product\/742805","targetHints":{"allow":["GET"]}}],"collection":[{"href":"https:\/\/roveyayinevi.com.tr\/index.php\/wp-json\/wp\/v2\/product"}],"about":[{"href":"https:\/\/roveyayinevi.com.tr\/index.php\/wp-json\/wp\/v2\/types\/product"}],"wp:attachment":[{"href":"https:\/\/roveyayinevi.com.tr\/index.php\/wp-json\/wp\/v2\/media?parent=742805"}],"wp:term":[{"taxonomy":"product_brand","embeddable":true,"href":"https:\/\/roveyayinevi.com.tr\/index.php\/wp-json\/wp\/v2\/product_brand?post=742805"},{"taxonomy":"product_cat","embeddable":true,"href":"https:\/\/roveyayinevi.com.tr\/index.php\/wp-json\/wp\/v2\/product_cat?post=742805"},{"taxonomy":"product_tag","embeddable":true,"href":"https:\/\/roveyayinevi.com.tr\/index.php\/wp-json\/wp\/v2\/product_tag?post=742805"}],"curies":[{"name":"wp","href":"https:\/\/api.w.org\/{rel}","templated":true}]}}