{"id":742804,"date":"2025-08-28T01:20:42","date_gmt":"2025-08-27T22:20:42","guid":{"rendered":"https:\/\/roveyayinevi.com.tr\/index.php\/urun\/lili-ruzgargulu\/"},"modified":"2026-04-16T02:53:54","modified_gmt":"2026-04-15T23:53:54","slug":"lili-ruzgargulu","status":"publish","type":"product","link":"https:\/\/roveyayinevi.com.tr\/index.php\/urun\/lili-ruzgargulu\/","title":{"rendered":"Lili R\u00fczgarg\u00fcl\u00fc"},"content":{"rendered":"<p>Lili\u2019nin hayvanlarla konu\u015fma yetene\u011fi oldu\u011funu biliyor musun? Lili bu kez arkada\u015f\u0131n\u0131n bar\u0131naktan alarak sahiplendi\u011fi Mambo\u2019nun neden \u00fczg\u00fcn oldu\u011funu \u00f6\u011frenip, ona yard\u0131m etmeye \u00e7al\u0131\u015facak. Hayvan dostlar\u0131 i\u00e7in sevgi dolu bir macera\u2026 <\/p>\n","protected":false},"excerpt":{"rendered":"<p>Lili\u2019nin hayvanlarla konu\u015fma yetene\u011fi oldu\u011funu biliyor musun? Lili bu kez arkada\u015f\u0131n\u0131n bar\u0131naktan alarak sahiplendi\u011fi Mambo\u2019nun neden \u00fczg\u00fcn oldu\u011funu \u00f6\u011frenip, ona yard\u0131m etmeye \u00e7al\u0131\u015facak. Hayvan dostlar\u0131 i\u00e7in<span class=\"excerpt-hellip\"> [\u2026]<\/span><\/p>\n","protected":false},"featured_media":0,"template":"","meta":{"_monsterinsights_skip_tracking":false,"_monsterinsights_sitenote_active":false,"_monsterinsights_sitenote_note":"","_monsterinsights_sitenote_category":0},"product_brand":[],"product_cat":[12275,12274],"product_tag":[],"class_list":{"0":"post-742804","1":"product","2":"type-product","3":"status-publish","5":"product_cat-6-12-yas-kitaplari","6":"product_cat-cocuk-ve-genclik-kitaplari","7":"pa_cilt-ciltsiz","8":"pa_tur-kitap","9":"pa_yayinevi-is-bankasi-kultur-yayinlari","10":"pa_yazar-tanya-stewner","12":"first","13":"instock","14":"sale","15":"shipping-taxable","16":"purchasable","17":"product-type-simple"},"_links":{"self":[{"href":"https:\/\/roveyayinevi.com.tr\/index.php\/wp-json\/wp\/v2\/product\/742804","targetHints":{"allow":["GET"]}}],"collection":[{"href":"https:\/\/roveyayinevi.com.tr\/index.php\/wp-json\/wp\/v2\/product"}],"about":[{"href":"https:\/\/roveyayinevi.com.tr\/index.php\/wp-json\/wp\/v2\/types\/product"}],"wp:attachment":[{"href":"https:\/\/roveyayinevi.com.tr\/index.php\/wp-json\/wp\/v2\/media?parent=742804"}],"wp:term":[{"taxonomy":"product_brand","embeddable":true,"href":"https:\/\/roveyayinevi.com.tr\/index.php\/wp-json\/wp\/v2\/product_brand?post=742804"},{"taxonomy":"product_cat","embeddable":true,"href":"https:\/\/roveyayinevi.com.tr\/index.php\/wp-json\/wp\/v2\/product_cat?post=742804"},{"taxonomy":"product_tag","embeddable":true,"href":"https:\/\/roveyayinevi.com.tr\/index.php\/wp-json\/wp\/v2\/product_tag?post=742804"}],"curies":[{"name":"wp","href":"https:\/\/api.w.org\/{rel}","templated":true}]}}