{"id":742803,"date":"2025-08-28T01:20:40","date_gmt":"2025-08-27T22:20:40","guid":{"rendered":"https:\/\/roveyayinevi.com.tr\/index.php\/urun\/iste-mert-mertin-cesareti-kendini-korumak\/"},"modified":"2026-04-16T02:53:54","modified_gmt":"2026-04-15T23:53:54","slug":"iste-mert-mertin-cesareti-kendini-korumak","status":"publish","type":"product","link":"https:\/\/roveyayinevi.com.tr\/index.php\/urun\/iste-mert-mertin-cesareti-kendini-korumak\/","title":{"rendered":"\u0130\u015fte Mert !- Mert&#8217;in Cesareti-Kendini Korumak"},"content":{"rendered":"<p>Mert, en iyi arkada\u015f\u0131 Beren\u2019le oyun oynuyordu. Bulduklar\u0131 bir tahta blo\u011fundan k\u00f6pr\u00fc yapt\u0131lar. Beren, k\u00f6pr\u00fcye \u00e7\u0131kmak istedi ama Mert bunun tehlikeli bir \u015fey oldu\u011funun fark\u0131ndayd\u0131. Ama arkada\u015f\u0131na cesaretini kan\u0131tlamak zorunda oldu\u011funu d\u00fc\u015f\u00fcnd\u00fc. Peki, cesaret nedir? Sadece ba\u015fkas\u0131na kendimizi ispatlamak i\u00e7in istemedi\u011fimiz \u015feyleri yapmak m\u0131, yoksa \u201cHay\u0131r!\u201d diyebilmek mi? Kendini koruman\u0131n, hislerine g\u00fcvenmenin ve duygular\u0131n\u0131 belli etmekten \u00e7ekinmemenin \u00f6nemini anlatan, ger\u00e7ek cesaretin ne oldu\u011funu g\u00f6steren bir hik\u00e2ye. <\/p>\n","protected":false},"excerpt":{"rendered":"<p>Mert, en iyi arkada\u015f\u0131 Beren\u2019le oyun oynuyordu. Bulduklar\u0131 bir tahta blo\u011fundan k\u00f6pr\u00fc yapt\u0131lar. Beren, k\u00f6pr\u00fcye \u00e7\u0131kmak istedi ama Mert bunun tehlikeli bir \u015fey oldu\u011funun fark\u0131ndayd\u0131. Ama<span class=\"excerpt-hellip\"> [\u2026]<\/span><\/p>\n","protected":false},"featured_media":0,"template":"","meta":{"_monsterinsights_skip_tracking":false,"_monsterinsights_sitenote_active":false,"_monsterinsights_sitenote_note":"","_monsterinsights_sitenote_category":0},"product_brand":[],"product_cat":[12275,12274],"product_tag":[],"class_list":{"0":"post-742803","1":"product","2":"type-product","3":"status-publish","5":"product_cat-6-12-yas-kitaplari","6":"product_cat-cocuk-ve-genclik-kitaplari","7":"pa_cilt-ciltsiz","8":"pa_tur-kitap","9":"pa_yayinevi-is-bankasi-kultur-yayinlari","10":"pa_yazar-sally-rippin","12":"first","13":"instock","14":"sale","15":"shipping-taxable","16":"purchasable","17":"product-type-simple"},"_links":{"self":[{"href":"https:\/\/roveyayinevi.com.tr\/index.php\/wp-json\/wp\/v2\/product\/742803","targetHints":{"allow":["GET"]}}],"collection":[{"href":"https:\/\/roveyayinevi.com.tr\/index.php\/wp-json\/wp\/v2\/product"}],"about":[{"href":"https:\/\/roveyayinevi.com.tr\/index.php\/wp-json\/wp\/v2\/types\/product"}],"wp:attachment":[{"href":"https:\/\/roveyayinevi.com.tr\/index.php\/wp-json\/wp\/v2\/media?parent=742803"}],"wp:term":[{"taxonomy":"product_brand","embeddable":true,"href":"https:\/\/roveyayinevi.com.tr\/index.php\/wp-json\/wp\/v2\/product_brand?post=742803"},{"taxonomy":"product_cat","embeddable":true,"href":"https:\/\/roveyayinevi.com.tr\/index.php\/wp-json\/wp\/v2\/product_cat?post=742803"},{"taxonomy":"product_tag","embeddable":true,"href":"https:\/\/roveyayinevi.com.tr\/index.php\/wp-json\/wp\/v2\/product_tag?post=742803"}],"curies":[{"name":"wp","href":"https:\/\/api.w.org\/{rel}","templated":true}]}}